{"id":1154,"date":"2017-09-24T23:45:19","date_gmt":"2017-09-24T21:45:19","guid":{"rendered":"https:\/\/apiterapidernegi.org\/%d8%a7%d8%aa%d8%b5%d9%84-%d8%a8%d9%86%d8%a7\/"},"modified":"2026-01-17T19:37:09","modified_gmt":"2026-01-17T16:37:09","slug":"%d8%a7%d8%aa%d8%b5%d9%84-%d8%a8%d9%86%d8%a7","status":"publish","type":"page","link":"https:\/\/apiterapidernegi.org\/ar\/%d8%a7%d8%aa%d8%b5%d9%84-%d8%a8%d9%86%d8%a7\/","title":{"rendered":"\u0627\u062a\u0635\u0644 \u0628\u0646\u0627"},"content":{"rendered":"<p>[et_pb_section fb_built=&#8221;1&#8243; admin_label=&#8221;section&#8221; _builder_version=&#8221;4.16&#8243; global_colors_info=&#8221;{}&#8221;][et_pb_row admin_label=&#8221;row&#8221; _builder_version=&#8221;4.16&#8243; background_size=&#8221;initial&#8221; background_position=&#8221;top_left&#8221; background_repeat=&#8221;repeat&#8221; global_colors_info=&#8221;{}&#8221;][et_pb_column type=&#8221;4_4&#8243; _builder_version=&#8221;4.16&#8243; custom_padding=&#8221;|||&#8221; global_colors_info=&#8221;{}&#8221; custom_padding__hover=&#8221;|||&#8221;][et_pb_map address=&#8221;Konaklar Mahallesi, Aka\u011fa\u00e7 Soka\u011f\u0131 No:7, 34330 Be\u015fikta\u015f\/Istanbul, Turkey&#8221; address_lat=&#8221;41.085995094767306&#8243; address_lng=&#8221;29.01286146693416&#8243; admin_label=&#8221;Harita&#8221; _builder_version=&#8221;4.16&#8243; global_colors_info=&#8221;{}&#8221;][et_pb_map_pin title=&#8221;\u0627\u0644\u0645\u0631\u0643\u0632 \u0627\u0644\u0639\u0644\u0627\u062c \u0628\u0627\u0644\u0646\u062d\u0644 (\u0623\u0628\u064a\u062b\u064a\u0631\u0627\u0628\u064a) \u0627\u0644\u062a\u0631\u0643\u064a&#8221; pin_address=&#8221;Konaklar Mahallesi, Aka\u011fa\u00e7 Soka\u011f\u0131 No:10, 34330 Be\u015fikta\u015f\/Istanbul, Turkey&#8221; pin_address_lat=&#8221;41.086027441086344&#8243; pin_address_lng=&#8221;29.01279709391781&#8243; _builder_version=&#8221;3.0.75&#8243; global_colors_info=&#8221;{}&#8221;][\/et_pb_map_pin][\/et_pb_map][\/et_pb_column][\/et_pb_row][et_pb_row admin_label=&#8221;Sat\u0131r&#8221; _builder_version=&#8221;4.16&#8243; background_size=&#8221;initial&#8221; background_position=&#8221;top_left&#8221; background_repeat=&#8221;repeat&#8221; global_colors_info=&#8221;{}&#8221; column_structure=&#8221;2_3,1_3&#8243;][et_pb_column type=&#8221;2_3&#8243; _builder_version=&#8221;4.16&#8243; custom_padding=&#8221;|||&#8221; global_colors_info=&#8221;{}&#8221; custom_padding__hover=&#8221;|||&#8221;][et_pb_contact_form email=&#8221;info@apiterapidernegi.org&#8221; title=&#8221;\u0627\u062a\u0635\u0644 \u0628\u0627\u0644\u062c\u0645\u0639\u064a\u0629 \u0627\u0644\u0639\u0644\u0627\u062c \u0628\u0627\u0644\u0646\u062d\u0644 (\u0623\u0628\u064a\u062b\u064a\u0631\u0627\u0628\u064a) \u0627\u0644\u062a\u0631\u0643\u064a\u0629&#8221; admin_label=&#8221;\u00ddleti\u00feim Formu&#8221; module_id=&#8221;et_pb_contact_form_0&#8243; _builder_version=&#8221;4.27.4&#8243; _unique_id=&#8221;e999d109-c765-401a-a349-7278afc9ada9&#8243; title_font=&#8221;Aref Ruqaa||||||||&#8221; title_font_size=&#8221;35px&#8221; form_field_font=&#8221;||||||||&#8221; hover_enabled=&#8221;0&#8243; global_colors_info=&#8221;{}&#8221; sticky_enabled=&#8221;0&#8243;][et_pb_contact_field field_id=&#8221;\u0627\u0644\u0625\u0633\u0645&#8221; field_title=&#8221;\u0627\u0644\u0625\u0633\u0645*&#8221; _builder_version=&#8221;4.16&#8243; form_field_font=&#8221;Aref Ruqaa||||||||&#8221; form_field_font_size=&#8221;22px&#8221; use_border_color=&#8221;off&#8221; global_colors_info=&#8221;{}&#8221; button_text_size__hover_enabled=&#8221;off&#8221; button_one_text_size__hover_enabled=&#8221;off&#8221; button_two_text_size__hover_enabled=&#8221;off&#8221; button_text_color__hover_enabled=&#8221;off&#8221; button_one_text_color__hover_enabled=&#8221;off&#8221; button_two_text_color__hover_enabled=&#8221;off&#8221; button_border_width__hover_enabled=&#8221;off&#8221; button_one_border_width__hover_enabled=&#8221;off&#8221; button_two_border_width__hover_enabled=&#8221;off&#8221; button_border_color__hover_enabled=&#8221;off&#8221; button_one_border_color__hover_enabled=&#8221;off&#8221; button_two_border_color__hover_enabled=&#8221;off&#8221; button_border_radius__hover_enabled=&#8221;off&#8221; button_one_border_radius__hover_enabled=&#8221;off&#8221; button_two_border_radius__hover_enabled=&#8221;off&#8221; button_letter_spacing__hover_enabled=&#8221;off&#8221; button_one_letter_spacing__hover_enabled=&#8221;off&#8221; button_two_letter_spacing__hover_enabled=&#8221;off&#8221; button_bg_color__hover_enabled=&#8221;off&#8221; button_one_bg_color__hover_enabled=&#8221;off&#8221; button_two_bg_color__hover_enabled=&#8221;off&#8221;] [\/et_pb_contact_field][et_pb_contact_field field_id=&#8221;\u0627\u0644\u0646\u0633\u0628\u0629&#8221; field_title=&#8221;\u0627\u0644\u0646\u0633\u0628\u0629*&#8221; _builder_version=&#8221;4.16&#8243; form_field_font=&#8221;Aref Ruqaa||||||||&#8221; form_field_font_size=&#8221;22px&#8221; use_border_color=&#8221;off&#8221; global_colors_info=&#8221;{}&#8221; button_text_size__hover_enabled=&#8221;off&#8221; button_one_text_size__hover_enabled=&#8221;off&#8221; button_two_text_size__hover_enabled=&#8221;off&#8221; button_text_color__hover_enabled=&#8221;off&#8221; button_one_text_color__hover_enabled=&#8221;off&#8221; button_two_text_color__hover_enabled=&#8221;off&#8221; button_border_width__hover_enabled=&#8221;off&#8221; button_one_border_width__hover_enabled=&#8221;off&#8221; button_two_border_width__hover_enabled=&#8221;off&#8221; button_border_color__hover_enabled=&#8221;off&#8221; button_one_border_color__hover_enabled=&#8221;off&#8221; button_two_border_color__hover_enabled=&#8221;off&#8221; button_border_radius__hover_enabled=&#8221;off&#8221; button_one_border_radius__hover_enabled=&#8221;off&#8221; button_two_border_radius__hover_enabled=&#8221;off&#8221; button_letter_spacing__hover_enabled=&#8221;off&#8221; button_one_letter_spacing__hover_enabled=&#8221;off&#8221; button_two_letter_spacing__hover_enabled=&#8221;off&#8221; button_bg_color__hover_enabled=&#8221;off&#8221; button_one_bg_color__hover_enabled=&#8221;off&#8221; button_two_bg_color__hover_enabled=&#8221;off&#8221;] [\/et_pb_contact_field][et_pb_contact_field field_id=&#8221;Eposta&#8221; field_title=&#8221;\u0627\u0644\u0628\u0631\u064a\u062f \u0627\u0644\u0625\u0644\u0643\u062a\u0631\u0648\u0646\u064a*&#8221; field_type=&#8221;email&#8221; _builder_version=&#8221;4.16&#8243; form_field_font=&#8221;Aref Ruqaa||||||||&#8221; form_field_font_size=&#8221;22px&#8221; use_border_color=&#8221;off&#8221; global_colors_info=&#8221;{}&#8221; button_text_size__hover_enabled=&#8221;off&#8221; button_one_text_size__hover_enabled=&#8221;off&#8221; button_two_text_size__hover_enabled=&#8221;off&#8221; button_text_color__hover_enabled=&#8221;off&#8221; button_one_text_color__hover_enabled=&#8221;off&#8221; button_two_text_color__hover_enabled=&#8221;off&#8221; button_border_width__hover_enabled=&#8221;off&#8221; button_one_border_width__hover_enabled=&#8221;off&#8221; button_two_border_width__hover_enabled=&#8221;off&#8221; button_border_color__hover_enabled=&#8221;off&#8221; button_one_border_color__hover_enabled=&#8221;off&#8221; button_two_border_color__hover_enabled=&#8221;off&#8221; button_border_radius__hover_enabled=&#8221;off&#8221; button_one_border_radius__hover_enabled=&#8221;off&#8221; button_two_border_radius__hover_enabled=&#8221;off&#8221; button_letter_spacing__hover_enabled=&#8221;off&#8221; button_one_letter_spacing__hover_enabled=&#8221;off&#8221; button_two_letter_spacing__hover_enabled=&#8221;off&#8221; button_bg_color__hover_enabled=&#8221;off&#8221; button_one_bg_color__hover_enabled=&#8221;off&#8221; button_two_bg_color__hover_enabled=&#8221;off&#8221;] [\/et_pb_contact_field][et_pb_contact_field field_id=&#8221;\u0647\u0627\u062a\u0641&#8221; field_title=&#8221;\u0627\u0644\u0647\u0627\u062a\u0641&#8221; required_mark=&#8221;off&#8221; _builder_version=&#8221;4.16&#8243; form_field_font=&#8221;Aref Ruqaa||||||||&#8221; form_field_font_size=&#8221;22px&#8221; use_border_color=&#8221;off&#8221; global_colors_info=&#8221;{}&#8221; button_text_size__hover_enabled=&#8221;off&#8221; button_one_text_size__hover_enabled=&#8221;off&#8221; button_two_text_size__hover_enabled=&#8221;off&#8221; button_text_color__hover_enabled=&#8221;off&#8221; button_one_text_color__hover_enabled=&#8221;off&#8221; button_two_text_color__hover_enabled=&#8221;off&#8221; button_border_width__hover_enabled=&#8221;off&#8221; button_one_border_width__hover_enabled=&#8221;off&#8221; button_two_border_width__hover_enabled=&#8221;off&#8221; button_border_color__hover_enabled=&#8221;off&#8221; button_one_border_color__hover_enabled=&#8221;off&#8221; button_two_border_color__hover_enabled=&#8221;off&#8221; button_border_radius__hover_enabled=&#8221;off&#8221; button_one_border_radius__hover_enabled=&#8221;off&#8221; button_two_border_radius__hover_enabled=&#8221;off&#8221; button_letter_spacing__hover_enabled=&#8221;off&#8221; button_one_letter_spacing__hover_enabled=&#8221;off&#8221; button_two_letter_spacing__hover_enabled=&#8221;off&#8221; button_bg_color__hover_enabled=&#8221;off&#8221; button_one_bg_color__hover_enabled=&#8221;off&#8221; button_two_bg_color__hover_enabled=&#8221;off&#8221;] [\/et_pb_contact_field][et_pb_contact_field field_id=&#8221;\u0627\u0644\u0645\u0648\u0636\u0648\u0639&#8221; field_title=&#8221;\u0627\u0644\u0645\u0648\u0636\u0648\u0639*&#8221; field_type=&#8221;select&#8221; select_options=&#8221;%91{%22value%22:%22\u0639\u0644\u0649 \u0627\u0644\u0639\u0645\u0648\u0645%22,%22checked%22:0,%22dragID%22:-1},{%22value%22:%22\u0627\u0642\u062a\u0631\u0627\u062d%22,%22checked%22:0,%22dragID%22:0},{%22value%22:%22\u062e\u0637\u0651\u0629%22,%22checked%22:0,%22dragID%22:1},{%22value%22:%22\u062a\u0639\u0627\u0648\u0646%22,%22checked%22:0,%22dragID%22:2},{%22value%22:%22\u062f\u0639\u0648\u0629%22,%22checked%22:0,%22dragID%22:3},{%22value%22:%22\u0637\u0644\u0628 \u0644\u0639\u0636\u0648\u064a\u0629 \u0627\u0644\u0647\u064a\u0626\u0629 \u0627\u0644\u0625\u0633\u062a\u0634\u0627\u0631\u064a\u0629 \u0627\u0644\u0639\u0644\u0645\u064a\u0629%22,%22checked%22:0,%22dragID%22:4},{%22value%22:%22\u0627\u0644\u062a\u0628\u0631\u0651\u0639 \u0645\u0646 \u0623\u062c\u0644 \u0627\u0644\u0628\u062d\u062b \u0648\u0627\u0644\u062a\u0637\u0648\u064a\u0631%22,%22checked%22:0,%22dragID%22:5},{%22value%22:%22\u0627\u0644\u062a\u0628\u0631\u0651\u0639 \u0645\u0646 \u0623\u062c\u0644 \u0627\u0644\u0631\u0639\u0627\u064a\u0629%22,%22checked%22:0,%22dragID%22:6},{%22value%22:%22\u0627\u0644\u062a\u0628\u0631\u0651\u0639%22,%22checked%22:0,%22dragID%22:7},{%22value%22:%22\u0625\u0644\u0649 \u0627\u0644\u0645\u0633\u0624\u0648\u0644 \u0639\u0646 \u0627\u0644\u0645\u0648\u0642\u0639%22,%22checked%22:0,%22dragID%22:8}%93&#8243; _builder_version=&#8221;4.16&#8243; form_field_font=&#8221;Aref Ruqaa||||||||&#8221; form_field_font_size=&#8221;22px&#8221; use_border_color=&#8221;off&#8221; global_colors_info=&#8221;{}&#8221; button_text_size__hover_enabled=&#8221;off&#8221; button_one_text_size__hover_enabled=&#8221;off&#8221; button_two_text_size__hover_enabled=&#8221;off&#8221; button_text_color__hover_enabled=&#8221;off&#8221; button_one_text_color__hover_enabled=&#8221;off&#8221; button_two_text_color__hover_enabled=&#8221;off&#8221; button_border_width__hover_enabled=&#8221;off&#8221; button_one_border_width__hover_enabled=&#8221;off&#8221; button_two_border_width__hover_enabled=&#8221;off&#8221; button_border_color__hover_enabled=&#8221;off&#8221; button_one_border_color__hover_enabled=&#8221;off&#8221; button_two_border_color__hover_enabled=&#8221;off&#8221; button_border_radius__hover_enabled=&#8221;off&#8221; button_one_border_radius__hover_enabled=&#8221;off&#8221; button_two_border_radius__hover_enabled=&#8221;off&#8221; button_letter_spacing__hover_enabled=&#8221;off&#8221; button_one_letter_spacing__hover_enabled=&#8221;off&#8221; button_two_letter_spacing__hover_enabled=&#8221;off&#8221; button_bg_color__hover_enabled=&#8221;off&#8221; button_one_bg_color__hover_enabled=&#8221;off&#8221; button_two_bg_color__hover_enabled=&#8221;off&#8221;] [\/et_pb_contact_field][et_pb_contact_field field_id=&#8221;\u0627\u0644\u0646\u0648\u0639&#8221; field_title=&#8221;\u0627\u0644\u0646\u0648\u0639*&#8221; field_type=&#8221;select&#8221; select_options=&#8221;%91{%22value%22:%22\u0639\u0645\u0648\u0645\u064a%22,%22checked%22:0,%22dragID%22:-1},{%22value%22:%22\u0631\u0633\u0627\u0644\u0629 \u0627\u0633\u062a\u0631\u062c\u0627\u0639\u064a\u0629%22,%22checked%22:0,%22dragID%22:0},{%22value%22:%22\u0627\u0642\u062a\u0631\u0627\u062d%22,%22checked%22:0,%22dragID%22:1},{%22value%22:%22\u0634\u0643\u0627\u064a\u0629%22,%22checked%22:0,%22dragID%22:2},{%22value%22:%22\u0637\u0644\u0628%22,%22checked%22:0,%22dragID%22:3},{%22value%22:%22\u062a\u0634\u0643\u0651\u0631%22,%22checked%22:0,%22dragID%22:4}%93&#8243; _builder_version=&#8221;4.16&#8243; form_field_font=&#8221;Aref Ruqaa||||||||&#8221; form_field_font_size=&#8221;22px&#8221; use_border_color=&#8221;off&#8221; global_colors_info=&#8221;{}&#8221; button_text_size__hover_enabled=&#8221;off&#8221; button_one_text_size__hover_enabled=&#8221;off&#8221; button_two_text_size__hover_enabled=&#8221;off&#8221; button_text_color__hover_enabled=&#8221;off&#8221; button_one_text_color__hover_enabled=&#8221;off&#8221; button_two_text_color__hover_enabled=&#8221;off&#8221; button_border_width__hover_enabled=&#8221;off&#8221; button_one_border_width__hover_enabled=&#8221;off&#8221; button_two_border_width__hover_enabled=&#8221;off&#8221; button_border_color__hover_enabled=&#8221;off&#8221; button_one_border_color__hover_enabled=&#8221;off&#8221; button_two_border_color__hover_enabled=&#8221;off&#8221; button_border_radius__hover_enabled=&#8221;off&#8221; button_one_border_radius__hover_enabled=&#8221;off&#8221; button_two_border_radius__hover_enabled=&#8221;off&#8221; button_letter_spacing__hover_enabled=&#8221;off&#8221; button_one_letter_spacing__hover_enabled=&#8221;off&#8221; button_two_letter_spacing__hover_enabled=&#8221;off&#8221; button_bg_color__hover_enabled=&#8221;off&#8221; button_one_bg_color__hover_enabled=&#8221;off&#8221; button_two_bg_color__hover_enabled=&#8221;off&#8221;] [\/et_pb_contact_field][et_pb_contact_field field_id=&#8221;\u0631\u0633\u0627\u0644\u0629&#8221; field_title=&#8221;\u0631\u0633\u0627\u0644\u0629*&#8221; field_type=&#8221;text&#8221; fullwidth_field=&#8221;on&#8221; _builder_version=&#8221;4.16&#8243; form_field_font=&#8221;Aref Ruqaa||||||||&#8221; form_field_font_size=&#8221;22px&#8221; use_border_color=&#8221;off&#8221; global_colors_info=&#8221;{}&#8221; button_text_size__hover_enabled=&#8221;off&#8221; button_one_text_size__hover_enabled=&#8221;off&#8221; button_two_text_size__hover_enabled=&#8221;off&#8221; button_text_color__hover_enabled=&#8221;off&#8221; button_one_text_color__hover_enabled=&#8221;off&#8221; button_two_text_color__hover_enabled=&#8221;off&#8221; button_border_width__hover_enabled=&#8221;off&#8221; button_one_border_width__hover_enabled=&#8221;off&#8221; button_two_border_width__hover_enabled=&#8221;off&#8221; button_border_color__hover_enabled=&#8221;off&#8221; button_one_border_color__hover_enabled=&#8221;off&#8221; button_two_border_color__hover_enabled=&#8221;off&#8221; button_border_radius__hover_enabled=&#8221;off&#8221; button_one_border_radius__hover_enabled=&#8221;off&#8221; button_two_border_radius__hover_enabled=&#8221;off&#8221; button_letter_spacing__hover_enabled=&#8221;off&#8221; button_one_letter_spacing__hover_enabled=&#8221;off&#8221; button_two_letter_spacing__hover_enabled=&#8221;off&#8221; button_bg_color__hover_enabled=&#8221;off&#8221; button_one_bg_color__hover_enabled=&#8221;off&#8221; button_two_bg_color__hover_enabled=&#8221;off&#8221;] [\/et_pb_contact_field][\/et_pb_contact_form][\/et_pb_column][et_pb_column type=&#8221;1_3&#8243; _builder_version=&#8221;4.16&#8243; custom_padding=&#8221;|||&#8221; global_colors_info=&#8221;{}&#8221; custom_padding__hover=&#8221;|||&#8221;][et_pb_text admin_label=&#8221;Metin&#8221; _builder_version=&#8221;4.16&#8243; text_font=&#8221;Aref Ruqaa||||||||&#8221; text_font_size=&#8221;20px&#8221; header_font=&#8221;||||||||&#8221; header_4_font=&#8221;Aref Ruqaa||||||||&#8221; header_4_font_size=&#8221;24px&#8221; header_6_font=&#8221;Aref Ruqaa||||||||&#8221; header_6_font_size=&#8221;22px&#8221; background_size=&#8221;initial&#8221; background_position=&#8221;top_left&#8221; background_repeat=&#8221;repeat&#8221; custom_margin=&#8221;|||&#8221; global_colors_info=&#8221;{}&#8221;]<\/p>\n<h4>\u0627\u0644\u062c\u0645\u0639\u064a\u0629 \u0627\u0644\u062a\u0631\u0643\u064a\u0629 \u0644\u0644\u062a\u062f\u0627\u0648\u064a \u0628\u0627\u0644\u0646\u062d\u0644 (\u0623\u0628\u064a\u062b\u064a\u0631\u0627\u0628\u064a)<\/h4>\n<h4>\u00a0\u0627\u0644\u0645\u0643\u062a\u0628 \u0648\u0627\u0644\u0645\u0642\u0631 \u0627\u0644\u0639\u0627\u0645<\/h4>\n<h4>&#8212;<\/h4>\n<p><strong>\u0647\u0627\u062a\u0641<\/strong>: 8383 249 212 90+<\/p>\n<p><strong>\u0627\u0644\u0639\u0646\u0648\u0627\u0646<\/strong>: .Konaklar mah. Akaga\u00e7 sk<br \/> Aksan Binas\u0131 No: 7<br \/> VI. Levent\u00a0\/\u00a0Be\u015fikta\u015f<br \/> Istanbul \/Turkey<\/p>\n<p>&nbsp;<\/p>\n<h6><strong>\u0625\u0633\u062a\u0627\u0646\u0628\u0648\u0644 \/ \u062a\u0631\u0643\u064a\u0627<\/strong><\/h6>\n<p>[\/et_pb_text][\/et_pb_column][\/et_pb_row][\/et_pb_section]<\/p>\n","protected":false},"excerpt":{"rendered":"<p>\u0627\u0644\u062c\u0645\u0639\u064a\u0629 \u0627\u0644\u062a\u0631\u0643\u064a\u0629 \u0644\u0644\u062a\u062f\u0627\u0648\u064a \u0628\u0627\u0644\u0646\u062d\u0644 (\u0623\u0628\u064a\u062b\u064a\u0631\u0627\u0628\u064a) \u00a0\u0627\u0644\u0645\u0643\u062a\u0628 \u0648\u0627\u0644\u0645\u0642\u0631 \u0627\u0644\u0639\u0627\u0645 &#8212; \u0647\u0627\u062a\u0641: 8383 249 212 90+ \u0627\u0644\u0639\u0646\u0648\u0627\u0646: .Konaklar mah. Akaga\u00e7 sk Aksan Binas\u0131 No: 7 VI. Levent\u00a0\/\u00a0Be\u015fikta\u015f Istanbul \/Turkey &nbsp; \u0625\u0633\u062a\u0627\u0646\u0628\u0648\u0644 \/ \u062a\u0631\u0643\u064a\u0627<\/p>\n","protected":false},"author":1,"featured_media":0,"parent":0,"menu_order":0,"comment_status":"closed","ping_status":"closed","template":"","meta":{"_et_pb_use_builder":"on","_et_pb_old_content":"","_et_gb_content_width":"","footnotes":""},"class_list":["post-1154","page","type-page","status-publish","hentry"],"_links":{"self":[{"href":"https:\/\/apiterapidernegi.org\/ar\/wp-json\/wp\/v2\/pages\/1154","targetHints":{"allow":["GET"]}}],"collection":[{"href":"https:\/\/apiterapidernegi.org\/ar\/wp-json\/wp\/v2\/pages"}],"about":[{"href":"https:\/\/apiterapidernegi.org\/ar\/wp-json\/wp\/v2\/types\/page"}],"author":[{"embeddable":true,"href":"https:\/\/apiterapidernegi.org\/ar\/wp-json\/wp\/v2\/users\/1"}],"replies":[{"embeddable":true,"href":"https:\/\/apiterapidernegi.org\/ar\/wp-json\/wp\/v2\/comments?post=1154"}],"version-history":[{"count":40,"href":"https:\/\/apiterapidernegi.org\/ar\/wp-json\/wp\/v2\/pages\/1154\/revisions"}],"predecessor-version":[{"id":11626,"href":"https:\/\/apiterapidernegi.org\/ar\/wp-json\/wp\/v2\/pages\/1154\/revisions\/11626"}],"wp:attachment":[{"href":"https:\/\/apiterapidernegi.org\/ar\/wp-json\/wp\/v2\/media?parent=1154"}],"curies":[{"name":"wp","href":"https:\/\/api.w.org\/{rel}","templated":true}]}}