{"id":1161,"date":"2017-09-25T00:13:37","date_gmt":"2017-09-24T22:13:37","guid":{"rendered":"https:\/\/apiterapidernegi.org\/%d9%81%d9%8a%d8%af%d9%8a%d9%88\/"},"modified":"2018-04-29T22:04:03","modified_gmt":"2018-04-29T20:04:03","slug":"%d9%81%d9%8a%d8%af%d9%8a%d9%88","status":"publish","type":"page","link":"https:\/\/apiterapidernegi.org\/ar\/%d9%81%d9%8a%d8%af%d9%8a%d9%88\/","title":{"rendered":"\u0641\u064a\u062f\u064a\u0648"},"content":{"rendered":"<p>[et_pb_section fb_built=&#8221;1&#8243; admin_label=&#8221;section&#8221; _builder_version=&#8221;3.0.47&#8243;][et_pb_row admin_label=&#8221;Sat\u0131r&#8221; _builder_version=&#8221;3.0.47&#8243; background_size=&#8221;initial&#8221; background_position=&#8221;top_left&#8221; background_repeat=&#8221;repeat&#8221;][et_pb_column type=&#8221;4_4&#8243; _builder_version=&#8221;3.0.47&#8243; parallax=&#8221;off&#8221; parallax_method=&#8221;on&#8221;][et_pb_text admin_label=&#8221;Metin&#8221; _builder_version=&#8221;3.0.106&#8243; header_font=&#8221;Aref Ruqaa||||||||&#8221; header_font_size=&#8221;35px&#8221; background_size=&#8221;initial&#8221; background_position=&#8221;top_left&#8221; background_repeat=&#8221;repeat&#8221;]<\/p>\n<h1>\u0641\u064a\u062f\u064a\u0648<\/h1>\n<p>[\/et_pb_text][et_pb_divider color=&#8221;#c1402e&#8221; show_divider=&#8221;on&#8221; admin_label=&#8221;B\u00f6l\u00fcc\u00fc&#8221; _builder_version=&#8221;3.0.47&#8243; hide_on_mobile=&#8221;off&#8221;] [\/et_pb_divider][\/et_pb_column][\/et_pb_row][et_pb_row admin_label=&#8221;row&#8221; _builder_version=&#8221;3.0.47&#8243; background_size=&#8221;initial&#8221; background_position=&#8221;top_left&#8221; background_repeat=&#8221;repeat&#8221;][et_pb_column type=&#8221;2_3&#8243; _builder_version=&#8221;3.0.47&#8243; parallax=&#8221;off&#8221; parallax_method=&#8221;on&#8221;][et_pb_blog include_categories=&#8221;4&#8243; show_author=&#8221;off&#8221; show_categories=&#8221;off&#8221; admin_label=&#8221;Blog&#8221; _builder_version=&#8221;3.0.106&#8243; header_font=&#8221;Aref Ruqaa||||||||&#8221; header_font_size=&#8221;30px&#8221; body_font=&#8221;Aref Ruqaa||||||||&#8221; body_font_size=&#8221;20px&#8221;] [\/et_pb_blog][\/et_pb_column][et_pb_column type=&#8221;1_3&#8243; _builder_version=&#8221;3.0.47&#8243; parallax=&#8221;off&#8221; parallax_method=&#8221;on&#8221;][et_pb_blog posts_number=&#8221;1&#8243; include_categories=&#8221;3&#8243; show_author=&#8221;off&#8221; show_date=&#8221;off&#8221; show_categories=&#8221;off&#8221; show_pagination=&#8221;off&#8221; disabled_on=&#8221;on|on|&#8221; admin_label=&#8221;Blog&#8221; _builder_version=&#8221;3.0.106&#8243; header_font=&#8221;Aref Ruqaa||||||||&#8221; body_font=&#8221;Aref Ruqaa||||||||&#8221; body_font_size=&#8221;20px&#8221; body_line_height=&#8221;1.8em&#8221;] [\/et_pb_blog][\/et_pb_column][\/et_pb_row][\/et_pb_section]<\/p>\n","protected":false},"excerpt":{"rendered":"<p>\u0641\u064a\u062f\u064a\u0648<\/p>\n","protected":false},"author":1,"featured_media":0,"parent":0,"menu_order":0,"comment_status":"closed","ping_status":"closed","template":"","meta":{"_et_pb_use_builder":"on","_et_pb_old_content":"","_et_gb_content_width":"","footnotes":""},"class_list":["post-1161","page","type-page","status-publish","hentry"],"_links":{"self":[{"href":"https:\/\/apiterapidernegi.org\/ar\/wp-json\/wp\/v2\/pages\/1161","targetHints":{"allow":["GET"]}}],"collection":[{"href":"https:\/\/apiterapidernegi.org\/ar\/wp-json\/wp\/v2\/pages"}],"about":[{"href":"https:\/\/apiterapidernegi.org\/ar\/wp-json\/wp\/v2\/types\/page"}],"author":[{"embeddable":true,"href":"https:\/\/apiterapidernegi.org\/ar\/wp-json\/wp\/v2\/users\/1"}],"replies":[{"embeddable":true,"href":"https:\/\/apiterapidernegi.org\/ar\/wp-json\/wp\/v2\/comments?post=1161"}],"version-history":[{"count":8,"href":"https:\/\/apiterapidernegi.org\/ar\/wp-json\/wp\/v2\/pages\/1161\/revisions"}],"predecessor-version":[{"id":3724,"href":"https:\/\/apiterapidernegi.org\/ar\/wp-json\/wp\/v2\/pages\/1161\/revisions\/3724"}],"wp:attachment":[{"href":"https:\/\/apiterapidernegi.org\/ar\/wp-json\/wp\/v2\/media?parent=1161"}],"curies":[{"name":"wp","href":"https:\/\/api.w.org\/{rel}","templated":true}]}}