{"id":1163,"date":"2017-09-25T00:18:52","date_gmt":"2017-09-24T22:18:52","guid":{"rendered":"https:\/\/apiterapidernegi.org\/%d9%85%d9%87%d9%85%d8%aa%d9%86%d8%a7-%d9%88%d8%b1%d8%a4%d9%8a%d8%aa%d9%86%d8%a7\/"},"modified":"2018-04-29T22:03:07","modified_gmt":"2018-04-29T20:03:07","slug":"%d9%85%d9%87%d9%85%d8%aa%d9%86%d8%a7-%d9%88%d8%b1%d8%a4%d9%8a%d8%aa%d9%86%d8%a7","status":"publish","type":"page","link":"https:\/\/apiterapidernegi.org\/ar\/%d9%85%d9%87%d9%85%d8%aa%d9%86%d8%a7-%d9%88%d8%b1%d8%a4%d9%8a%d8%aa%d9%86%d8%a7\/","title":{"rendered":"\u0645\u0647\u0645\u062a\u0646\u0627 \u0648\u0631\u0624\u064a\u062a\u0646\u0627"},"content":{"rendered":"<p>[et_pb_section fb_built=&#8221;1&#8243; admin_label=&#8221;section&#8221; _builder_version=&#8221;3.0.47&#8243;][et_pb_row admin_label=&#8221;Sat\u0131r&#8221; _builder_version=&#8221;3.0.47&#8243; background_size=&#8221;initial&#8221; background_position=&#8221;top_left&#8221; background_repeat=&#8221;repeat&#8221;][et_pb_column type=&#8221;4_4&#8243; _builder_version=&#8221;3.0.47&#8243; parallax=&#8221;off&#8221; parallax_method=&#8221;on&#8221;][et_pb_text admin_label=&#8221;Metin&#8221; _builder_version=&#8221;3.0.106&#8243; header_font=&#8221;Aref Ruqaa||||||||&#8221; header_font_size=&#8221;35px&#8221; background_size=&#8221;initial&#8221; background_position=&#8221;top_left&#8221; background_repeat=&#8221;repeat&#8221;]<\/p>\n<h1>\u0645\u0647\u0645\u0651\u062a\u0646\u0627 \u0648\u0631\u0624\u064a\u062a\u0646\u0627<\/h1>\n<p>[\/et_pb_text][et_pb_divider color=&#8221;#c1402e&#8221; show_divider=&#8221;on&#8221; admin_label=&#8221;B\u00f6l\u00fcc\u00fc&#8221; _builder_version=&#8221;3.0.47&#8243; hide_on_mobile=&#8221;off&#8221;][\/et_pb_divider][\/et_pb_column][\/et_pb_row][et_pb_row admin_label=&#8221;row&#8221; _builder_version=&#8221;3.0.47&#8243; background_size=&#8221;initial&#8221; background_position=&#8221;top_left&#8221; background_repeat=&#8221;repeat&#8221;][et_pb_column type=&#8221;2_3&#8243; _builder_version=&#8221;3.0.47&#8243; parallax=&#8221;off&#8221; parallax_method=&#8221;on&#8221;][et_pb_text admin_label=&#8221;Metin&#8221; _builder_version=&#8221;3.0.106&#8243; text_font=&#8221;Aref Ruqaa||||||||&#8221; text_font_size=&#8221;25px&#8221; text_line_height=&#8221;1.8em&#8221; header_font=&#8221;||||||||&#8221; header_3_font=&#8221;Aref Ruqaa||||||||&#8221; header_3_font_size=&#8221;35px&#8221; background_size=&#8221;initial&#8221; background_position=&#8221;top_left&#8221; background_repeat=&#8221;repeat&#8221; custom_margin=&#8221;||40px|&#8221;]<\/p>\n<p>\u00a0<\/p>\n<h3><img loading=\"lazy\" decoding=\"async\" class=\"wp-image-265 alignleft\" src=\"https:\/\/apiterapidernegi.org\/wp-content\/uploads\/2016\/05\/mission_1-300x258.png\" alt=\"mission_1\" width=\"175\" height=\"150\" srcset=\"https:\/\/apiterapidernegi.org\/wp-content\/uploads\/2016\/05\/mission_1-300x258.png 300w, https:\/\/apiterapidernegi.org\/wp-content\/uploads\/2016\/05\/mission_1.png 320w\" sizes=\"(max-width: 175px) 100vw, 175px\" \/>\u0645\u0647\u0645\u062a\u0646\u0627<\/h3>\n<p>\u00a0<\/p>\n<p>\u0628\u0627\u0644\u0625\u0636\u0627\u0641\u0629 \u0625\u0644\u0649 \u0627\u0644\u0645\u0633\u0627\u0647\u0645\u0629 \u0641\u064a \u0627\u0644\u0639\u0645\u0644 \u0627\u0644\u0630\u064a \u0633\u064a\u062b\u0628\u062a \u0639\u0644\u0645\u064a\u0629 \u0627\u0644\u0623\u0628\u064a\u062b\u064a\u0631\u0627\u0628\u064a\u060c \u0645\u0647\u0645\u062a\u0646\u0627 \u0647\u064a \u0625\u0646\u0634\u0627\u0621 \u062b\u0642\u0627\u0641\u0629 \u0627\u0644\u0639\u0644\u0627\u062c \u0628\u0627\u0644\u0646\u062d\u0644 \u0639\u0644\u0649 \u0623\u0633\u0627\u0633 \u0623\u062f\u0644\u0629 \u0639\u0644\u0645\u064a\u0629 \u0641\u064a \u0628\u0644\u0627\u062f\u0646\u0627 \u0628\u0627\u0644\u062a\u0639\u0627\u0648\u0646 \u0645\u0639 \u0627\u0644\u0623\u0634\u062e\u0627\u0635 \u0648\u0627\u0644\u0645\u0624\u0633\u0633\u0627\u062a \u0630\u0627\u062a \u0627\u0644\u0635\u0644\u0629 \u0627\u0644\u0639\u0627\u0645\u0644\u0629 \u0641\u064a \u062a\u0631\u0643\u064a\u0627 \u0648\u0627\u0644\u062e\u0627\u0631\u062c.<\/p>\n<p>[\/et_pb_text][et_pb_divider color=&#8221;#c1402e&#8221; show_divider=&#8221;on&#8221; admin_label=&#8221;B\u00f6l\u00fcc\u00fc&#8221; _builder_version=&#8221;3.0.47&#8243; hide_on_mobile=&#8221;off&#8221;][\/et_pb_divider][et_pb_text admin_label=&#8221;Metin&#8221; _builder_version=&#8221;3.0.106&#8243; text_font=&#8221;Aref Ruqaa||||||||&#8221; text_font_size=&#8221;25px&#8221; text_line_height=&#8221;1.8em&#8221; header_font=&#8221;||||||||&#8221; header_3_font=&#8221;Aref Ruqaa||||||||&#8221; header_3_font_size=&#8221;35px&#8221; background_size=&#8221;initial&#8221; background_position=&#8221;top_left&#8221; background_repeat=&#8221;repeat&#8221; custom_margin=&#8221;60px|||&#8221;]<\/p>\n<p>\u00a0<\/p>\n<h3><img loading=\"lazy\" decoding=\"async\" class=\"wp-image-268 alignleft\" src=\"https:\/\/apiterapidernegi.org\/wp-content\/uploads\/2016\/05\/vision_1-300x258.png\" alt=\"vision_1\" width=\"175\" height=\"150\" srcset=\"https:\/\/apiterapidernegi.org\/wp-content\/uploads\/2016\/05\/vision_1-300x258.png 300w, https:\/\/apiterapidernegi.org\/wp-content\/uploads\/2016\/05\/vision_1.png 320w\" sizes=\"(max-width: 175px) 100vw, 175px\" \/>\u0631\u0624\u064a\u062a\u0646\u0627<\/h3>\n<p>\u00a0<\/p>\n<p>\u063a\u0627\u064a\u062a\u0646\u0627 \u0647\u064a \u0623\u0646 \u0646\u0643\u0648\u0646 \u0645\u0624\u0633\u0633\u0629 \u0645\u0631\u062c\u0639\u064a\u0629 \u062a\u062e\u062f\u0645 \u0627\u0644\u0645\u0639\u0627\u064a\u064a\u0631 \u0627\u0644\u0639\u0627\u0644\u0645\u064a\u0629 \u0645\u0646 \u062e\u0644\u0627\u0644 \u0627\u0644\u0627\u0644\u062a\u0632\u0627\u0645 \u0628\u0627\u0644\u0642\u064a\u0645 \u0627\u0644\u0623\u0643\u0627\u062f\u064a\u0645\u064a\u0629 \u0648\u062a\u062d\u0633\u064a\u0646 \u0627\u0644\u062f\u0631\u0627\u0633\u0627\u062a \u0627\u0644\u0642\u0627\u0626\u0645\u0629 \u0639\u0644\u0649 \u0627\u0644\u0623\u062f\u0644\u0629 \u0627\u0644\u0639\u0644\u0645\u064a\u0629 \u062f\u0648\u0646 \u0627\u0644\u0645\u0633\u0627\u0633 \u0628\u0627\u0644\u0642\u064a\u0645 \u0627\u0644\u0623\u062e\u0644\u0627\u0642\u064a\u0629 \u0627\u0644\u0639\u0627\u0645\u0629 \u0648\u0627\u0644\u0637\u0628\u064a\u0629.<\/p>\n<p>[\/et_pb_text][\/et_pb_column][et_pb_column type=&#8221;1_3&#8243; _builder_version=&#8221;3.0.47&#8243; parallax=&#8221;off&#8221; parallax_method=&#8221;on&#8221;][et_pb_blog posts_number=&#8221;1&#8243; include_categories=&#8221;3&#8243; show_author=&#8221;off&#8221; show_date=&#8221;off&#8221; show_categories=&#8221;off&#8221; show_pagination=&#8221;off&#8221; disabled_on=&#8221;on|on|&#8221; admin_label=&#8221;Blog&#8221; _builder_version=&#8221;3.0.106&#8243; header_font=&#8221;Aref Ruqaa||||||||&#8221; body_font=&#8221;Aref Ruqaa||||||||&#8221;][\/et_pb_blog][\/et_pb_column][\/et_pb_row][\/et_pb_section]<\/p>\n","protected":false},"excerpt":{"rendered":"<p>\u0645\u0647\u0645\u0651\u062a\u0646\u0627 \u0648\u0631\u0624\u064a\u062a\u0646\u0627\u00a0 \u0645\u0647\u0645\u062a\u0646\u0627 \u00a0 \u0628\u0627\u0644\u0625\u0636\u0627\u0641\u0629 \u0625\u0644\u0649 \u0627\u0644\u0645\u0633\u0627\u0647\u0645\u0629 \u0641\u064a \u0627\u0644\u0639\u0645\u0644 \u0627\u0644\u0630\u064a \u0633\u064a\u062b\u0628\u062a \u0639\u0644\u0645\u064a\u0629 \u0627\u0644\u0623\u0628\u064a\u062b\u064a\u0631\u0627\u0628\u064a\u060c \u0645\u0647\u0645\u062a\u0646\u0627 \u0647\u064a \u0625\u0646\u0634\u0627\u0621 \u062b\u0642\u0627\u0641\u0629 \u0627\u0644\u0639\u0644\u0627\u062c \u0628\u0627\u0644\u0646\u062d\u0644 \u0639\u0644\u0649 \u0623\u0633\u0627\u0633 \u0623\u062f\u0644\u0629 \u0639\u0644\u0645\u064a\u0629 \u0641\u064a \u0628\u0644\u0627\u062f\u0646\u0627 \u0628\u0627\u0644\u062a\u0639\u0627\u0648\u0646 \u0645\u0639 \u0627\u0644\u0623\u0634\u062e\u0627\u0635 \u0648\u0627\u0644\u0645\u0624\u0633\u0633\u0627\u062a \u0630\u0627\u062a \u0627\u0644\u0635\u0644\u0629 \u0627\u0644\u0639\u0627\u0645\u0644\u0629 \u0641\u064a \u062a\u0631\u0643\u064a\u0627 \u0648\u0627\u0644\u062e\u0627\u0631\u062c.\u00a0 \u0631\u0624\u064a\u062a\u0646\u0627 \u00a0 \u063a\u0627\u064a\u062a\u0646\u0627 \u0647\u064a \u0623\u0646 \u0646\u0643\u0648\u0646 \u0645\u0624\u0633\u0633\u0629 \u0645\u0631\u062c\u0639\u064a\u0629 \u062a\u062e\u062f\u0645 \u0627\u0644\u0645\u0639\u0627\u064a\u064a\u0631 \u0627\u0644\u0639\u0627\u0644\u0645\u064a\u0629 \u0645\u0646 \u062e\u0644\u0627\u0644 \u0627\u0644\u0627\u0644\u062a\u0632\u0627\u0645 \u0628\u0627\u0644\u0642\u064a\u0645 \u0627\u0644\u0623\u0643\u0627\u062f\u064a\u0645\u064a\u0629 \u0648\u062a\u062d\u0633\u064a\u0646 \u0627\u0644\u062f\u0631\u0627\u0633\u0627\u062a \u0627\u0644\u0642\u0627\u0626\u0645\u0629 \u0639\u0644\u0649 [&hellip;]<\/p>\n","protected":false},"author":1,"featured_media":0,"parent":0,"menu_order":0,"comment_status":"closed","ping_status":"closed","template":"","meta":{"_et_pb_use_builder":"on","_et_pb_old_content":"","_et_gb_content_width":"","footnotes":""},"class_list":["post-1163","page","type-page","status-publish","hentry"],"_links":{"self":[{"href":"https:\/\/apiterapidernegi.org\/ar\/wp-json\/wp\/v2\/pages\/1163","targetHints":{"allow":["GET"]}}],"collection":[{"href":"https:\/\/apiterapidernegi.org\/ar\/wp-json\/wp\/v2\/pages"}],"about":[{"href":"https:\/\/apiterapidernegi.org\/ar\/wp-json\/wp\/v2\/types\/page"}],"author":[{"embeddable":true,"href":"https:\/\/apiterapidernegi.org\/ar\/wp-json\/wp\/v2\/users\/1"}],"replies":[{"embeddable":true,"href":"https:\/\/apiterapidernegi.org\/ar\/wp-json\/wp\/v2\/comments?post=1163"}],"version-history":[{"count":8,"href":"https:\/\/apiterapidernegi.org\/ar\/wp-json\/wp\/v2\/pages\/1163\/revisions"}],"predecessor-version":[{"id":3722,"href":"https:\/\/apiterapidernegi.org\/ar\/wp-json\/wp\/v2\/pages\/1163\/revisions\/3722"}],"wp:attachment":[{"href":"https:\/\/apiterapidernegi.org\/ar\/wp-json\/wp\/v2\/media?parent=1163"}],"curies":[{"name":"wp","href":"https:\/\/api.w.org\/{rel}","templated":true}]}}