{"id":1167,"date":"2017-09-25T00:25:38","date_gmt":"2017-09-24T22:25:38","guid":{"rendered":"https:\/\/apiterapidernegi.org\/%d8%a7%d9%84%d9%85%d8%a4%d8%b3%d8%b3%d9%88%d9%86\/"},"modified":"2021-07-11T14:03:29","modified_gmt":"2021-07-11T11:03:29","slug":"%d8%a7%d9%84%d9%85%d8%a4%d8%b3%d8%b3%d9%88%d9%86","status":"publish","type":"page","link":"https:\/\/apiterapidernegi.org\/ar\/%d8%a7%d9%84%d9%85%d8%a4%d8%b3%d8%b3%d9%88%d9%86\/","title":{"rendered":"\u0627\u0644\u0645\u0624\u0633\u0633\u0648\u0646"},"content":{"rendered":"<p>[et_pb_section fb_built=&#8221;1&#8243; custom_padding_last_edited=&#8221;on|desktop&#8221; admin_label=&#8221;section&#8221; _builder_version=&#8221;3.22.3&#8243; custom_padding_tablet=&#8221;50px|0|50px|0&#8243; custom_padding_phone=&#8221;&#8221; padding_mobile=&#8221;off&#8221;][et_pb_row padding_mobile=&#8221;off&#8221; column_padding_mobile=&#8221;on&#8221; admin_label=&#8221;Sat\u0131r&#8221; _builder_version=&#8221;3.25&#8243; background_size=&#8221;initial&#8221; background_position=&#8221;top_left&#8221; background_repeat=&#8221;repeat&#8221;][et_pb_column type=&#8221;4_4&#8243; _builder_version=&#8221;3.25&#8243; custom_padding=&#8221;|||&#8221; custom_padding__hover=&#8221;|||&#8221;][et_pb_text admin_label=&#8221;Metin&#8221; _builder_version=&#8221;3.27.4&#8243; header_font=&#8221;Aref Ruqaa||||||||&#8221; header_font_size=&#8221;35px&#8221; background_size=&#8221;initial&#8221; background_position=&#8221;top_left&#8221; background_repeat=&#8221;repeat&#8221;]<\/p>\n<h1>\u0627\u0644\u0645\u0624\u0633\u0633\u0648\u0646<\/h1>\n<p>[\/et_pb_text][et_pb_divider color=&#8221;#c1402e&#8221; divider_weight=&#8221;1px&#8221; disabled_on=&#8221;off&#8221; admin_label=&#8221;B\u00f6l\u00fcc\u00fc&#8221; _builder_version=&#8221;3.2&#8243; hide_on_mobile=&#8221;off&#8221;][\/et_pb_divider][\/et_pb_column][\/et_pb_row][et_pb_row column_structure=&#8221;1_3,1_3,1_3&#8243; padding_mobile=&#8221;off&#8221; column_padding_mobile=&#8221;on&#8221; admin_label=&#8221;row&#8221; _builder_version=&#8221;3.25&#8243; background_size=&#8221;initial&#8221; background_position=&#8221;top_left&#8221; background_repeat=&#8221;repeat&#8221;][et_pb_column type=&#8221;1_3&#8243; _builder_version=&#8221;3.25&#8243; custom_padding=&#8221;|||&#8221; custom_padding__hover=&#8221;|||&#8221;][et_pb_team_member name=&#8221;\u0627\u0644\u0623\u0633\u062a\u0627\u0630 \u0627\u0644\u0637\u0628\u064a\u0628 \u0639\u0644\u064a \u062a\u0645\u0648\u062c\u064a\u0646 \u0623\u062a\u0627\u064a \u0623\u0648\u063a\u0644\u0648&#8221; position=&#8221;\u0631\u0626\u064a\u0633 \u0627\u0644\u062c\u0645\u0639\u064a\u0629&#8221; image_url=&#8221;https:\/\/apiterapidernegi.org\/wp-content\/uploads\/2016\/05\/timucin_atayoglu.png&#8221; facebook_url=&#8221;https:\/\/www.facebook.com\/apitherapy.turkey&#8221; twitter_url=&#8221;https:\/\/twitter.com\/apitherapy_tr&#8221; google_url=&#8221;https:\/\/www.youtube.com\/c\/ApitherapyTurkey&#8221; linkedin_url=&#8221;https:\/\/www.linkedin.com\/in\/alitimucinatayoglu&#8221; _builder_version=&#8221;3.23.3&#8243; header_font=&#8221;Aref Ruqaa||||||||&#8221; header_font_size=&#8221;30px&#8221; body_font=&#8221;Aref Ruqaa||||||||&#8221; body_font_size=&#8221;25px&#8221; background_size=&#8221;initial&#8221; background_position=&#8221;top_left&#8221; background_repeat=&#8221;repeat&#8221;]<\/p>\n<p>&nbsp;<\/p>\n<p>\u0642\u0633\u0645 \u0637\u0628 \u0627\u0644\u0623\u0633\u0631\u0629 \u0648\u0627\u0644\u0645\u062c\u062a\u0645\u0639<\/p>\n<p>\u062c\u0627\u0645\u0639\u0629 \u0645\u064a\u062f\u064a\u0628\u0648\u0644<\/p>\n<p>\u0625\u0633\u062a\u0627\u0646\u0628\u0648\u0644 \u060c \u062a\u0631\u0643\u064a\u0627<\/p>\n<p>[\/et_pb_team_member][\/et_pb_column][et_pb_column type=&#8221;1_3&#8243; _builder_version=&#8221;3.25&#8243; custom_padding=&#8221;|||&#8221; custom_padding__hover=&#8221;|||&#8221;][et_pb_team_member name=&#8221;\u0627\u0644\u0623\u0633\u062a\u0627\u0630 \u0627\u0644\u062f\u0643\u062a\u0648\u0631 \u0628\u064a\u0631\u0627\u0645 \u0642\u064a\u0631\u0627\u0646&#8221; position=&#8221;\u0639\u0636\u0648 \u0641\u064a \u0627\u0644\u0647\u064a\u0626\u0629 \u0627\u0644\u0645\u062a\u0648\u0644\u064a\u0629&#8221; image_url=&#8221;https:\/\/apiterapidernegi.org\/wp-content\/uploads\/2016\/05\/doc_dr_bayram_kiran.png&#8221; _builder_version=&#8221;3.17.2&#8243; header_font=&#8221;Aref Ruqaa||||||||&#8221; header_font_size=&#8221;30px&#8221; body_font=&#8221;Aref Ruqaa||||||||&#8221; body_font_size=&#8221;25px&#8221; background_size=&#8221;initial&#8221; background_position=&#8221;top_left&#8221; background_repeat=&#8221;repeat&#8221;]<\/p>\n<p>&nbsp;<\/p>\n<p>\u0642\u0633\u0645 \u0627\u0644\u0647\u0646\u062f\u0633\u0629 \u0627\u0644\u0648\u0631\u0627\u062b\u064a\u0629 \u0648\u0627\u0644\u0647\u0646\u062f\u0633\u0629 \u0627\u0644\u062d\u064a\u0648\u064a\u0629<\/p>\n<p>\u062c\u0627\u0645\u0639\u0629 \u0642\u0627\u0633\u062a\u0627\u0645\u0648\u0646\u0648<\/p>\n<p>\u0642\u0627\u0633\u062a\u0627\u0645\u0648\u0646\u0648 \u060c \u062a\u0631\u0643\u064a\u0627<\/p>\n<p>[\/et_pb_team_member][\/et_pb_column][et_pb_column type=&#8221;1_3&#8243; _builder_version=&#8221;3.25&#8243; custom_padding=&#8221;|||&#8221; custom_padding__hover=&#8221;|||&#8221;][et_pb_team_member name=&#8221;\u0627\u0644\u0623\u0633\u062a\u0627\u0630 \u0627\u0644\u0637\u0628\u064a\u0628 \u0623\u0648\u0632\u062c\u0627\u0646 \u064a\u0644\u062f\u064a\u0632&#8221; position=&#8221;\u0639\u0636\u0648 \u0641\u064a \u0627\u0644\u0647\u064a\u0626\u0629 \u0627\u0644\u0645\u062a\u0648\u0644\u064a\u0629&#8221; image_url=&#8221;https:\/\/apiterapidernegi.org\/wp-content\/uploads\/2016\/05\/doc_dr_ozcan_yildiz.png&#8221; _builder_version=&#8221;3.17.2&#8243; header_font=&#8221;Aref Ruqaa||||||||&#8221; header_font_size=&#8221;30px&#8221; body_font=&#8221;Aref Ruqaa||||||||&#8221; body_font_size=&#8221;25px&#8221; background_size=&#8221;initial&#8221; background_position=&#8221;top_left&#8221; background_repeat=&#8221;repeat&#8221;]<\/p>\n<p>&nbsp;<\/p>\n<p>\u0642\u0633\u0645 \u0639\u0644\u0645 \u0627\u0644\u0623\u0648\u0631\u0627\u0645<\/p>\n<p>\u062c\u0627\u0645\u0639\u0629 \u0645\u064a\u062f\u064a\u0628\u0648\u0644<\/p>\n<p>\u0625\u0633\u062a\u0627\u0646\u0628\u0648\u0644 \u060c \u062a\u0631\u0643\u064a\u0627<\/p>\n<p>[\/et_pb_team_member][\/et_pb_column][\/et_pb_row][et_pb_row column_structure=&#8221;1_3,1_3,1_3&#8243; padding_mobile=&#8221;off&#8221; column_padding_mobile=&#8221;on&#8221; admin_label=&#8221;Sat\u0131r&#8221; _builder_version=&#8221;3.25&#8243; background_size=&#8221;initial&#8221; background_position=&#8221;top_left&#8221; background_repeat=&#8221;repeat&#8221;][et_pb_column type=&#8221;1_3&#8243; _builder_version=&#8221;3.25&#8243; custom_padding=&#8221;|||&#8221; custom_padding__hover=&#8221;|||&#8221;][et_pb_team_member name=&#8221;\u0627\u0644\u0637\u0628\u064a\u0628\u0629 \u0627\u0644\u0645\u062a\u062e\u0635\u0635\u0629 \u0623\u064a\u062a\u0646 \u0643\u0648\u0646\u0631 \u0623\u062a\u0627\u064a \u0623\u0648\u063a\u0644\u0648&#8221; position=&#8221;\u0639\u0636\u0648 \u0641\u064a \u0627\u0644\u0647\u064a\u0626\u0629 \u0627\u0644\u0645\u062a\u0648\u0644\u064a\u0629&#8221; image_url=&#8221;https:\/\/apiterapidernegi.org\/wp-content\/uploads\/2018\/02\/dr-ayten-atayoglu.png&#8221; facebook_url=&#8221;https:\/\/www.facebook.com\/apitherapy.turkey&#8221; twitter_url=&#8221;https:\/\/twitter.com\/apitherapy_tr&#8221; google_url=&#8221;https:\/\/www.youtube.com\/c\/ApitherapyTurkey&#8221; _builder_version=&#8221;4.9.2&#8243; header_font=&#8221;Aref Ruqaa||||||||&#8221; header_font_size=&#8221;30px&#8221; body_font=&#8221;Aref Ruqaa||||||||&#8221; body_font_size=&#8221;25px&#8221; background_size=&#8221;initial&#8221; background_position=&#8221;top_left&#8221; background_repeat=&#8221;repeat&#8221; hover_enabled=&#8221;0&#8243; sticky_enabled=&#8221;0&#8243;]<\/p>\n<p>&nbsp;<\/p>\n<p>\u0627\u0644\u0637\u0628\u064a\u0628\u0629 \u0627\u0644\u0645\u062a\u062e\u0635\u0635\u0629 \u0628\u0637\u0628 \u0627\u0644\u0623\u0633\u0631\u0629 \u0648\u0627\u0644\u0645\u062c\u062a\u0645\u0639<\/p>\n<p>\u0648\u0632\u0627\u0631\u0629 \u0627\u0644\u0635\u062d\u0629 \u0627\u0644\u062a\u0631\u0643\u064a\u0629<\/p>\n<p>\u062a\u0631\u0643\u064a\u0627<\/p>\n<p>[\/et_pb_team_member][\/et_pb_column][et_pb_column type=&#8221;1_3&#8243; _builder_version=&#8221;3.25&#8243; custom_padding=&#8221;|||&#8221; custom_padding__hover=&#8221;|||&#8221;][et_pb_team_member name=&#8221;\u0627\u0644\u0637\u0628\u064a\u0628\u0629 \u0627\u0644\u0645\u062a\u062e\u0635\u0635\u0629 \u0643\u0648\u0644\u0631 \u062a\u0648\u0631\u0643\u0634&#8221; position=&#8221;\u0639\u0636\u0648 \u0641\u064a \u0627\u0644\u0647\u064a\u0626\u0629 \u0627\u0644\u0645\u062a\u0648\u0644\u064a\u0629&#8221; image_url=&#8221;https:\/\/apiterapidernegi.org\/wp-content\/uploads\/2016\/10\/dr_guler_ates.png&#8221; _builder_version=&#8221;3.17.2&#8243; header_font=&#8221;Aref Ruqaa||||||||&#8221; header_font_size=&#8221;30px&#8221; body_font=&#8221;Aref Ruqaa||||||||&#8221; body_font_size=&#8221;25px&#8221; background_size=&#8221;initial&#8221; background_position=&#8221;top_left&#8221; background_repeat=&#8221;repeat&#8221;]<\/p>\n<p>&nbsp;<\/p>\n<p>\u0627\u0644\u0637\u0628\u064a\u0628\u0629 \u0627\u0644\u0645\u062a\u062e\u0635\u0635\u0629 \u0628\u0627\u0644\u0623\u0645\u0631\u0627\u0636 \u0627\u0644\u0628\u0627\u0637\u0646\u064a\u0629<\/p>\n<p>\u0648\u0632\u0627\u0631\u0629 \u0627\u0644\u0635\u062d\u0629 \u0627\u0644\u062a\u0631\u0643\u064a\u0629<\/p>\n<p>\u062a\u0631\u0643\u064a\u0627<\/p>\n<p>[\/et_pb_team_member][\/et_pb_column][et_pb_column type=&#8221;1_3&#8243; _builder_version=&#8221;3.25&#8243; custom_padding=&#8221;|||&#8221; custom_padding__hover=&#8221;|||&#8221;][et_pb_team_member name=&#8221;\u0627\u0644\u0637\u0628\u064a\u0628 \u0627\u0644\u0645\u062a\u062e\u0635\u0635 \u0645\u062d\u0645\u062f \u0623\u0648\u0632\u0623\u0631\u0646&#8221; position=&#8221;\u0639\u0636\u0648 \u0641\u064a \u0627\u0644\u0647\u064a\u0626\u0629 \u0627\u0644\u0645\u062a\u0648\u0644\u064a\u0629&#8221; image_url=&#8221;https:\/\/apiterapidernegi.org\/wp-content\/uploads\/2018\/01\/dr_mehmet_ozeren.png&#8221; _builder_version=&#8221;3.17.2&#8243; header_font=&#8221;Aref Ruqaa||||||||&#8221; header_font_size=&#8221;30px&#8221; body_font=&#8221;Aref Ruqaa||||||||&#8221; body_font_size=&#8221;25px&#8221; background_size=&#8221;initial&#8221; background_position=&#8221;top_left&#8221; background_repeat=&#8221;repeat&#8221; custom_margin=&#8221;|||&#8221;]<\/p>\n<p>&nbsp;<\/p>\n<p>\u0627\u0644\u0637\u0628\u064a\u0628 \u0627\u0644\u0645\u062a\u062e\u0635\u0635 \u0628\u0627\u0644\u0623\u0645\u0631\u0627\u0636 \u0627\u0644\u062c\u0644\u062f\u064a\u0629<\/p>\n<p>\u0648\u0632\u0627\u0631\u0629 \u0627\u0644\u0635\u062d\u0629 \u0627\u0644\u062a\u0631\u0643\u064a\u0629<\/p>\n<p>\u062a\u0631\u0643\u064a\u0627<\/p>\n<p>[\/et_pb_team_member][\/et_pb_column][\/et_pb_row][\/et_pb_section]<\/p>\n","protected":false},"excerpt":{"rendered":"<p>\u0627\u0644\u0645\u0624\u0633\u0633\u0648\u0646&nbsp; \u0642\u0633\u0645 \u0637\u0628 \u0627\u0644\u0623\u0633\u0631\u0629 \u0648\u0627\u0644\u0645\u062c\u062a\u0645\u0639 \u062c\u0627\u0645\u0639\u0629 \u0645\u064a\u062f\u064a\u0628\u0648\u0644 \u0625\u0633\u062a\u0627\u0646\u0628\u0648\u0644 \u060c \u062a\u0631\u0643\u064a\u0627&nbsp; \u0642\u0633\u0645 \u0627\u0644\u0647\u0646\u062f\u0633\u0629 \u0627\u0644\u0648\u0631\u0627\u062b\u064a\u0629 \u0648\u0627\u0644\u0647\u0646\u062f\u0633\u0629 \u0627\u0644\u062d\u064a\u0648\u064a\u0629 \u062c\u0627\u0645\u0639\u0629 \u0642\u0627\u0633\u062a\u0627\u0645\u0648\u0646\u0648 \u0642\u0627\u0633\u062a\u0627\u0645\u0648\u0646\u0648 \u060c \u062a\u0631\u0643\u064a\u0627&nbsp; \u0642\u0633\u0645 \u0639\u0644\u0645 \u0627\u0644\u0623\u0648\u0631\u0627\u0645 \u062c\u0627\u0645\u0639\u0629 \u0645\u064a\u062f\u064a\u0628\u0648\u0644 \u0625\u0633\u062a\u0627\u0646\u0628\u0648\u0644 \u060c \u062a\u0631\u0643\u064a\u0627&nbsp; \u0627\u0644\u0637\u0628\u064a\u0628\u0629 \u0627\u0644\u0645\u062a\u062e\u0635\u0635\u0629 \u0628\u0637\u0628 \u0627\u0644\u0623\u0633\u0631\u0629 \u0648\u0627\u0644\u0645\u062c\u062a\u0645\u0639 \u0648\u0632\u0627\u0631\u0629 \u0627\u0644\u0635\u062d\u0629 \u0627\u0644\u062a\u0631\u0643\u064a\u0629 \u062a\u0631\u0643\u064a\u0627&nbsp; \u0627\u0644\u0637\u0628\u064a\u0628\u0629 \u0627\u0644\u0645\u062a\u062e\u0635\u0635\u0629 \u0628\u0627\u0644\u0623\u0645\u0631\u0627\u0636 \u0627\u0644\u0628\u0627\u0637\u0646\u064a\u0629 \u0648\u0632\u0627\u0631\u0629 \u0627\u0644\u0635\u062d\u0629 \u0627\u0644\u062a\u0631\u0643\u064a\u0629 \u062a\u0631\u0643\u064a\u0627&nbsp; \u0627\u0644\u0637\u0628\u064a\u0628 \u0627\u0644\u0645\u062a\u062e\u0635\u0635 \u0628\u0627\u0644\u0623\u0645\u0631\u0627\u0636 \u0627\u0644\u062c\u0644\u062f\u064a\u0629 \u0648\u0632\u0627\u0631\u0629 \u0627\u0644\u0635\u062d\u0629 \u0627\u0644\u062a\u0631\u0643\u064a\u0629 \u062a\u0631\u0643\u064a\u0627<\/p>\n","protected":false},"author":1,"featured_media":0,"parent":0,"menu_order":0,"comment_status":"closed","ping_status":"closed","template":"","meta":{"_et_pb_use_builder":"on","_et_pb_old_content":"","_et_gb_content_width":"","footnotes":""},"class_list":["post-1167","page","type-page","status-publish","hentry"],"_links":{"self":[{"href":"https:\/\/apiterapidernegi.org\/ar\/wp-json\/wp\/v2\/pages\/1167","targetHints":{"allow":["GET"]}}],"collection":[{"href":"https:\/\/apiterapidernegi.org\/ar\/wp-json\/wp\/v2\/pages"}],"about":[{"href":"https:\/\/apiterapidernegi.org\/ar\/wp-json\/wp\/v2\/types\/page"}],"author":[{"embeddable":true,"href":"https:\/\/apiterapidernegi.org\/ar\/wp-json\/wp\/v2\/users\/1"}],"replies":[{"embeddable":true,"href":"https:\/\/apiterapidernegi.org\/ar\/wp-json\/wp\/v2\/comments?post=1167"}],"version-history":[{"count":37,"href":"https:\/\/apiterapidernegi.org\/ar\/wp-json\/wp\/v2\/pages\/1167\/revisions"}],"predecessor-version":[{"id":10409,"href":"https:\/\/apiterapidernegi.org\/ar\/wp-json\/wp\/v2\/pages\/1167\/revisions\/10409"}],"wp:attachment":[{"href":"https:\/\/apiterapidernegi.org\/ar\/wp-json\/wp\/v2\/media?parent=1167"}],"curies":[{"name":"wp","href":"https:\/\/api.w.org\/{rel}","templated":true}]}}