{"id":1180,"date":"2017-09-25T00:26:50","date_gmt":"2017-09-24T22:26:50","guid":{"rendered":"https:\/\/apiterapidernegi.org\/%d9%85%d9%82%d8%a7%d9%84%d8%a7%d8%aa-%d8%b9%d9%84%d9%85%d9%8a%d8%a9\/"},"modified":"2024-07-08T09:13:14","modified_gmt":"2024-07-08T06:13:14","slug":"%d9%85%d9%82%d8%a7%d9%84%d8%a7%d8%aa-%d8%b9%d9%84%d9%85%d9%8a%d8%a9","status":"publish","type":"page","link":"https:\/\/apiterapidernegi.org\/ar\/%d9%85%d9%82%d8%a7%d9%84%d8%a7%d8%aa-%d8%b9%d9%84%d9%85%d9%8a%d8%a9\/","title":{"rendered":"\u0645\u0642\u0627\u0644\u0627\u062a \u0639\u0644\u0645\u064a\u0629"},"content":{"rendered":"<p>[et_pb_section fb_built=&#8221;1&#8243; admin_label=&#8221;section&#8221; _builder_version=&#8221;4.16&#8243; global_colors_info=&#8221;{}&#8221;][et_pb_row admin_label=&#8221;Row&#8221; _builder_version=&#8221;4.16&#8243; background_size=&#8221;initial&#8221; background_position=&#8221;top_left&#8221; background_repeat=&#8221;repeat&#8221; global_colors_info=&#8221;{}&#8221;][et_pb_column type=&#8221;4_4&#8243; _builder_version=&#8221;4.16&#8243; custom_padding=&#8221;|||&#8221; global_colors_info=&#8221;{}&#8221; custom_padding__hover=&#8221;|||&#8221;][et_pb_text admin_label=&#8221;Metin&#8221; _builder_version=&#8221;4.16&#8243; text_font=&#8221;Aref Ruqaa||||||||&#8221; background_size=&#8221;initial&#8221; background_position=&#8221;top_left&#8221; background_repeat=&#8221;repeat&#8221; use_border_color=&#8221;off&#8221; border_color=&#8221;#ffffff&#8221; border_style=&#8221;solid&#8221; global_colors_info=&#8221;{}&#8221;]<\/p>\n<h2>\u0645\u0642\u0627\u0644\u0627\u062a \u0639\u0644\u0645\u064a\u0629<\/h2>\n<p>[\/et_pb_text][et_pb_divider color=&#8221;#c1402e&#8221; admin_label=&#8221;B\u00f6l\u00fcc\u00fc&#8221; _builder_version=&#8221;4.16&#8243; hide_on_mobile=&#8221;off&#8221; global_colors_info=&#8221;{}&#8221;][\/et_pb_divider][\/et_pb_column][\/et_pb_row][et_pb_row column_structure=&#8221;2_3,1_3&#8243; admin_label=&#8221;row&#8221; _builder_version=&#8221;4.16&#8243; background_size=&#8221;initial&#8221; background_position=&#8221;top_left&#8221; background_repeat=&#8221;repeat&#8221; global_colors_info=&#8221;{}&#8221;][et_pb_column type=&#8221;2_3&#8243; _builder_version=&#8221;4.16&#8243; custom_padding=&#8221;|||&#8221; global_colors_info=&#8221;{}&#8221; custom_padding__hover=&#8221;|||&#8221;][et_pb_text admin_label=&#8221;Metin&#8221; _builder_version=&#8221;4.26.0&#8243; background_size=&#8221;initial&#8221; hover_enabled=&#8221;0&#8243; use_border_color=&#8221;off&#8221; border_color=&#8221;#ffffff&#8221; border_style=&#8221;solid&#8221; global_colors_info=&#8221;{}&#8221; sticky_enabled=&#8221;0&#8243;]<\/p>\n<table>\n<tbody>\n<tr>\n<td width=\"307\"><a href=\"https:\/\/dergipark.org.tr\/en\/pub\/jan\" target=\"_blank\" rel=\"noopener\"><img loading=\"lazy\" decoding=\"async\" src=\"https:\/\/apiterapidernegi.org\/wp-content\/uploads\/2024\/07\/journal-of-apitherapy-and-nature-cover-jan-2024-1.jpg\" width=\"200\" height=\"300\" alt=\"\" class=\"wp-image-11237 aligncenter size-full\" \/><\/a><\/td>\n<td width=\"307\"><a href=\"https:\/\/dergipark.org.tr\/en\/pub\/bst\" target=\"_blank\" rel=\"noopener noreferrer\"><img loading=\"lazy\" decoding=\"async\" src=\"https:\/\/apiterapidernegi.org\/wp-content\/uploads\/2021\/03\/bee-studies-cover-bst.jpg\" width=\"200\" height=\"300\" alt=\"\" class=\"wp-image-9689 aligncenter size-full\" \/><\/a><\/td>\n<\/tr>\n<tr>\n<td width=\"307\">\n<ul>\n<li>\n<h6><span style=\"text-decoration: underline;\"><a href=\"https:\/\/dergipark.org.tr\/en\/pub\/jan\" target=\"_blank\" rel=\"noopener noreferrer\">Journal of Apitherapy and Nature (JAN)<\/a><\/span><\/h6>\n<\/li>\n<\/ul>\n<\/td>\n<td width=\"307\">\n<ul>\n<li>\n<h6><span style=\"text-decoration: underline;\"><a href=\"https:\/\/dergipark.org.tr\/en\/pub\/bst\" target=\"_blank\" rel=\"noopener noreferrer\">Bee Studies (BST)<\/a><\/span><\/h6>\n<\/li>\n<\/ul>\n<\/td>\n<\/tr>\n<tr>\n<td width=\"307\">\n<h4><a href=\"https:\/\/dergipark.org.tr\/en\/pub\/mellifera\" target=\"_blank\" rel=\"noopener noreferrer\"><img loading=\"lazy\" decoding=\"async\" src=\"https:\/\/apiterapidernegi.org\/wp-content\/uploads\/2021\/03\/mellifera-cover-journal-of-beekeeping.jpg\" width=\"200\" height=\"300\" alt=\"\" class=\"wp-image-9694 aligncenter size-full\" \/><\/a><\/h4>\n<\/td>\n<td width=\"307\"><a href=\"https:\/\/dergipark.org.tr\/en\/pub\/uluaricilik\" target=\"_blank\" rel=\"noopener\"><img loading=\"lazy\" decoding=\"async\" src=\"https:\/\/apiterapidernegi.org\/wp-content\/uploads\/2024\/07\/uludag-bee-journal-cover-uluaricilik-2024-1.jpg\" width=\"200\" height=\"300\" alt=\"\" class=\"wp-image-11247 aligncenter size-full\" \/><\/a><\/td>\n<\/tr>\n<tr>\n<td width=\"307\">\n<ul>\n<li>\n<h6><span style=\"text-decoration: underline;\"><a href=\"https:\/\/dergipark.org.tr\/en\/pub\/mellifera\" target=\"_blank\" rel=\"noopener noreferrer\">Journal of Beekeeping (MELLIFERA)<\/a><\/span><\/h6>\n<\/li>\n<\/ul>\n<\/td>\n<td width=\"307\">\n<ul>\n<li>\n<h6><span style=\"text-decoration: underline;\"><a href=\"https:\/\/dergipark.org.tr\/en\/pub\/uluaricilik\" target=\"_blank\" rel=\"noopener noreferrer\">Uludag Bee Journal (ULUARICILIK)<\/a><\/span><\/h6>\n<\/li>\n<\/ul>\n<\/td>\n<\/tr>\n<tr>\n<td width=\"307\"><a href=\"https:\/\/dergipark.org.tr\/en\/pub\/ijtcmr\" target=\"_blank\" rel=\"noopener\"><img loading=\"lazy\" decoding=\"async\" src=\"https:\/\/apiterapidernegi.org\/wp-content\/uploads\/2024\/07\/international-journal-of-traditional-and-complementary-medicine-research-cover-ijtcmr-new.jpg\" width=\"200\" height=\"300\" alt=\"\" class=\"wp-image-11242 aligncenter size-full\" \/><\/a><\/td>\n<td width=\"307\"><a href=\"https:\/\/dergipark.org.tr\/en\/pub\/gtatder\" target=\"_blank\" rel=\"noopener noreferrer\"><img loading=\"lazy\" decoding=\"async\" src=\"https:\/\/apiterapidernegi.org\/wp-content\/uploads\/2021\/03\/journal-of-traditional-and-complementary-anatolian-medicine-cover-gtatder.jpg\" width=\"200\" height=\"300\" alt=\"\" class=\"wp-image-9709 aligncenter size-full\" \/><\/a><\/td>\n<\/tr>\n<tr>\n<td width=\"307\">\n<ul>\n<li>\n<h6><span style=\"text-decoration: underline;\"><a href=\"https:\/\/dergipark.org.tr\/en\/pub\/ijtcmr\" target=\"_blank\" rel=\"noopener noreferrer\">International Journal of Traditional and Complementary Medicine Research (IJTCMR)<\/a><\/span><\/h6>\n<\/li>\n<\/ul>\n<\/td>\n<td width=\"307\">\n<ul>\n<li>\n<h6><span style=\"text-decoration: underline;\"><a href=\"https:\/\/dergipark.org.tr\/en\/pub\/gtatder\" target=\"_blank\" rel=\"noopener noreferrer\">Journal of Traditional and Complementary Anatolian Medicine (GTATDER)<\/a><\/span><\/h6>\n<p><span style=\"text-decoration: underline;\"><\/span><\/p>\n<\/li>\n<\/ul>\n<\/td>\n<\/tr>\n<\/tbody>\n<\/table>\n<p>&nbsp;<\/p>\n<h6 style=\"text-align: center;\"><strong>Powered by<\/strong><\/h6>\n<p><a href=\"https:\/\/dergipark.org.tr\/en\/\" target=\"_blank\" rel=\"noopener noreferrer\"><img loading=\"lazy\" decoding=\"async\" src=\"https:\/\/apiterapidernegi.org\/wp-content\/uploads\/2020\/03\/dergipark_logo.png\" width=\"300\" height=\"90\" alt=\"\" class=\"wp-image-7292 aligncenter size-full\" \/><\/a><\/p>\n<p>[\/et_pb_text][\/et_pb_column][et_pb_column type=&#8221;1_3&#8243; _builder_version=&#8221;4.16&#8243; custom_padding=&#8221;|||&#8221; global_colors_info=&#8221;{}&#8221; custom_padding__hover=&#8221;|||&#8221;][et_pb_blog posts_number=&#8221;2&#8243; include_categories=&#8221;3&#8243; show_author=&#8221;off&#8221; show_date=&#8221;off&#8221; show_categories=&#8221;off&#8221; show_pagination=&#8221;off&#8221; disabled_on=&#8221;on|on|&#8221; admin_label=&#8221;Blog&#8221; _builder_version=&#8221;4.16&#8243; use_border_color=&#8221;off&#8221; border_color=&#8221;#ffffff&#8221; border_style=&#8221;solid&#8221; use_dropshadow=&#8221;off&#8221; global_colors_info=&#8221;{}&#8221;][\/et_pb_blog][\/et_pb_column][\/et_pb_row][\/et_pb_section]<\/p>\n","protected":false},"excerpt":{"rendered":"<p>\u0645\u0642\u0627\u0644\u0627\u062a \u0639\u0644\u0645\u064a\u0629 Journal of Apitherapy and Nature (JAN) Bee Studies (BST) Journal of Beekeeping (MELLIFERA) Uludag Bee Journal (ULUARICILIK) International Journal of Traditional and Complementary Medicine Research (IJTCMR) Journal of Traditional and Complementary Anatolian Medicine (GTATDER) &nbsp; Powered by<\/p>\n","protected":false},"author":1,"featured_media":0,"parent":0,"menu_order":0,"comment_status":"closed","ping_status":"closed","template":"","meta":{"_et_pb_use_builder":"on","_et_pb_old_content":"","_et_gb_content_width":"","footnotes":""},"class_list":["post-1180","page","type-page","status-publish","hentry"],"_links":{"self":[{"href":"https:\/\/apiterapidernegi.org\/ar\/wp-json\/wp\/v2\/pages\/1180","targetHints":{"allow":["GET"]}}],"collection":[{"href":"https:\/\/apiterapidernegi.org\/ar\/wp-json\/wp\/v2\/pages"}],"about":[{"href":"https:\/\/apiterapidernegi.org\/ar\/wp-json\/wp\/v2\/types\/page"}],"author":[{"embeddable":true,"href":"https:\/\/apiterapidernegi.org\/ar\/wp-json\/wp\/v2\/users\/1"}],"replies":[{"embeddable":true,"href":"https:\/\/apiterapidernegi.org\/ar\/wp-json\/wp\/v2\/comments?post=1180"}],"version-history":[{"count":15,"href":"https:\/\/apiterapidernegi.org\/ar\/wp-json\/wp\/v2\/pages\/1180\/revisions"}],"predecessor-version":[{"id":11261,"href":"https:\/\/apiterapidernegi.org\/ar\/wp-json\/wp\/v2\/pages\/1180\/revisions\/11261"}],"wp:attachment":[{"href":"https:\/\/apiterapidernegi.org\/ar\/wp-json\/wp\/v2\/media?parent=1180"}],"curies":[{"name":"wp","href":"https:\/\/api.w.org\/{rel}","templated":true}]}}