{"id":1183,"date":"2017-09-25T00:29:00","date_gmt":"2017-09-24T22:29:00","guid":{"rendered":"https:\/\/apiterapidernegi.org\/%d8%a7%d9%84%d9%87%d9%8a%d8%a6%d8%a9-%d8%a7%d9%84%d8%a5%d8%b3%d8%aa%d8%b4%d8%a7%d8%b1%d9%8a%d8%a9\/"},"modified":"2026-01-17T19:53:46","modified_gmt":"2026-01-17T16:53:46","slug":"%d8%a7%d9%84%d9%87%d9%8a%d8%a6%d8%a9-%d8%a7%d9%84%d8%a5%d8%b3%d8%aa%d8%b4%d8%a7%d8%b1%d9%8a%d8%a9","status":"publish","type":"page","link":"https:\/\/apiterapidernegi.org\/ar\/%d8%a7%d9%84%d9%87%d9%8a%d8%a6%d8%a9-%d8%a7%d9%84%d8%a5%d8%b3%d8%aa%d8%b4%d8%a7%d8%b1%d9%8a%d8%a9\/","title":{"rendered":"\u0627\u0644\u0647\u064a\u0626\u0629 \u0627\u0644\u0625\u0633\u062a\u0634\u0627\u0631\u064a\u0629"},"content":{"rendered":"<p>[et_pb_section fb_built=&#8221;1&#8243; admin_label=&#8221;section&#8221; _builder_version=&#8221;4.16&#8243; global_colors_info=&#8221;{}&#8221;][et_pb_row admin_label=&#8221;Sat\u0131r&#8221; _builder_version=&#8221;4.16&#8243; background_size=&#8221;initial&#8221; background_position=&#8221;top_left&#8221; background_repeat=&#8221;repeat&#8221; global_colors_info=&#8221;{}&#8221;][et_pb_column type=&#8221;4_4&#8243; _builder_version=&#8221;4.16&#8243; custom_padding=&#8221;|||&#8221; global_colors_info=&#8221;{}&#8221; custom_padding__hover=&#8221;|||&#8221;][et_pb_text admin_label=&#8221;Metin&#8221; _builder_version=&#8221;4.16&#8243; header_font=&#8221;Aref Ruqaa||||||||&#8221; header_font_size=&#8221;35px&#8221; background_size=&#8221;initial&#8221; background_position=&#8221;top_left&#8221; background_repeat=&#8221;repeat&#8221; global_colors_info=&#8221;{}&#8221;]<\/p>\n<h1>\u0627\u0644\u0647\u064a\u0626\u0629 \u0627\u0644\u0625\u0633\u062a\u0634\u0627\u0631\u064a\u0629 \u0627\u0644\u0639\u0644\u0645\u064a\u0629<\/h1>\n<p>[\/et_pb_text][et_pb_divider color=&#8221;#c1402e&#8221; admin_label=&#8221;B\u00f6l\u00fcc\u00fc&#8221; _builder_version=&#8221;4.16&#8243; hide_on_mobile=&#8221;off&#8221; global_colors_info=&#8221;{}&#8221;] [\/et_pb_divider][\/et_pb_column][\/et_pb_row][et_pb_row column_structure=&#8221;2_3,1_3&#8243; admin_label=&#8221;Sat\u0131r&#8221; _builder_version=&#8221;4.16&#8243; background_size=&#8221;initial&#8221; background_position=&#8221;top_left&#8221; background_repeat=&#8221;repeat&#8221; global_colors_info=&#8221;{}&#8221;][et_pb_column type=&#8221;2_3&#8243; _builder_version=&#8221;4.16&#8243; custom_padding=&#8221;|||&#8221; global_colors_info=&#8221;{}&#8221; custom_padding__hover=&#8221;|||&#8221;][et_pb_text admin_label=&#8221;Metin&#8221; _builder_version=&#8221;4.27.4&#8243; text_font=&#8221;Aref Ruqaa||||||||&#8221; text_font_size=&#8221;22px&#8221; header_font=&#8221;||||||||&#8221; header_4_font=&#8221;Aref Ruqaa||||||||&#8221; header_4_font_size=&#8221;25px&#8221; background_size=&#8221;initial&#8221; background_position=&#8221;top_left&#8221; background_repeat=&#8221;repeat&#8221; hover_enabled=&#8221;0&#8243; global_colors_info=&#8221;{}&#8221; sticky_enabled=&#8221;0&#8243;]<\/p>\n<h4 style=\"text-align: justify;\"><strong>\u0647\u064a\u0626\u062a\u0646\u0627 \u0627\u0644\u0625\u0633\u062a\u0634\u0627\u0631\u064a\u0629 \u0627\u0644\u0639\u0644\u0645\u064a\u0629 \u0627\u0644\u062a\u064a \u062a\u0645 \u062a\u0634\u0643\u064a\u0644\u0647\u0627 \u0628\u0642\u0631\u0627\u0631 \u0645\u0646 \u0645\u062c\u0644\u0633 \u0625\u062f\u0627\u0631\u0629 \u062c\u0645\u0639\u064a\u062a\u0646\u0627 \u0641\u064a \u062a\u0627\u0631\u064a\u062e \u0662\u0662 \u0645\u0646 \u0623\u0628\u0631\u064a\u0644 \u0639\u0627\u0645 \u0662\u0660\u0661\u0664\u060c \u0647\u064a \u0643\u0645\u0627 \u062a\u0644\u064a :<\/strong><\/h4>\n<p><span>\u00a0<\/span><\/p>\n<ul>\n<li><strong>\u0639\u0628\u062f\u0627\u0644\u0644\u0647 \u062f\u0645\u064a\u0631\u0637\u0627\u0634 \u060c \u0627\u0644\u0623\u0633\u062a\u0627\u0630 \u0627\u0644\u0645\u0634\u0627\u0631\u0643 \u060c \u062c\u0627\u0645\u0639\u0629 \u0623\u0631\u062c\u064a\u0627\u0633 \u060c \u0643\u0644\u064a\u0629 \u0627\u0644\u0637\u0628<\/strong><strong><\/strong><\/li>\n<li><strong><\/strong><\/li>\n<li><strong>\u0623\u0635\u0644\u064a \u0623\u0648\u0632\u0642\u064a\u0631\u064a\u0645\u060c \u0627\u0644\u0623\u0633\u062a\u0627\u0630\u0629\u060c \u062c\u0627\u0645\u0639\u0629 \u062d\u0627\u062c\u0629 \u062a\u0647 \u067e\u0647\u060c \u0643\u0644\u064a\u0629 \u0627\u0644\u0641\u0646<\/strong><\/li>\n<li><strong><\/strong><\/li>\n<li><strong>\u0623\u0635\u0644\u064a \u0623\u0648\u0632\u0643\u0648\u0643\u060c \u0627\u0644\u0623\u0633\u062a\u0627\u0630\u0629\u060c \u062c\u0627\u0645\u0639\u0629 \u062d\u0627\u062c\u0629 \u062a\u0647 \u067e\u0647\u060c \u0643\u0644\u064a\u0629 \u0627\u0644\u0641\u0646<\/strong><\/li>\n<li><strong><\/strong><\/li>\n<li><strong>\u0628\u0627\u0646\u0648 \u064a\u0648\u062c\u0627\u0644 \u060c \u0627\u0644\u0623\u0633\u062a\u0627\u0630\u0629\u060c \u062c\u0627\u0645\u0639\u0629 \u0623\u062c\u0647\u060c \u0643\u0644\u064a\u0629 \u0627\u0644\u0632\u0631\u0627\u0639\u0629<\/strong><strong><\/strong><\/li>\n<li><strong><\/strong><\/li>\n<li><strong>\u0641\u0627\u0637\u0645\u0629 \u064a\u0627\u064a\u0644\u0627\u062c\u064a \u0642\u0631\u0627\u062e\u0644\u064a\u0644 \u060c \u0627\u0644\u0623\u0633\u062a\u0627\u0630\u0629 \u0627\u0644\u0645\u0633\u0627\u0639\u062f\u0629 \u060c \u062c\u0627\u0645\u0639\u0629 \u0627\u0644\u0628\u062d\u0631 \u0627\u0644\u0623\u0633\u0648\u062f \u060c \u0627\u0644\u0645\u062f\u0631\u0633\u0629 \u0627\u0644\u0645\u0647\u0646\u064a\u0629 \u0627\u0644\u0639\u0644\u064a\u0627 \u0628\u0645\u0627\u062c\u0642\u0647<\/strong><\/li>\n<li><strong><\/strong><\/li>\n<li><strong>\u062d\u0633\u064a\u0646 \u0634\u0627\u0647\u064a\u0646 \u060c \u0627\u0644\u0623\u0633\u062a\u0627\u0630 \u0627\u0644\u0645\u0633\u0627\u0639\u062f \u060c \u062c\u0627\u0645\u0639\u0629 \u0643\u064a\u0631\u0647 \u0635\u0648\u0646 \u060c \u0627\u0644\u0645\u062f\u0631\u0633\u0629 \u0627\u0644\u0645\u0647\u0646\u064a\u0629 \u0627\u0644\u0639\u0644\u064a\u0627 \u0628\u0623\u0633\u0628\u064a\u0647<\/strong><\/li>\n<li><strong><\/strong><\/li>\n<li><strong>\u0645\u062d\u0645\u062f \u0641\u0624\u0627\u062f \u0643\u0648\u0644 \u062e\u0627\u0646 \u060c \u0627\u0644\u062f\u0643\u062a\u0648\u0631 \u060c \u062c\u0627\u0645\u0639\u0629 \u0646\u063a\u062f\u0647 \u060c \u0643\u0644\u064a\u0629 \u0627\u0644\u0622\u062f\u0627\u0628 \u0648\u0627\u0644\u0641\u0646<\/strong><\/li>\n<li><strong><\/strong><\/li>\n<li><strong>\u0645\u0631\u064a\u0645 \u0642\u0631\u0627 \u060c \u0627\u0644\u0623\u0633\u062a\u0627\u0630\u0629 \u0627\u0644\u0645\u0633\u0627\u0639\u062f\u0629 \u060c \u062c\u0627\u0645\u0639\u0629 \u0633\u0644\u062c\u0648\u0642 \u060c \u0645\u0631\u0643\u0632 \u0628\u062d\u0648\u062b \u0648\u062a\u0637\u0648\u064a\u0631 \u0627\u0644\u062a\u0643\u0646\u0648\u0644\u0648\u062c\u064a\u0627 \u0627\u0644\u0641\u0627\u0626\u0642\u0629<\/strong><\/li>\n<li><strong><\/strong><\/li>\n<li><strong>\u0645\u0631\u0627\u062f \u0628\u0627\u064a \u0642\u0631\u0627 \u060c \u0627\u0644\u0637\u0628\u064a\u0628 \u060c \u062c\u0627\u0645\u0639\u0629 \u0642\u0647\u0631\u0645\u0627\u0646 \u0645\u0631\u0639\u0634 \u060c \u0643\u0644\u064a\u0629 \u0627\u0644\u0637\u0628<\/strong><\/li>\n<li><strong><\/strong><\/li>\n<li><strong>\u0646\u0648\u0631\u0622\u064a \u0634\u0627\u0647\u064a\u0646\u0644\u0631 \u060c \u0627\u0644\u0623\u0633\u062a\u0627\u0630\u0629 \u060c \u062c\u0627\u0645\u0639\u0629 \u0639\u0634\u0627\u0642 \u060c \u0643\u0644\u064a\u0629 \u0627\u0644\u0632\u0631\u0627\u0639\u0629 \u0648\u0627\u0644\u0639\u0644\u0648\u0645 \u0627\u0644\u0637\u0628\u064a\u0639\u064a\u0629<\/strong><\/li>\n<li><strong><\/strong><\/li>\n<li><strong>\u0623\u0648\u0642\u0637\u0627\u064a \u064a\u0644\u062f\u064a\u0632 \u060c \u0627\u0644\u0623\u0633\u062a\u0627\u0630 \u0627\u0644\u0645\u0633\u0627\u0639\u062f \u060c \u062c\u0627\u0645\u0639\u0629 \u0627\u0644\u0628\u062d\u0631 \u0627\u0644\u0623\u0633\u0648\u062f \u060c \u0627\u0644\u0645\u062f\u0631\u0633\u0629 \u0627\u0644\u0645\u0647\u0646\u064a\u0629 \u0627\u0644\u0639\u0644\u064a\u0627 \u0628\u0645\u0627\u062c\u0642\u0647<\/strong><\/li>\n<li><strong><\/strong><\/li>\n<li><strong>\u0639\u062b\u0645\u0627\u0646 \u0635\u0627\u063a\u062f\u064a\u062c \u060c \u0627\u0644\u0623\u0633\u062a\u0627\u0630 \u060c \u062c\u0627\u0645\u0639\u0629 \u064a\u0644\u062f\u064a\u0632 \u0627\u0644\u062a\u0642\u0646\u064a\u0629 \u060c \u0647\u0646\u062f\u0633\u0629 \u0627\u0644\u0623\u063a\u0630\u064a\u0629<\/strong><\/li>\n<li><strong><\/strong><\/li>\n<li><strong>\u0639\u062b\u0645\u0627\u0646 \u0633\u0644\u062c\u0648\u0642 \u0622\u0644 \u062f\u0645\u064a\u0631 \u060c \u0627\u0644\u0623\u0633\u062a\u0627\u0630 \u0627\u0644\u0645\u0634\u0627\u0631\u0643 \u060c \u062c\u0627\u0645\u0639\u0629 \u0639\u062f\u0646\u0627\u0646 \u0645\u0646\u062f\u0631\u0633 \u060c \u0643\u0644\u064a\u0629 \u0627\u0644\u0637\u0628 \u0627\u0644\u0628\u064a\u0637\u0631\u064a<\/strong><\/li>\n<li><strong><\/strong><\/li>\n<li><strong>\u0623\u0648\u0632\u0644\u0627\u0645 \u0635\u0627\u0631\u0627\u0644 \u060c \u0627\u0644\u0623\u0633\u062a\u0627\u0630\u0629 \u0627\u0644\u0645\u0633\u0627\u0639\u062f\u0629 \u060c \u062c\u0627\u0645\u0639\u0629 \u0623\u0631\u062a\u0648\u064a\u0646 \u060c \u0627\u0644\u0645\u062f\u0631\u0633\u0629 \u0627\u0644\u0645\u0647\u0646\u064a\u0629 \u0627\u0644\u0639\u0644\u064a\u0627 \u0628\u0623\u0631\u062a\u0648\u064a\u0646<\/strong><\/li>\n<li><strong><\/strong><\/li>\n<li><strong>\u0631\u0632\u0627\u0646 \u0639\u0644\u064a \u064a\u0627\u0632\u064a\u062c\u064a \u0623\u0648\u063a\u0644\u0648 \u060c \u0627\u0644\u0623\u0633\u062a\u0627\u0630\u0629 \u0627\u0644\u0645\u0634\u0627\u0631\u0643\u0629 \u060c \u062c\u0627\u0645\u0639\u0629 \u0627\u0644\u0628\u062d\u0631 \u0627\u0644\u0623\u0633\u0648\u062f \u060c \u0643\u0644\u064a\u0629 \u0627\u0644\u0635\u064a\u062f\u0644\u064a\u0629<\/strong><\/li>\n<li><strong><\/strong><\/li>\n<li><strong>\u0635\u0627\u0644\u062d\u0647 \u062f\u064a\u0646\u062c \u060c \u0627\u0644\u062f\u0643\u062a\u0648\u0631\u0629 \u060c \u062c\u0627\u0645\u0639\u0629 \u0633\u0644\u062c\u0648\u0642 \u060c \u0645\u0631\u0643\u0632 \u0628\u062d\u0648\u062b \u0648\u062a\u0637\u0648\u064a\u0631 \u0627\u0644\u062a\u0643\u0646\u0648\u0644\u0648\u062c\u064a\u0627 \u0627\u0644\u0641\u0627\u0626\u0642\u0629<\/strong><\/li>\n<li><strong><\/strong><\/li>\n<li><strong>\u0633\u0648\u0643\u064a \u0642\u0648\u0644\u0627\u064a\u0644\u064a \u060c \u0627\u0644\u0623\u0633\u062a\u0627\u0630\u0629 \u060c \u062c\u0627\u0645\u0639\u0629 \u0627\u0644\u0628\u062d\u0631 \u0627\u0644\u0623\u0633\u0648\u062f \u060c \u0643\u0644\u064a\u0629 \u0627\u0644\u0641\u0646<\/strong><\/li>\n<li><strong><\/strong><\/li>\n<li><strong>\u0633\u064a\u0628\u0627\u0644 \u0633\u064a\u0644\u064a\u062c\u064a \u060c \u0627\u0644\u0623\u0633\u062a\u0627\u0630\u0629 \u060c \u062c\u0627\u0645\u0639\u0629 \u0623\u0631\u062c\u064a\u0627\u0633 \u060c \u0643\u0644\u064a\u0629 \u0627\u0644\u0632\u0631\u0627\u0639\u0629<\/strong><\/li>\n<li><strong><\/strong><\/li>\n<li><strong>\u0632\u0644\u064a\u062e\u0629 \u0633\u0644\u0627\u0645 \u0623\u0648\u063a\u0644\u0648\u00a0 \u0637\u0644\u0627\u0633 \u060c \u0627\u0644\u0623\u0633\u062a\u0627\u0630\u0629 \u0627\u0644\u0645\u0634\u0627\u0631\u0643\u0629 \u060c \u062c\u0627\u0645\u0639\u0629 \u0646\u063a\u062f\u0647 \u060c \u0643\u0644\u064a\u0629 \u0627\u0644\u0622\u062f\u0627\u0628 \u0648\u0627\u0644\u0641\u0646<\/strong><\/li>\n<\/ul>\n<p><strong>\u00a0<\/strong><\/p>\n<p><strong><\/strong><\/p>\n<ul>\n<li>\n<h4 style=\"text-align: justify;\">\u0648\u0627\u0644\u0647\u064a\u0626\u0629 \u0627\u0644\u0625\u0633\u062a\u0634\u0627\u0631\u064a\u0629 \u0627\u0644\u0639\u0644\u0645\u064a\u0629 \u0645\u0641\u062a\u0648\u062d\u0629 \u0644\u062c\u0645\u064a\u0639 \u0627\u0644\u0639\u0644\u0645\u0627\u0621 \u0627\u0644\u0630\u064a\u0646 \u0642\u0627\u0645\u0648\u0627 \u0628\u0625\u0635\u062f\u0627\u0631 \u0645\u0646\u0634\u0648\u0631\u0627\u062a \u0639\u0644\u0645\u064a\u0629 \u0639\u0646 \u0627\u0644\u0639\u0644\u0627\u062c \u0628\u0627\u0644\u0646\u062d\u0644 (\u0623\u0628\u064a\u062b\u064a\u0631\u0627\u0628\u064a).<\/h4>\n<\/li>\n<li>\n<h4 style=\"text-align: justify;\">\u0648\u064a\u0645\u0643\u0646 \u0644\u0645\u0646 \u064a\u0631\u063a\u0628 \u0623\u0646 \u064a\u0635\u0628\u062d \u0639\u0636\u0648\u0627 \u0641\u064a \u0627\u0644\u0647\u064a\u0626\u0629 \u0627\u0644\u0625\u0633\u062a\u0634\u0627\u0631\u064a\u0629 \u0627\u0644\u0639\u0644\u0645\u064a\u0629 \u0623\u0646 \u064a\u0631\u0633\u0644 \u0639\u0631\u064a\u0636\u0629 \u0648\u0645\u0639\u0647\u0627 \u0627\u0644\u0646\u0635 \u0627\u0644\u0643\u0627\u0645\u0644 \u0644\u0645\u0646\u0634\u0648\u0631\u0627\u062a\u0647 \u0625\u0644\u0649 \u0639\u0646\u0648\u0627\u0646 \u0627\u0644\u062c\u0645\u0639\u064a\u0629 \u0623\u0648 \u0639\u0646\u0648\u0627\u0646 \u0627\u0644\u0628\u0631\u064a\u062f \u0627\u0644\u0625\u0644\u0643\u062a\u0631\u0648\u0646\u064a \u0639\u0644\u0649 <span style=\"color: #0000ff;\"><a href=\"mailto:info@apiterapidernegi.org\" style=\"color: #0000ff;\">info@apiterapidernegi.org<\/a><\/span>.<\/h4>\n<\/li>\n<\/ul>\n<p>&nbsp;<\/p>\n<ul><\/ul>\n<p>[\/et_pb_text][\/et_pb_column][et_pb_column type=&#8221;1_3&#8243; _builder_version=&#8221;4.16&#8243; custom_padding=&#8221;|||&#8221; global_colors_info=&#8221;{}&#8221; custom_padding__hover=&#8221;|||&#8221;][et_pb_blog posts_number=&#8221;2&#8243; include_categories=&#8221;3&#8243; show_more=&#8221;on&#8221; show_author=&#8221;off&#8221; show_date=&#8221;off&#8221; show_categories=&#8221;off&#8221; show_pagination=&#8221;off&#8221; disabled_on=&#8221;on|on|&#8221; admin_label=&#8221;Blog&#8221; _builder_version=&#8221;4.16&#8243; header_font=&#8221;Aref Ruqaa||||||||&#8221; body_font=&#8221;Aref Ruqaa||||||||&#8221; global_colors_info=&#8221;{}&#8221;] [\/et_pb_blog][\/et_pb_column][\/et_pb_row][\/et_pb_section]<\/p>\n","protected":false},"excerpt":{"rendered":"<p>\u0627\u0644\u0647\u064a\u0626\u0629 \u0627\u0644\u0625\u0633\u062a\u0634\u0627\u0631\u064a\u0629 \u0627\u0644\u0639\u0644\u0645\u064a\u0629 \u0647\u064a\u0626\u062a\u0646\u0627 \u0627\u0644\u0625\u0633\u062a\u0634\u0627\u0631\u064a\u0629 \u0627\u0644\u0639\u0644\u0645\u064a\u0629 \u0627\u0644\u062a\u064a \u062a\u0645 \u062a\u0634\u0643\u064a\u0644\u0647\u0627 \u0628\u0642\u0631\u0627\u0631 \u0645\u0646 \u0645\u062c\u0644\u0633 \u0625\u062f\u0627\u0631\u0629 \u062c\u0645\u0639\u064a\u062a\u0646\u0627 \u0641\u064a \u062a\u0627\u0631\u064a\u062e \u0662\u0662 \u0645\u0646 \u0623\u0628\u0631\u064a\u0644 \u0639\u0627\u0645 \u0662\u0660\u0661\u0664\u060c \u0647\u064a \u0643\u0645\u0627 \u062a\u0644\u064a : \u00a0 \u0639\u0628\u062f\u0627\u0644\u0644\u0647 \u062f\u0645\u064a\u0631\u0637\u0627\u0634 \u060c \u0627\u0644\u0623\u0633\u062a\u0627\u0630 \u0627\u0644\u0645\u0634\u0627\u0631\u0643 \u060c \u062c\u0627\u0645\u0639\u0629 \u0623\u0631\u062c\u064a\u0627\u0633 \u060c \u0643\u0644\u064a\u0629 \u0627\u0644\u0637\u0628 \u0623\u0635\u0644\u064a \u0623\u0648\u0632\u0642\u064a\u0631\u064a\u0645\u060c \u0627\u0644\u0623\u0633\u062a\u0627\u0630\u0629\u060c \u062c\u0627\u0645\u0639\u0629 \u062d\u0627\u062c\u0629 \u062a\u0647 \u067e\u0647\u060c \u0643\u0644\u064a\u0629 \u0627\u0644\u0641\u0646 \u0623\u0635\u0644\u064a \u0623\u0648\u0632\u0643\u0648\u0643\u060c \u0627\u0644\u0623\u0633\u062a\u0627\u0630\u0629\u060c \u062c\u0627\u0645\u0639\u0629 \u062d\u0627\u062c\u0629 \u062a\u0647 \u067e\u0647\u060c \u0643\u0644\u064a\u0629 \u0627\u0644\u0641\u0646 [&hellip;]<\/p>\n","protected":false},"author":1,"featured_media":0,"parent":0,"menu_order":0,"comment_status":"closed","ping_status":"closed","template":"","meta":{"_et_pb_use_builder":"on","_et_pb_old_content":"<h3>Derne\u011fimiz 22.04.2014 Tarihli Y\u00f6netim Kurulu Karar\u0131 ile olu\u015fturulan\u00a0Bilimsel Dan\u0131\u015fma Kurulumuz a\u015fa\u011f\u0131da belirtildi\u011fi gibidir.<\/h3><p>Prof. Dr. Nuray \u015eahinler, U\u015fak \u00dcniversitesi, Ziraat ve Do\u011fa Bilimleri Fak\u00fcltesi<br \/> Prof. Dr. Hatice \u00d6zbilge, Erciyes \u00dcniversitesi T\u0131p Fak\u00fcltesi<br \/> Prof. Dr. Osman Sa\u011fdi\u00e7, Y\u0131ld\u0131z Teknik \u00dcniversitesi, G\u0131da M\u00fchendisli\u011fi<br \/> Prof. Dr. Sevgi Kolayli, Karadeniz Teknik \u00dcniversitesi, Fen Fak\u00fcltesi<br \/> Prof. Dr. Sibel Silici, Erciyes \u00dcniversitesi, Ziraat Fak\u00fcltesi<br \/> Do\u00e7. Dr. Abdullah Demirta\u015f, Erciyes \u00dcniversitesi, T\u0131p Fak\u00fcltesi<br \/> Do\u00e7. Dr. Ethem Akyol, Ni\u011fde \u00dcniversitesi, Fen Edebiyat Fak\u00fcltesi<br \/> Do\u00e7. Dr. Osman Sel\u00e7uk Aldemir, Adnan Menderes \u00dcniversitesi, Veteriner Fak\u00fcltesi<br \/> Do\u00e7. Dr. Rezzan Aliyazicio\u011flu, Karadeniz Teknik \u00dcniversitesi, Eczac\u0131l\u0131k Fak\u00fcltesi<br \/> Do\u00e7. Dr. Zeliha Selamo\u011flu Talas, Ni\u011fde \u00dcniversitesi, Fen Edebiyat Fak\u00fcltesi<br \/> Yrd. Do\u00e7. Dr. Fatma Yaylaci Karahalil, Karadeniz Teknik \u00dcniversitesi, Ma\u00e7ka Myo<br \/> Yrd. Do\u00e7. Dr. H\u00fcseyin \u015eahin, Giresun \u00dcniversitesi, Espiye Myo<br \/> Yrd. Do\u00e7. Dr. Meryem Kara, Sel\u00e7uk \u00dcniversitesi, \u0130leri Teknoloji Ara\u015ft\u0131rma Uygulama Merkezi<br \/> Yrd. Do\u00e7. Dr. Oktay Yildiz, Karadeniz Teknik \u00dcniversitesi, Ma\u00e7ka Myo<br \/> Yrd. Do\u00e7. Dr. \u00d6zlem Saral, Artvin \u00c7oruh \u00dcniversitesi, A\u00e7\u00fc Smyo<br \/> Dr. Ali Timu\u00e7in Atayo\u011flu, Apiterapi Derne\u011fi<br \/> Dr. Mehmet Fuat G\u00fclhan, Ni\u011fde \u00dcniversitesi, Fen Edebiyat Fak\u00fcltesi<br \/> Dr. Murat Baykara, Kahramanmara\u015f S\u00fct\u00e7\u00fc \u0130mam \u00dcniversitesi, T\u0131p Fak\u00fcltesi<br \/> Dr. Saliha Din\u00e7, Sel\u00e7uk \u00dcniversitesi, \u0130leri Teknoloji Ara\u015ft\u0131rma Uygulama Merkezi<\/p>","_et_gb_content_width":"","footnotes":""},"class_list":["post-1183","page","type-page","status-publish","hentry"],"_links":{"self":[{"href":"https:\/\/apiterapidernegi.org\/ar\/wp-json\/wp\/v2\/pages\/1183","targetHints":{"allow":["GET"]}}],"collection":[{"href":"https:\/\/apiterapidernegi.org\/ar\/wp-json\/wp\/v2\/pages"}],"about":[{"href":"https:\/\/apiterapidernegi.org\/ar\/wp-json\/wp\/v2\/types\/page"}],"author":[{"embeddable":true,"href":"https:\/\/apiterapidernegi.org\/ar\/wp-json\/wp\/v2\/users\/1"}],"replies":[{"embeddable":true,"href":"https:\/\/apiterapidernegi.org\/ar\/wp-json\/wp\/v2\/comments?post=1183"}],"version-history":[{"count":24,"href":"https:\/\/apiterapidernegi.org\/ar\/wp-json\/wp\/v2\/pages\/1183\/revisions"}],"predecessor-version":[{"id":11634,"href":"https:\/\/apiterapidernegi.org\/ar\/wp-json\/wp\/v2\/pages\/1183\/revisions\/11634"}],"wp:attachment":[{"href":"https:\/\/apiterapidernegi.org\/ar\/wp-json\/wp\/v2\/media?parent=1183"}],"curies":[{"name":"wp","href":"https:\/\/api.w.org\/{rel}","templated":true}]}}