{"id":1186,"date":"2017-09-25T13:01:50","date_gmt":"2017-09-25T11:01:50","guid":{"rendered":"https:\/\/apiterapidernegi.org\/%d8%a7%d9%84%d8%a3%d8%ae%d8%a8%d8%a7%d8%b1\/"},"modified":"2018-04-29T22:03:39","modified_gmt":"2018-04-29T20:03:39","slug":"%d8%a7%d9%84%d8%a3%d8%ae%d8%a8%d8%a7%d8%b1","status":"publish","type":"page","link":"https:\/\/apiterapidernegi.org\/ar\/%d8%a7%d9%84%d8%a3%d8%ae%d8%a8%d8%a7%d8%b1\/","title":{"rendered":"\u0627\u0644\u0623\u062e\u0628\u0627\u0631"},"content":{"rendered":"<p>[et_pb_section fb_built=&#8221;1&#8243; admin_label=&#8221;section&#8221; _builder_version=&#8221;3.0.47&#8243;][et_pb_row padding_mobile=&#8221;off&#8221; column_padding_mobile=&#8221;on&#8221; parallax_method_1=&#8221;off&#8221; admin_label=&#8221;Sat\u0131r&#8221; _builder_version=&#8221;3.0.47&#8243; background_color=&#8221;rgba(224,153,0,0)&#8221; background_size=&#8221;initial&#8221; background_position=&#8221;top_left&#8221; background_repeat=&#8221;repeat&#8221;][et_pb_column type=&#8221;4_4&#8243; _builder_version=&#8221;3.0.47&#8243; column_padding_mobile=&#8221;on&#8221; parallax=&#8221;off&#8221; parallax_method=&#8221;off&#8221;][et_pb_text admin_label=&#8221;Metin&#8221; _builder_version=&#8221;3.0.106&#8243; header_font=&#8221;Aref Ruqaa||||||||&#8221; header_font_size=&#8221;35px&#8221; background_size=&#8221;initial&#8221; background_position=&#8221;top_left&#8221; background_repeat=&#8221;repeat&#8221;]<\/p>\n<h1>\u0627\u0644\u0623\u062e\u0628\u0627\u0631<\/h1>\n<p>[\/et_pb_text][et_pb_divider color=&#8221;#c1402e&#8221; show_divider=&#8221;on&#8221; admin_label=&#8221;B\u00f6l\u00fcc\u00fc&#8221; _builder_version=&#8221;3.0.47&#8243; hide_on_mobile=&#8221;off&#8221;] [\/et_pb_divider][\/et_pb_column][\/et_pb_row][et_pb_row admin_label=&#8221;Sat\u0131r&#8221; _builder_version=&#8221;3.0.47&#8243; background_size=&#8221;initial&#8221; background_position=&#8221;top_left&#8221; background_repeat=&#8221;repeat&#8221;][et_pb_column type=&#8221;2_3&#8243; _builder_version=&#8221;3.0.47&#8243; parallax=&#8221;off&#8221; parallax_method=&#8221;on&#8221;][et_pb_blog include_categories=&#8221;3&#8243; show_author=&#8221;off&#8221; admin_label=&#8221;Blog&#8221; _builder_version=&#8221;3.0.106&#8243; header_font=&#8221;Aref Ruqaa||||||||&#8221; body_font=&#8221;Aref Ruqaa||||||||&#8221; body_font_size=&#8221;20px&#8221; body_line_height=&#8221;1.8em&#8221;] [\/et_pb_blog][\/et_pb_column][et_pb_column type=&#8221;1_3&#8243; _builder_version=&#8221;3.0.47&#8243; parallax=&#8221;off&#8221; parallax_method=&#8221;on&#8221;][et_pb_blog posts_number=&#8221;1&#8243; include_categories=&#8221;4&#8243; show_author=&#8221;off&#8221; show_date=&#8221;off&#8221; show_categories=&#8221;off&#8221; show_pagination=&#8221;off&#8221; disabled_on=&#8221;on|on|&#8221; admin_label=&#8221;Blog&#8221; _builder_version=&#8221;3.0.106&#8243; header_font=&#8221;Aref Ruqaa||||||||&#8221; body_font=&#8221;Aref Ruqaa||||||||&#8221; body_font_size=&#8221;18px&#8221;] [\/et_pb_blog][\/et_pb_column][\/et_pb_row][\/et_pb_section]<\/p>\n","protected":false},"excerpt":{"rendered":"<p>\u0627\u0644\u0623\u062e\u0628\u0627\u0631<\/p>\n","protected":false},"author":1,"featured_media":0,"parent":0,"menu_order":0,"comment_status":"closed","ping_status":"closed","template":"","meta":{"_et_pb_use_builder":"on","_et_pb_old_content":"","_et_gb_content_width":"","footnotes":""},"class_list":["post-1186","page","type-page","status-publish","hentry"],"_links":{"self":[{"href":"https:\/\/apiterapidernegi.org\/ar\/wp-json\/wp\/v2\/pages\/1186","targetHints":{"allow":["GET"]}}],"collection":[{"href":"https:\/\/apiterapidernegi.org\/ar\/wp-json\/wp\/v2\/pages"}],"about":[{"href":"https:\/\/apiterapidernegi.org\/ar\/wp-json\/wp\/v2\/types\/page"}],"author":[{"embeddable":true,"href":"https:\/\/apiterapidernegi.org\/ar\/wp-json\/wp\/v2\/users\/1"}],"replies":[{"embeddable":true,"href":"https:\/\/apiterapidernegi.org\/ar\/wp-json\/wp\/v2\/comments?post=1186"}],"version-history":[{"count":5,"href":"https:\/\/apiterapidernegi.org\/ar\/wp-json\/wp\/v2\/pages\/1186\/revisions"}],"predecessor-version":[{"id":3723,"href":"https:\/\/apiterapidernegi.org\/ar\/wp-json\/wp\/v2\/pages\/1186\/revisions\/3723"}],"wp:attachment":[{"href":"https:\/\/apiterapidernegi.org\/ar\/wp-json\/wp\/v2\/media?parent=1186"}],"curies":[{"name":"wp","href":"https:\/\/api.w.org\/{rel}","templated":true}]}}