{"id":1226,"date":"2017-09-26T18:03:45","date_gmt":"2017-09-26T16:03:45","guid":{"rendered":"https:\/\/apiterapidernegi.org\/%d9%85%d9%86-%d8%b1%d8%a6%d9%8a%d8%b3-%d8%a7%d9%84%d8%ac%d9%85%d8%b9%d9%8a%d8%a9\/"},"modified":"2020-08-25T00:45:41","modified_gmt":"2020-08-24T22:45:41","slug":"%d9%85%d9%86-%d8%b1%d8%a6%d9%8a%d8%b3-%d8%a7%d9%84%d8%ac%d9%85%d8%b9%d9%8a%d8%a9","status":"publish","type":"page","link":"https:\/\/apiterapidernegi.org\/ar\/%d9%85%d9%86-%d8%b1%d8%a6%d9%8a%d8%b3-%d8%a7%d9%84%d8%ac%d9%85%d8%b9%d9%8a%d8%a9\/","title":{"rendered":"\u0645\u0646 \u0631\u0626\u064a\u0633 \u0627\u0644\u062c\u0645\u0639\u064a\u0629"},"content":{"rendered":"<p>[et_pb_section fb_built=&#8221;1&#8243; admin_label=&#8221;section&#8221; _builder_version=&#8221;3.22.3&#8243;][et_pb_row admin_label=&#8221;Sat\u0131r&#8221; _builder_version=&#8221;3.22.3&#8243; background_size=&#8221;initial&#8221; background_position=&#8221;top_left&#8221; background_repeat=&#8221;repeat&#8221;][et_pb_column type=&#8221;4_4&#8243; _builder_version=&#8221;3.0.47&#8243;][et_pb_text admin_label=&#8221;Metin&#8221; _builder_version=&#8221;3.23.3&#8243; text_font=&#8221;Aref Ruqaa||||||||&#8221; text_font_size=&#8221;40px&#8221; header_font=&#8221;Aref Ruqaa||||||||&#8221; header_font_size=&#8221;35px&#8221; background_size=&#8221;initial&#8221; background_position=&#8221;top_left&#8221; background_repeat=&#8221;repeat&#8221;]<\/p>\n<h1>\u0645\u0646 \u0631\u0626\u064a\u0633 \u0627\u0644\u062c\u0645\u0639\u064a\u0629<\/h1>\n<p>[\/et_pb_text][et_pb_divider color=&#8221;#c1402e&#8221; disabled_on=&#8221;on|on|off&#8221; admin_label=&#8221;B\u00f6l\u00fcc\u00fc&#8221; _builder_version=&#8221;3.2&#8243;][\/et_pb_divider][\/et_pb_column][\/et_pb_row][et_pb_row admin_label=&#8221;Sat\u0131r&#8221; _builder_version=&#8221;3.22.3&#8243; background_size=&#8221;initial&#8221; background_position=&#8221;top_left&#8221; background_repeat=&#8221;repeat&#8221;][et_pb_column type=&#8221;1_4&#8243; _builder_version=&#8221;3.0.47&#8243;][et_pb_team_member name=&#8221;\u0627\u0644\u0623\u0633\u062a\u0627\u0630 \u0627\u0644\u0637\u0628\u064a\u0628 \u0639\u0644\u064a \u062a\u0645\u0648\u062c\u064a\u0646 \u0623\u062a\u0627\u064a \u0623\u0648\u063a\u0644\u0648&#8221; position=&#8221;\u0631\u0626\u064a\u0633 \u0627\u0644\u062c\u0645\u0639\u064a\u0629 &#8221; image_url=&#8221;https:\/\/apiterapidernegi.org\/wp-content\/uploads\/2016\/05\/timucin_atayoglu.png&#8221; facebook_url=&#8221;https:\/\/www.facebook.com\/apitherapy.turkey&#8221; twitter_url=&#8221;https:\/\/twitter.com\/apitherapy_tr&#8221; google_url=&#8221;https:\/\/www.youtube.com\/c\/ApitherapyTurkey&#8221; admin_label=&#8221;Ki\u00fei&#8221; _builder_version=&#8221;3.23.3&#8243; header_font=&#8221;Aref Ruqaa||||||||&#8221; header_font_size=&#8221;30px&#8221; body_font=&#8221;Aref Ruqaa||||||||&#8221; body_font_size=&#8221;25px&#8221; background_size=&#8221;initial&#8221; background_position=&#8221;top_left&#8221; background_repeat=&#8221;repeat&#8221; linkedin_url=&#8221;https:\/\/www.linkedin.com\/in\/alitimucinatayoglu&#8221;][\/et_pb_team_member][\/et_pb_column][et_pb_column type=&#8221;3_4&#8243; _builder_version=&#8221;3.0.47&#8243;][et_pb_text admin_label=&#8221;Metin&#8221; _builder_version=&#8221;3.23.3&#8243; text_font=&#8221;Aref Ruqaa||||||||&#8221; text_font_size=&#8221;20px&#8221; text_line_height=&#8221;1.8em&#8221; background_size=&#8221;initial&#8221;]<\/p>\n<p>\u0645\u0631\u062d\u0628\u064b\u0627<\/p>\n<p style=\"text-align: justify;\">\u0627\u0644\u062c\u0645\u0639\u064a\u0629 \u0627\u0644\u062a\u0631\u0643\u064a\u0629 \u0644\u0644\u0639\u0644\u0627\u062c \u0628\u0627\u0644\u0646\u062d\u0644 (\u0623\u0628\u064a\u062b\u064a\u0631\u0627\u0628\u064a) \u062a\u0631\u0643\u062a \u062e\u0645\u0633 \u0633\u0646\u0648\u0627\u062a \u0645\u0646 \u0648\u0631\u0627\u0621\u0647\u0627. \u0648\u0641\u064a \u0647\u0630\u0647 \u0627\u0644\u0623\u062b\u0646\u0627\u0621\u060c \u0634\u0647\u062f \u0628\u0644\u062f\u0646\u0627 \u062a\u0637\u0648\u0631\u0627\u062a \u0645\u0647\u064a\u062c\u0629 \u0628\u0627\u0633\u0645 &#8220;\u0627\u0644\u0639\u0644\u0627\u062c \u0628\u0627\u0644\u0646\u062d\u0644&#8221; (\u0623\u0628\u064a\u062b\u064a\u0631\u0627\u0628\u064a). \u0648\u0627\u0644\u0623\u0647\u0645 \u0645\u0646 \u062a\u0644\u0643 \u0627\u0644\u062a\u0637\u0648\u0631\u0627\u062a \u062a\u0645\u0643\u0646 \u0645\u0644\u0627\u062d\u0638\u0629 \u0623\u0646 &#8220;\u0627\u0644\u0644\u0627\u0626\u062d\u0629 \u0627\u0644\u0645\u062a\u0639\u0644\u0642\u0629 \u0628\u0627\u0644\u0645\u0645\u0627\u0631\u0633\u0627\u062a \u0627\u0644\u0637\u0628\u064a\u0629 \u0627\u0644\u062a\u0642\u0644\u064a\u062f\u064a\u0629 \u0648\u0627\u0644\u062a\u0643\u0645\u064a\u0644\u064a\u0629&#8221; \u0642\u062f \u0646\u0634\u0631\u062a \u0641\u064a \u0627\u0644\u062c\u0631\u064a\u062f\u0629 \u0627\u0644\u0631\u0633\u0645\u064a\u0629 \u0641\u064a \u0662\u0669 \u062a\u0634\u0631\u064a\u0646 \u0627\u0644\u0623\u0648\u0644 \/ \u0623\u0643\u062a\u0648\u0628\u0631 \u0662\u0660\u0661\u0664 \u0648\u0639\u062f\u062f\u0647\u0627 \u0662\u0669\u0661\u0665\u0668. \u0648\u062a\u0634\u0645\u0644 \u0647\u0630\u0647 \u0627\u0644\u0644\u0627\u0626\u062d\u0629 \u0623\u064a\u0636\u0627 \u0645\u0645\u0627\u0631\u0633\u0627\u062a &#8220;\u0627\u0644\u0639\u0644\u0627\u062c \u0628\u0627\u0644\u0646\u062d\u0644&#8221; (\u0623\u0628\u064a\u062b\u064a\u0631\u0627\u0628\u064a) \u0627\u0644\u062a\u064a \u062a\u0639\u0631\u0641 \u0628\u0623\u0646\u0647\u0627 &#8220;\u0627\u0644\u0627\u0633\u062a\u062e\u062f\u0627\u0645 \u0627\u0644\u062a\u0643\u0645\u064a\u0644\u064a \u0648\u0627\u0644\u062f\u0627\u0639\u0645 \u0644\u0644\u0646\u062d\u0644 \u0648\u0645\u0646\u062a\u062c\u0627\u062a \u0627\u0644\u0646\u062d\u0644 \u0641\u064a \u0639\u0644\u0627\u062c \u0623\u0645\u0631\u0627\u0636 \u0645\u0639\u064a\u0646\u0629&#8221;.<\/p>\n<p style=\"text-align: justify;\">\u062b\u0645 \u062a\u0645 \u0646\u0634\u0631 &#8220;\u0627\u0644\u0642\u0627\u0646\u0648\u0646 \u0641\u064a \u0625\u0646\u0634\u0627\u0621 \u0631\u0626\u0627\u0633\u0629 \u0627\u0644\u0645\u0639\u0627\u0647\u062f \u0627\u0644\u0635\u062d\u064a\u0629 \u0627\u0644\u062a\u0631\u0643\u064a\u0629 \u0648\u062a\u0639\u062f\u064a\u0644 \u0628\u0639\u0636 \u0627\u0644\u0642\u0648\u0627\u0646\u064a\u0646 \u0648\u0627\u0644\u0645\u0631\u0627\u0633\u064a\u0645&#8221; \u0641\u064a \u0627\u0644\u062c\u0631\u064a\u062f\u0629 \u0627\u0644\u0631\u0633\u0645\u064a\u0629 \u0628\u062a\u0627\u0631\u064a\u062e \u0662\u0666\/\u0661\u0661\/\u0662\u0660\u0661\u0664 \u0648\u062a\u0645 \u062a\u062f\u0648\u064a\u0646\u0647\u0627. \u0648\u0647\u0643\u0630\u0627 \u062a\u0623\u0633\u0633 &#8220;\u0645\u0639\u0647\u062f \u0627\u0644\u0645\u0645\u0627\u0631\u0633\u0627\u062a \u0627\u0644\u0637\u0628\u064a\u0629 \u0627\u0644\u062a\u0642\u0644\u064a\u062f\u064a\u0629 \u0648\u0627\u0644\u062a\u0643\u0645\u064a\u0644\u064a\u0629 \u0641\u064a \u062a\u0631\u0643\u064a\u0627&#8221; \u062a\u062d\u062a &#8220;\u0631\u0626\u0627\u0633\u0629 \u0627\u0644\u0645\u0639\u0627\u0647\u062f \u0627\u0644\u0635\u062d\u064a\u0629 \u0627\u0644\u062a\u0631\u0643\u064a\u0629&#8221;.<\/p>\n<p style=\"text-align: justify;\">\u062b\u0645 \u0646\u0641\u0630 \u0627\u0644\u0645\u0624\u062a\u0645\u0631 \u0627\u0644\u062f\u0648\u0644\u064a \u0627\u0644\u0623\u0648\u0644 \u0645\u0631\u0645\u0627\u0631\u064a\u0633 \u0623\u0628\u064a\u062a\u064a\u0631\u0627\u0628\u064a \u0627\u0644\u0639\u0644\u0627\u062c \u0628\u0627\u0644\u0646\u062d\u0644 \u0648\u0645\u0646\u062a\u062c\u0627\u062a \u0627\u0644\u0646\u062d\u0644 \u0639\u0627\u0645 \u0662\u0660\u0661\u0665 \u0648\u0647\u0643\u0630\u0627 \u062a\u0645 \u0627\u0644\u062c\u0645\u0639 \u0628\u064a\u0646 \u0623\u0635\u062d\u0627\u0628 \u0627\u0644\u0645\u0635\u0644\u062d\u0629 \u0641\u064a \u0627\u0644\u0639\u0644\u0627\u062c \u0628\u0627\u0644\u0646\u062d\u0644. \u0648\u0623\u0636\u0627\u0641\u062a \u0645\u0634\u0627\u0631\u0643\u0629 \u0627\u0644\u0623\u0633\u062a\u0627\u0630 \u0641\u0627\u0646\u063a \u062c\u0648 \u0627\u0644\u0630\u064a \u0647\u0648 \u064a\u0639\u062f \u0631\u0627\u0626\u062f \u0627\u0644\u0639\u0644\u0627\u062c \u0628\u0627\u0644\u0646\u062d\u0644 \u0627\u0644\u062d\u062f\u064a\u062b \u0648\u0627\u0644\u0634\u0647\u064a\u0631 \u0641\u064a \u062c\u0645\u064a\u0639 \u0623\u0646\u062d\u0627\u0621 \u0627\u0644\u0639\u0627\u0644\u0645 \u0644\u0648\u0646\u0627 \u062e\u0627\u0635\u0627 \u0644\u0644\u0645\u0624\u062a\u0645\u0631.<\/p>\n<p style=\"text-align: justify;\">\u062a\u0631\u0643\u064a\u0627 \u0644\u0647\u0627 \u0645\u0643\u0627\u0646\u0629 \u0647\u0627\u0645\u0629 \u0641\u064a \u0627\u0644\u0646\u0638\u0627\u0645 \u0627\u0644\u0639\u0627\u0644\u0645\u064a \u0628\u0633\u0628\u0628 \u0648\u062c\u0648\u062f \u0639\u062f\u062f \u0627\u0644\u0646\u062d\u0644 \u0623\u0643\u062b\u0631 \u0645\u0646 \u0664 \u0645\u0644\u0627\u064a\u064a\u0646 \u0648\u062d\u0648\u0627\u0644\u064a \u0667\u0665\u0660\u0660\u0660 \u0637\u0646 \/ \u0633\u0646\u0629 \u0625\u0646\u062a\u0627\u062c \u0627\u0644\u0639\u0633\u0644. \u0648\u064a\u062a\u0645 \u0625\u0646\u062a\u0627\u062c \u0645\u0627 \u064a\u0642\u0631\u0628 \u0645\u0646 \u0669\u0660\u066a \u0645\u0646 \u0625\u0646\u062a\u0627\u062c \u0639\u0633\u0644 \u0627\u0644\u0635\u0646\u0648\u0628\u0631 \u0641\u064a \u0627\u0644\u0639\u0627\u0644\u0645 \u0641\u064a \u0645\u0646\u0637\u0642\u0629 \u0628\u062d\u0631 \u0625\u064a\u062c\u0629. \u0647\u0630\u0647 \u0627\u0644\u062b\u0631\u0627\u0621 \u062a\u062c\u0628 \u0623\u0646 \u062a\u0643\u0648\u0646 \u0645\u062f\u0639\u0648\u0645\u0629 \u0628\u062f\u0631\u0627\u0633\u0627\u062a \u0627\u0644\u0639\u0644\u0627\u062c \u0628\u0627\u0644\u0646\u062d\u0644 (\u0623\u0628\u064a\u062b\u064a\u0631\u0627\u0628\u064a).<\/p>\n<p style=\"text-align: justify;\">\u0627\u0644\u0622\u0646 \u0641\u064a \u0627\u0644\u0639\u0627\u0645 \u0627\u0644\u0645\u0642\u0628\u0644 (\u0662\u0660\u0661<strong>\u0667<\/strong>) \u0647\u064a \u0623\u0628\u064a\u0645\u0648\u0646\u062f\u064a\u0627 \u0627\u0644\u062a\u064a \u064a\u0639\u062a\u0632\u0645 \u0628\u0644\u062f\u0646\u0627 \u0627\u0633\u062a\u0636\u0627\u0641\u062a\u0647\u0627.<\/p>\n<p style=\"text-align: justify;\">\u0648\u0627\u0644\u0622\u0646 \u0644\u0642\u062f \u062d\u0627\u0646 \u0627\u0644\u0648\u0642\u062a \u0644\u0644\u0639\u0645\u0644 \u0645\u062b\u0644 \u0627\u0644\u0646\u062d\u0644 !<\/p>\n<p style=\"text-align: justify;\">\u0627\u0644\u0623\u0633\u062a\u0627\u0630 \u0627\u0644\u0637\u0628\u064a\u0628 \u0639\u0644\u064a \u062a\u0645\u0648\u062c\u064a\u0646 \u0623\u062a\u0627\u064a \u0623\u0648\u063a\u0644\u0648<br \/> \u0631\u0626\u064a\u0633 \u0627\u0644\u062c\u0645\u0639\u064a\u0629 \u0627\u0644\u062a\u0631\u0643\u064a\u0629 \u0644\u0644\u062a\u062f\u0627\u0648\u064a \u0628\u0627\u0644\u0646\u062d\u0644<\/p>\n<p>&nbsp;<\/p>\n<p>[\/et_pb_text][\/et_pb_column][\/et_pb_row][\/et_pb_section]<\/p>\n","protected":false},"excerpt":{"rendered":"<p>\u0645\u0646 \u0631\u0626\u064a\u0633 \u0627\u0644\u062c\u0645\u0639\u064a\u0629\u0645\u0631\u062d\u0628\u064b\u0627 \u0627\u0644\u062c\u0645\u0639\u064a\u0629 \u0627\u0644\u062a\u0631\u0643\u064a\u0629 \u0644\u0644\u0639\u0644\u0627\u062c \u0628\u0627\u0644\u0646\u062d\u0644 (\u0623\u0628\u064a\u062b\u064a\u0631\u0627\u0628\u064a) \u062a\u0631\u0643\u062a \u062e\u0645\u0633 \u0633\u0646\u0648\u0627\u062a \u0645\u0646 \u0648\u0631\u0627\u0621\u0647\u0627. \u0648\u0641\u064a \u0647\u0630\u0647 \u0627\u0644\u0623\u062b\u0646\u0627\u0621\u060c \u0634\u0647\u062f \u0628\u0644\u062f\u0646\u0627 \u062a\u0637\u0648\u0631\u0627\u062a \u0645\u0647\u064a\u062c\u0629 \u0628\u0627\u0633\u0645 &#8220;\u0627\u0644\u0639\u0644\u0627\u062c \u0628\u0627\u0644\u0646\u062d\u0644&#8221; (\u0623\u0628\u064a\u062b\u064a\u0631\u0627\u0628\u064a). \u0648\u0627\u0644\u0623\u0647\u0645 \u0645\u0646 \u062a\u0644\u0643 \u0627\u0644\u062a\u0637\u0648\u0631\u0627\u062a \u062a\u0645\u0643\u0646 \u0645\u0644\u0627\u062d\u0638\u0629 \u0623\u0646 &#8220;\u0627\u0644\u0644\u0627\u0626\u062d\u0629 \u0627\u0644\u0645\u062a\u0639\u0644\u0642\u0629 \u0628\u0627\u0644\u0645\u0645\u0627\u0631\u0633\u0627\u062a \u0627\u0644\u0637\u0628\u064a\u0629 \u0627\u0644\u062a\u0642\u0644\u064a\u062f\u064a\u0629 \u0648\u0627\u0644\u062a\u0643\u0645\u064a\u0644\u064a\u0629&#8221; \u0642\u062f \u0646\u0634\u0631\u062a \u0641\u064a \u0627\u0644\u062c\u0631\u064a\u062f\u0629 \u0627\u0644\u0631\u0633\u0645\u064a\u0629 \u0641\u064a \u0662\u0669 \u062a\u0634\u0631\u064a\u0646 \u0627\u0644\u0623\u0648\u0644 \/ \u0623\u0643\u062a\u0648\u0628\u0631 \u0662\u0660\u0661\u0664 \u0648\u0639\u062f\u062f\u0647\u0627 \u0662\u0669\u0661\u0665\u0668. \u0648\u062a\u0634\u0645\u0644 \u0647\u0630\u0647 \u0627\u0644\u0644\u0627\u0626\u062d\u0629 \u0623\u064a\u0636\u0627 [&hellip;]<\/p>\n","protected":false},"author":1,"featured_media":0,"parent":0,"menu_order":0,"comment_status":"closed","ping_status":"closed","template":"","meta":{"_et_pb_use_builder":"on","_et_pb_old_content":"","_et_gb_content_width":"","footnotes":""},"class_list":["post-1226","page","type-page","status-publish","hentry"],"_links":{"self":[{"href":"https:\/\/apiterapidernegi.org\/ar\/wp-json\/wp\/v2\/pages\/1226","targetHints":{"allow":["GET"]}}],"collection":[{"href":"https:\/\/apiterapidernegi.org\/ar\/wp-json\/wp\/v2\/pages"}],"about":[{"href":"https:\/\/apiterapidernegi.org\/ar\/wp-json\/wp\/v2\/types\/page"}],"author":[{"embeddable":true,"href":"https:\/\/apiterapidernegi.org\/ar\/wp-json\/wp\/v2\/users\/1"}],"replies":[{"embeddable":true,"href":"https:\/\/apiterapidernegi.org\/ar\/wp-json\/wp\/v2\/comments?post=1226"}],"version-history":[{"count":35,"href":"https:\/\/apiterapidernegi.org\/ar\/wp-json\/wp\/v2\/pages\/1226\/revisions"}],"predecessor-version":[{"id":8187,"href":"https:\/\/apiterapidernegi.org\/ar\/wp-json\/wp\/v2\/pages\/1226\/revisions\/8187"}],"wp:attachment":[{"href":"https:\/\/apiterapidernegi.org\/ar\/wp-json\/wp\/v2\/media?parent=1226"}],"curies":[{"name":"wp","href":"https:\/\/api.w.org\/{rel}","templated":true}]}}