{"id":2921,"date":"2017-09-23T22:25:24","date_gmt":"2017-09-23T20:25:24","guid":{"rendered":"https:\/\/apiterapidernegi.org\/membership\/"},"modified":"2020-03-29T18:07:49","modified_gmt":"2020-03-29T16:07:49","slug":"donation","status":"publish","type":"page","link":"https:\/\/apiterapidernegi.org\/ar\/donation\/","title":{"rendered":"Donation"},"content":{"rendered":"<p>[et_pb_section fb_built=&#8221;1&#8243; admin_label=&#8221;section&#8221; _builder_version=&#8221;3.22.3&#8243;][et_pb_row padding_mobile=&#8221;off&#8221; column_padding_mobile=&#8221;on&#8221; parallax_method_1=&#8221;off&#8221; admin_label=&#8221;Sat\u0131r&#8221; _builder_version=&#8221;3.22.3&#8243; background_size=&#8221;initial&#8221; background_position=&#8221;top_left&#8221; background_repeat=&#8221;repeat&#8221;][et_pb_column type=&#8221;4_4&#8243; _builder_version=&#8221;3.0.47&#8243;][et_pb_text _builder_version=&#8221;3.23.3&#8243; background_size=&#8221;initial&#8221; background_position=&#8221;top_left&#8221; background_repeat=&#8221;repeat&#8221; module_alignment=&#8221;left&#8221;]<\/p>\n<h2>Donation<\/h2>\n<p>[\/et_pb_text][et_pb_divider color=&#8221;#c1402e&#8221; disabled_on=&#8221;off&#8221; admin_label=&#8221;B\u00f6l\u00fcc\u00fc&#8221; _builder_version=&#8221;3.2&#8243; hide_on_mobile=&#8221;off&#8221; saved_tabs=&#8221;all&#8221;][\/et_pb_divider][\/et_pb_column][\/et_pb_row][et_pb_row custom_padding=&#8221;41px|0px|27px|0px&#8221; admin_label=&#8221;row&#8221; _builder_version=&#8221;3.22.3&#8243; background_size=&#8221;initial&#8221; background_position=&#8221;top_left&#8221; background_repeat=&#8221;repeat&#8221;][et_pb_column type=&#8221;4_4&#8243; _builder_version=&#8221;3.0.47&#8243;][et_pb_text _builder_version=&#8221;3.1.1&#8243; background_size=&#8221;initial&#8221; background_position=&#8221;top_left&#8221; background_repeat=&#8221;repeat&#8221; border_radii=&#8221;on|2px|2px|2px|2px&#8221; border_width_all=&#8221;2px&#8221; border_color_all=&#8221;#f59b13&#8243; module_alignment=&#8221;left&#8221;]<\/p>\n<p style=\"text-align: center;\">\n<p style=\"text-align: center;\">\n<p><img loading=\"lazy\" decoding=\"async\" src=\"..\/..\/wp-content\/uploads\/2018\/01\/kt_logo_orj_2-300x148.png\" width=\"300\" height=\"148\" alt=\"\" class=\"wp-image-2991 aligncenter size-medium\" srcset=\"https:\/\/apiterapidernegi.org\/wp-content\/uploads\/2018\/01\/kt_logo_orj_2-300x148.png 300w, https:\/\/apiterapidernegi.org\/wp-content\/uploads\/2018\/01\/kt_logo_orj_2.png 709w\" sizes=\"(max-width: 300px) 100vw, 300px\" \/><\/p>\n<p style=\"text-align: center;\">You can donate to the Turkish Apitherapy Association via EFT to the bank account number for support its activities.<\/p>\n<p style=\"text-align: center;\"><strong>Account Name:<\/strong> Apiterapi Dernegi<br \/> <strong>IBAN: <\/strong>TR21 0020 5000 0949 2957 0001 01 (USD)<br \/> <strong>IBAN: <\/strong>TR91 0020 5000 0949 2957 0001 02 (EUR)<strong><br \/> Bank:<\/strong> KUVEYTTURK<br \/> <strong>Branch:<\/strong>\u00a0BESIKTAS<\/p>\n<p style=\"text-align: center;\"><strong>Swift code:<\/strong> KTEFTRISXXX<br \/> <strong>Swift code (8 <span>characters)<\/span>:<\/strong> KTEFTRIS<br \/> <strong>Bank name: <\/strong>KUVEYTTURK<strong><br \/> Bank code:\u00a0<\/strong>205<strong><br \/> Branch name:<\/strong>\u00a0BESIKTAS<br \/> <strong>Branch code:<\/strong>\u00a063<br \/> <strong>Branch address:<\/strong>\u00a0Besiktas 34330 Istanbul<br \/> <strong>City:<\/strong>\u00a0Istanbul<br \/> <strong>Country:<\/strong>\u00a0Turkey<\/p>\n<p style=\"text-align: center;\">Please remark the purpose in the description section:<\/p>\n<ul>\n<li>R&amp;D (Research &amp; Development)<\/li>\n<li>Sponsorship<\/li>\n<li>Donation<\/li>\n<\/ul>\n<p>[\/et_pb_text][\/et_pb_column][\/et_pb_row][\/et_pb_section]<\/p>\n","protected":false},"excerpt":{"rendered":"<p>Donation You can donate to the Turkish Apitherapy Association via EFT to the bank account number for support its activities. Account Name: Apiterapi Dernegi IBAN: TR21 0020 5000 0949 2957 0001 01 (USD) IBAN: TR91 0020 5000 0949 2957 0001 02 (EUR) Bank: KUVEYTTURK Branch:\u00a0BESIKTAS Swift code: KTEFTRISXXX Swift code (8 characters): KTEFTRIS Bank name: [&hellip;]<\/p>\n","protected":false},"author":1,"featured_media":0,"parent":0,"menu_order":0,"comment_status":"closed","ping_status":"closed","template":"","meta":{"_et_pb_use_builder":"on","_et_pb_old_content":"","_et_gb_content_width":"","footnotes":""},"class_list":["post-2921","page","type-page","status-publish","hentry"],"_links":{"self":[{"href":"https:\/\/apiterapidernegi.org\/ar\/wp-json\/wp\/v2\/pages\/2921","targetHints":{"allow":["GET"]}}],"collection":[{"href":"https:\/\/apiterapidernegi.org\/ar\/wp-json\/wp\/v2\/pages"}],"about":[{"href":"https:\/\/apiterapidernegi.org\/ar\/wp-json\/wp\/v2\/types\/page"}],"author":[{"embeddable":true,"href":"https:\/\/apiterapidernegi.org\/ar\/wp-json\/wp\/v2\/users\/1"}],"replies":[{"embeddable":true,"href":"https:\/\/apiterapidernegi.org\/ar\/wp-json\/wp\/v2\/comments?post=2921"}],"version-history":[{"count":19,"href":"https:\/\/apiterapidernegi.org\/ar\/wp-json\/wp\/v2\/pages\/2921\/revisions"}],"predecessor-version":[{"id":7685,"href":"https:\/\/apiterapidernegi.org\/ar\/wp-json\/wp\/v2\/pages\/2921\/revisions\/7685"}],"wp:attachment":[{"href":"https:\/\/apiterapidernegi.org\/ar\/wp-json\/wp\/v2\/media?parent=2921"}],"curies":[{"name":"wp","href":"https:\/\/api.w.org\/{rel}","templated":true}]}}