{"id":1047,"date":"2017-09-21T22:00:44","date_gmt":"2017-09-21T20:00:44","guid":{"rendered":"https:\/\/apiterapidernegi.org\/?page_id=1047"},"modified":"2020-06-12T03:32:14","modified_gmt":"2020-06-12T01:32:14","slug":"videos","status":"publish","type":"page","link":"https:\/\/apiterapidernegi.org\/en\/videos\/","title":{"rendered":"Videos"},"content":{"rendered":"<p>[et_pb_section fb_built=&#8221;1&#8243; admin_label=&#8221;section&#8221; _builder_version=&#8221;3.22.3&#8243;][et_pb_row admin_label=&#8221;Sat\u0131r&#8221; _builder_version=&#8221;3.22.3&#8243; background_size=&#8221;initial&#8221; background_position=&#8221;top_left&#8221; background_repeat=&#8221;repeat&#8221;][et_pb_column type=&#8221;4_4&#8243; _builder_version=&#8221;3.0.47&#8243;][et_pb_text admin_label=&#8221;Metin&#8221; _builder_version=&#8221;3.23.3&#8243; min_height=&#8221;89px&#8221; custom_margin=&#8221;||11px|||&#8221; custom_padding=&#8221;0px||0px|||&#8221; border_style=&#8221;solid&#8221;]<\/p>\n<h2>\u00a0Videos<\/h2>\n<p>[\/et_pb_text][et_pb_divider color=&#8221;#c1402e&#8221; admin_label=&#8221;B\u00f6l\u00fcc\u00fc&#8221; _builder_version=&#8221;3.23.3&#8243; custom_margin=&#8221;-23px|||||&#8221; hide_on_mobile=&#8221;off&#8221; custom_padding=&#8221;||0px|||&#8221;][\/et_pb_divider][\/et_pb_column][\/et_pb_row][et_pb_row admin_label=&#8221;row&#8221; _builder_version=&#8221;3.22.3&#8243; background_size=&#8221;initial&#8221; background_position=&#8221;top_left&#8221; background_repeat=&#8221;repeat&#8221;][et_pb_column type=&#8221;2_3&#8243; _builder_version=&#8221;3.0.47&#8243;][et_pb_blog include_categories=&#8221;18&#8243; show_author=&#8221;off&#8221; show_categories=&#8221;off&#8221; _builder_version=&#8221;3.0.94&#8243; pagination_font_size_tablet=&#8221;51&#8243; pagination_line_height_tablet=&#8221;2&#8243; border_style=&#8221;solid&#8221; use_dropshadow=&#8221;off&#8221;][\/et_pb_blog][\/et_pb_column][et_pb_column type=&#8221;1_3&#8243; _builder_version=&#8221;3.0.47&#8243;][et_pb_sidebar orientation=&#8221;right&#8221; _builder_version=&#8221;3.23.3&#8243;][\/et_pb_sidebar][\/et_pb_column][\/et_pb_row][\/et_pb_section]<\/p>\n","protected":false},"excerpt":{"rendered":"<p>\u00a0Videos<\/p>\n","protected":false},"author":1,"featured_media":0,"parent":0,"menu_order":0,"comment_status":"closed","ping_status":"closed","template":"","meta":{"_et_pb_use_builder":"on","_et_pb_old_content":"","_et_gb_content_width":"","footnotes":""},"class_list":["post-1047","page","type-page","status-publish","hentry"],"_links":{"self":[{"href":"https:\/\/apiterapidernegi.org\/en\/wp-json\/wp\/v2\/pages\/1047","targetHints":{"allow":["GET"]}}],"collection":[{"href":"https:\/\/apiterapidernegi.org\/en\/wp-json\/wp\/v2\/pages"}],"about":[{"href":"https:\/\/apiterapidernegi.org\/en\/wp-json\/wp\/v2\/types\/page"}],"author":[{"embeddable":true,"href":"https:\/\/apiterapidernegi.org\/en\/wp-json\/wp\/v2\/users\/1"}],"replies":[{"embeddable":true,"href":"https:\/\/apiterapidernegi.org\/en\/wp-json\/wp\/v2\/comments?post=1047"}],"version-history":[{"count":9,"href":"https:\/\/apiterapidernegi.org\/en\/wp-json\/wp\/v2\/pages\/1047\/revisions"}],"predecessor-version":[{"id":7875,"href":"https:\/\/apiterapidernegi.org\/en\/wp-json\/wp\/v2\/pages\/1047\/revisions\/7875"}],"wp:attachment":[{"href":"https:\/\/apiterapidernegi.org\/en\/wp-json\/wp\/v2\/media?parent=1047"}],"curies":[{"name":"wp","href":"https:\/\/api.w.org\/{rel}","templated":true}]}}