{"id":1073,"date":"2017-09-22T13:33:14","date_gmt":"2017-09-22T11:33:14","guid":{"rendered":"https:\/\/apiterapidernegi.org\/?page_id=1073"},"modified":"2023-02-02T23:06:42","modified_gmt":"2023-02-02T20:06:42","slug":"from-the-founder","status":"publish","type":"page","link":"https:\/\/apiterapidernegi.org\/en\/from-the-founder\/","title":{"rendered":"From the Founder"},"content":{"rendered":"<p>[et_pb_section fb_built=&#8221;1&#8243; admin_label=&#8221;section&#8221; _builder_version=&#8221;3.22.3&#8243;][et_pb_row admin_label=&#8221;Sat\u0131r&#8221; _builder_version=&#8221;3.25&#8243; background_size=&#8221;initial&#8221; background_position=&#8221;top_left&#8221; background_repeat=&#8221;repeat&#8221;][et_pb_column type=&#8221;4_4&#8243; _builder_version=&#8221;3.25&#8243; custom_padding=&#8221;|||&#8221; custom_padding__hover=&#8221;|||&#8221;][et_pb_text admin_label=&#8221;Metin&#8221; _builder_version=&#8221;3.27.4&#8243; background_size=&#8221;initial&#8221; background_position=&#8221;top_left&#8221; background_repeat=&#8221;repeat&#8221;]<\/p>\n<h2>From the President<\/h2>\n<p>[\/et_pb_text][et_pb_divider color=&#8221;#c1402e&#8221; disabled_on=&#8221;on|on|off&#8221; admin_label=&#8221;B\u00f6l\u00fcc\u00fc&#8221; _builder_version=&#8221;3.2&#8243;][\/et_pb_divider][\/et_pb_column][\/et_pb_row][et_pb_row column_structure=&#8221;1_4,3_4&#8243; admin_label=&#8221;Sat\u0131r&#8221; _builder_version=&#8221;3.25&#8243; background_size=&#8221;initial&#8221; background_position=&#8221;top_left&#8221; background_repeat=&#8221;repeat&#8221;][et_pb_column type=&#8221;1_4&#8243; _builder_version=&#8221;3.25&#8243; custom_padding=&#8221;|||&#8221; custom_padding__hover=&#8221;|||&#8221;][et_pb_team_member name=&#8221;Ali Timucin Atayoglu, MD&#8221; position=&#8221;President of TAA&#8221; image_url=&#8221;https:\/\/apiterapidernegi.org\/wp-content\/uploads\/2016\/05\/timucin_atayoglu.png&#8221; facebook_url=&#8221;https:\/\/www.facebook.com\/apitherapy.turkey&#8221; twitter_url=&#8221;https:\/\/twitter.com\/apitherapy_tr&#8221; google_url=&#8221;https:\/\/www.youtube.com\/c\/ApitherapyTurkey&#8221; linkedin_url=&#8221;https:\/\/www.linkedin.com\/in\/alitimucinatayoglu&#8221; admin_label=&#8221;Ki\u00fei&#8221; _builder_version=&#8221;4.9.2&#8243; background_size=&#8221;initial&#8221; background_position=&#8221;top_left&#8221; background_repeat=&#8221;repeat&#8221;][\/et_pb_team_member][\/et_pb_column][et_pb_column type=&#8221;3_4&#8243; _builder_version=&#8221;3.25&#8243; custom_padding=&#8221;|||&#8221; custom_padding__hover=&#8221;|||&#8221;][et_pb_text admin_label=&#8221;Metin&#8221; _builder_version=&#8221;4.9.7&#8243; background_size=&#8221;initial&#8221; hover_enabled=&#8221;0&#8243; sticky_enabled=&#8221;0&#8243;]<\/p>\n<p>Hello,<\/p>\n<p style=\"text-align: justify;\">The Turkish Apitherapy Association (<strong>TAA<\/strong>) left 12 years behind it. In the meantime, the country has experienced exciting developments in the name of Apitherapy. Most importantly, it can be shown that the \u201cRegulation on Traditional and Complementary Medical Practices\u201d has been published in the Official Gazette on October 29th 2014 and numbered 29158. This regulation also includes the \u201cApitherapy\u201d practices, which are defined as \u201ccomplementary and supportive use of bee and bee products in the treatment of certain diseases\u201d.<\/p>\n<p style=\"text-align: justify;\">The Law on the Establishment of the Turkish Institute of Health (T\u00dcSEB) and the Amendment of Certain Laws and Decrees on the Decree of the Law was published in the Official Gazette on 11\/26\/2014 and legalized with the title of \u201cInstitute of Traditional and Complementary Medical Applications of Turkey\u201d was set up.<\/p>\n<p style=\"text-align: justify;\">The stakeholders of the apitherapy were brought together in 2015 with the \u201c1st International Marmaris Apitherapy and Apicultural Products Symposium\u201d. The participation of Fang Zhu who is\u00a0Professor of Modern Apitherapy and renowned worldwide,\u00a0 added a special color to the symposium.<\/p>\n<p style=\"text-align: justify;\">Turkey is in an important position in the world order with more than 4 million colony assets and about 75.000 tons\/year honey production. Approximately 90% of the world\u2019s pine honey production is produced in the Aegean region. This richness must be supported by the studies on apitherapy.<\/p>\n<p style=\"text-align: justify;\">And the next is Apimondia which is planned to host by our country, Turkey,\u00a0in the coming year.<\/p>\n<p style=\"text-align: justify;\">Now it\u2019s time to work like a bee!<\/p>\n<p style=\"text-align: justify;\">Ali Timucin Atayoglu, MD<br \/>Founder and Chairman<\/p>\n<p>[\/et_pb_text][\/et_pb_column][\/et_pb_row][\/et_pb_section]<\/p>\n","protected":false},"excerpt":{"rendered":"<p>From the President Hello, The Turkish Apitherapy Association (TAA) left 12 years behind it. In the meantime, the country has experienced exciting developments in the name of Apitherapy. Most importantly, it can be shown that the \u201cRegulation on Traditional and Complementary Medical Practices\u201d has been published in the Official Gazette on October 29th 2014 and [&hellip;]<\/p>\n","protected":false},"author":1,"featured_media":0,"parent":0,"menu_order":0,"comment_status":"closed","ping_status":"closed","template":"","meta":{"_et_pb_use_builder":"on","_et_pb_old_content":"","_et_gb_content_width":"","footnotes":""},"class_list":["post-1073","page","type-page","status-publish","hentry"],"_links":{"self":[{"href":"https:\/\/apiterapidernegi.org\/en\/wp-json\/wp\/v2\/pages\/1073","targetHints":{"allow":["GET"]}}],"collection":[{"href":"https:\/\/apiterapidernegi.org\/en\/wp-json\/wp\/v2\/pages"}],"about":[{"href":"https:\/\/apiterapidernegi.org\/en\/wp-json\/wp\/v2\/types\/page"}],"author":[{"embeddable":true,"href":"https:\/\/apiterapidernegi.org\/en\/wp-json\/wp\/v2\/users\/1"}],"replies":[{"embeddable":true,"href":"https:\/\/apiterapidernegi.org\/en\/wp-json\/wp\/v2\/comments?post=1073"}],"version-history":[{"count":41,"href":"https:\/\/apiterapidernegi.org\/en\/wp-json\/wp\/v2\/pages\/1073\/revisions"}],"predecessor-version":[{"id":10808,"href":"https:\/\/apiterapidernegi.org\/en\/wp-json\/wp\/v2\/pages\/1073\/revisions\/10808"}],"wp:attachment":[{"href":"https:\/\/apiterapidernegi.org\/en\/wp-json\/wp\/v2\/media?parent=1073"}],"curies":[{"name":"wp","href":"https:\/\/api.w.org\/{rel}","templated":true}]}}