{"id":815,"date":"2017-09-18T08:27:52","date_gmt":"2017-09-18T06:27:52","guid":{"rendered":"https:\/\/apiterapidernegi.org\/?page_id=815"},"modified":"2018-11-08T00:04:37","modified_gmt":"2018-11-07T22:04:37","slug":"from-the-honorary-founder","status":"publish","type":"page","link":"https:\/\/apiterapidernegi.org\/en\/from-the-honorary-founder\/","title":{"rendered":"From the Honorary Founder"},"content":{"rendered":"<p>[et_pb_section fb_built=&#8221;1&#8243; admin_label=&#8221;section&#8221; _builder_version=&#8221;3.0.47&#8243;][et_pb_row admin_label=&#8221;Sat\u0131r&#8221; _builder_version=&#8221;3.0.47&#8243; background_size=&#8221;initial&#8221; background_position=&#8221;top_left&#8221; background_repeat=&#8221;repeat&#8221;][et_pb_column type=&#8221;4_4&#8243; _builder_version=&#8221;3.0.47&#8243; parallax=&#8221;off&#8221; parallax_method=&#8221;on&#8221;][et_pb_text admin_label=&#8221;Metin&#8221; _builder_version=&#8221;3.0.106&#8243; background_size=&#8221;initial&#8221; background_position=&#8221;top_left&#8221; background_repeat=&#8221;repeat&#8221; module_alignment=&#8221;left&#8221;]<\/p>\n<h2>From the Honorary President<\/h2>\n<p>[\/et_pb_text][et_pb_divider color=&#8221;#c1402e&#8221; disabled_on=&#8221;on|on|off&#8221; admin_label=&#8221;B\u00f6l\u00fcc\u00fc&#8221; _builder_version=&#8221;3.2&#8243; hide_on_mobile=&#8221;on&#8221;][\/et_pb_divider][\/et_pb_column][\/et_pb_row][et_pb_row admin_label=&#8221;row&#8221; _builder_version=&#8221;3.0.47&#8243; background_size=&#8221;initial&#8221; background_position=&#8221;top_left&#8221; background_repeat=&#8221;repeat&#8221;][et_pb_column type=&#8221;1_4&#8243; _builder_version=&#8221;3.0.47&#8243; parallax=&#8221;off&#8221; parallax_method=&#8221;on&#8221;][et_pb_team_member name=&#8221;Professor Fang Zhu&#8221; position=&#8221;Honorary President of TAA&#8221; image_url=&#8221;https:\/\/apiterapidernegi.org\/wp-content\/uploads\/2016\/05\/prof_fung_zhu_5.png&#8221; admin_label=&#8221;Ki\u00fei&#8221; _builder_version=&#8221;3.17.2&#8243; background_size=&#8221;initial&#8221; background_position=&#8221;top_left&#8221; background_repeat=&#8221;repeat&#8221;][\/et_pb_team_member][\/et_pb_column][et_pb_column type=&#8221;3_4&#8243; _builder_version=&#8221;3.0.47&#8243; parallax=&#8221;off&#8221; parallax_method=&#8221;on&#8221;][et_pb_text admin_label=&#8221;Metin&#8221; _builder_version=&#8221;3.17.2&#8243; background_size=&#8221;initial&#8221; module_alignment=&#8221;left&#8221;]<\/p>\n<p style=\"text-align: justify;\">I have been in the world of bees since 1956, and have been engaged in Apitherapy Health Care for 60 years, established unique \u201cChinese Bee Acupuncture Therapy\u201d by combining bee venom treatment and the theory of Meridians and Collaterals. I also worked on propolis tablets to prevent and treat hyperlipidemia. I have been promoting health care effects of honeybee products and searching the important role of apitherapy in preventing diseases.<\/p>\n<p style=\"text-align: justify;\">In 1980s, Central Newsreel and Documentary Film Studio (<strong>CNDFS<\/strong>) produced \u201cProfessor Fang Zhu: Specialist in Apitherapy\u201d, translated into English to broadcast in various countries. Since then I have been interviewed by China Central Television (<strong>CCTV<\/strong>) for several times.<\/p>\n<p style=\"text-align: justify;\">In 1990s, I worked as a chief physician and the visiting professor in Chinese universities. I established International Apitherapy and Bee Products Society (<strong>IABPS<\/strong>), organized Apitherapy Courses 50 times in China and 12 times abroad, had more than 2000 students. There are many people contributing to apitherapy health care from earliest times to the present day, and I hope colleagues of the Turkish Apitherapy Association (<strong>TAA<\/strong>) work in a down-to-earth way and make greater contributions to our Apitherapy.<\/p>\n<p style=\"text-align: justify;\">Best wishes,<\/p>\n<p>Professor Fang Zhu<br \/> Honorary President of TAA<\/p>\n<p>[\/et_pb_text][\/et_pb_column][\/et_pb_row][\/et_pb_section]<\/p>\n","protected":false},"excerpt":{"rendered":"<p>From the Honorary PresidentI have been in the world of bees since 1956, and have been engaged in Apitherapy Health Care for 60 years, established unique \u201cChinese Bee Acupuncture Therapy\u201d by combining bee venom treatment and the theory of Meridians and Collaterals. I also worked on propolis tablets to prevent and treat hyperlipidemia. I have [&hellip;]<\/p>\n","protected":false},"author":1,"featured_media":0,"parent":0,"menu_order":0,"comment_status":"closed","ping_status":"closed","template":"","meta":{"_et_pb_use_builder":"on","_et_pb_old_content":"","_et_gb_content_width":"","footnotes":""},"class_list":["post-815","page","type-page","status-publish","hentry"],"_links":{"self":[{"href":"https:\/\/apiterapidernegi.org\/en\/wp-json\/wp\/v2\/pages\/815","targetHints":{"allow":["GET"]}}],"collection":[{"href":"https:\/\/apiterapidernegi.org\/en\/wp-json\/wp\/v2\/pages"}],"about":[{"href":"https:\/\/apiterapidernegi.org\/en\/wp-json\/wp\/v2\/types\/page"}],"author":[{"embeddable":true,"href":"https:\/\/apiterapidernegi.org\/en\/wp-json\/wp\/v2\/users\/1"}],"replies":[{"embeddable":true,"href":"https:\/\/apiterapidernegi.org\/en\/wp-json\/wp\/v2\/comments?post=815"}],"version-history":[{"count":25,"href":"https:\/\/apiterapidernegi.org\/en\/wp-json\/wp\/v2\/pages\/815\/revisions"}],"predecessor-version":[{"id":4443,"href":"https:\/\/apiterapidernegi.org\/en\/wp-json\/wp\/v2\/pages\/815\/revisions\/4443"}],"wp:attachment":[{"href":"https:\/\/apiterapidernegi.org\/en\/wp-json\/wp\/v2\/media?parent=815"}],"curies":[{"name":"wp","href":"https:\/\/api.w.org\/{rel}","templated":true}]}}