{"id":881,"date":"2017-09-20T08:13:10","date_gmt":"2017-09-20T06:13:10","guid":{"rendered":"https:\/\/apiterapidernegi.org\/?page_id=881"},"modified":"2020-06-12T03:25:38","modified_gmt":"2020-06-12T01:25:38","slug":"our-mission-and-vision","status":"publish","type":"page","link":"https:\/\/apiterapidernegi.org\/en\/our-mission-and-vision\/","title":{"rendered":"Our Mission and Vision"},"content":{"rendered":"<p>[et_pb_section fb_built=&#8221;1&#8243; admin_label=&#8221;section&#8221; _builder_version=&#8221;3.22.3&#8243;][et_pb_row admin_label=&#8221;Sat\u0131r&#8221; _builder_version=&#8221;3.22.3&#8243; background_size=&#8221;initial&#8221; background_position=&#8221;top_left&#8221; background_repeat=&#8221;repeat&#8221;][et_pb_column type=&#8221;4_4&#8243; _builder_version=&#8221;3.0.47&#8243;][et_pb_text admin_label=&#8221;Metin&#8221; _builder_version=&#8221;3.0.75&#8243; background_size=&#8221;initial&#8221; background_position=&#8221;top_left&#8221; background_repeat=&#8221;repeat&#8221; module_alignment=&#8221;left&#8221;]<\/p>\n<h2>Our Mission and Vision<\/h2>\n<p>[\/et_pb_text][et_pb_divider color=&#8221;#c1402e&#8221; disabled_on=&#8221;off&#8221; admin_label=&#8221;B\u00f6l\u00fcc\u00fc&#8221; _builder_version=&#8221;3.23.3&#8243; hide_on_mobile=&#8221;off&#8221;][\/et_pb_divider][\/et_pb_column][\/et_pb_row][et_pb_row admin_label=&#8221;row&#8221; _builder_version=&#8221;3.22.3&#8243; background_size=&#8221;initial&#8221;][et_pb_column type=&#8221;2_3&#8243; _builder_version=&#8221;3.0.47&#8243;][et_pb_text admin_label=&#8221;Metin&#8221; _builder_version=&#8221;3.0.75&#8243; custom_margin=&#8221;||40px|&#8221;]<\/p>\n<p>\u00a0<\/p>\n<h3><img loading=\"lazy\" decoding=\"async\" class=\"wp-image-265 alignleft\" src=\"https:\/\/apiterapidernegi.org\/wp-content\/uploads\/2016\/05\/mission_1-300x258.png\" alt=\"mission_1\" width=\"175\" height=\"150\" srcset=\"https:\/\/apiterapidernegi.org\/wp-content\/uploads\/2016\/05\/mission_1-300x258.png 300w, https:\/\/apiterapidernegi.org\/wp-content\/uploads\/2016\/05\/mission_1.png 320w\" sizes=\"(max-width: 175px) 100vw, 175px\" \/>Our Mission<\/h3>\n<p style=\"text-align: justify;\">In addition to contributing to the works that will prove the science of apitherapy, it also cooperates with the relevant persons and institutions operating in Turkey and abroad, to establish the notion and conception of the evidence-based apitherapy in our country.<\/p>\n<p>\u00a0<\/p>\n<p>[\/et_pb_text][et_pb_divider show_divider=&#8221;off&#8221; disabled_on=&#8221;off&#8221; admin_label=&#8221;B\u00f6l\u00fcc\u00fc&#8221; _builder_version=&#8221;3.2&#8243; hide_on_mobile=&#8221;off&#8221;][\/et_pb_divider][et_pb_text admin_label=&#8221;Metin&#8221; _builder_version=&#8221;3.0.75&#8243; custom_margin=&#8221;60px|||&#8221;]<\/p>\n<p>\u00a0<\/p>\n<h3><img loading=\"lazy\" decoding=\"async\" class=\"wp-image-268 alignleft\" src=\"https:\/\/apiterapidernegi.org\/wp-content\/uploads\/2016\/05\/vision_1-300x258.png\" alt=\"vision_1\" width=\"175\" height=\"150\" srcset=\"https:\/\/apiterapidernegi.org\/wp-content\/uploads\/2016\/05\/vision_1-300x258.png 300w, https:\/\/apiterapidernegi.org\/wp-content\/uploads\/2016\/05\/vision_1.png 320w\" sizes=\"(max-width: 175px) 100vw, 175px\" \/>Our Vision<\/h3>\n<p style=\"text-align: justify;\">Being a reference institution that provides services at world standards by developing the evidence-based studies without compromising general and medical ethical values on the basis of academic values.<\/p>\n<p>.<\/p>\n<p>[\/et_pb_text][\/et_pb_column][et_pb_column type=&#8221;1_3&#8243; _builder_version=&#8221;3.0.47&#8243;][et_pb_sidebar orientation=&#8221;right&#8221; _builder_version=&#8221;3.23.3&#8243;][\/et_pb_sidebar][\/et_pb_column][\/et_pb_row][\/et_pb_section]<\/p>\n","protected":false},"excerpt":{"rendered":"<p>Our Mission and Vision \u00a0 Our Mission In addition to contributing to the works that will prove the science of apitherapy, it also cooperates with the relevant persons and institutions operating in Turkey and abroad, to establish the notion and conception of the evidence-based apitherapy in our country. \u00a0\u00a0 Our Vision Being a reference institution [&hellip;]<\/p>\n","protected":false},"author":1,"featured_media":0,"parent":0,"menu_order":0,"comment_status":"closed","ping_status":"closed","template":"","meta":{"_et_pb_use_builder":"on","_et_pb_old_content":"","_et_gb_content_width":"","footnotes":""},"class_list":["post-881","page","type-page","status-publish","hentry"],"_links":{"self":[{"href":"https:\/\/apiterapidernegi.org\/en\/wp-json\/wp\/v2\/pages\/881","targetHints":{"allow":["GET"]}}],"collection":[{"href":"https:\/\/apiterapidernegi.org\/en\/wp-json\/wp\/v2\/pages"}],"about":[{"href":"https:\/\/apiterapidernegi.org\/en\/wp-json\/wp\/v2\/types\/page"}],"author":[{"embeddable":true,"href":"https:\/\/apiterapidernegi.org\/en\/wp-json\/wp\/v2\/users\/1"}],"replies":[{"embeddable":true,"href":"https:\/\/apiterapidernegi.org\/en\/wp-json\/wp\/v2\/comments?post=881"}],"version-history":[{"count":14,"href":"https:\/\/apiterapidernegi.org\/en\/wp-json\/wp\/v2\/pages\/881\/revisions"}],"predecessor-version":[{"id":7864,"href":"https:\/\/apiterapidernegi.org\/en\/wp-json\/wp\/v2\/pages\/881\/revisions\/7864"}],"wp:attachment":[{"href":"https:\/\/apiterapidernegi.org\/en\/wp-json\/wp\/v2\/media?parent=881"}],"curies":[{"name":"wp","href":"https:\/\/api.w.org\/{rel}","templated":true}]}}