{"id":887,"date":"2017-09-20T08:17:00","date_gmt":"2017-09-20T06:17:00","guid":{"rendered":"https:\/\/apiterapidernegi.org\/?page_id=887"},"modified":"2026-01-17T19:42:13","modified_gmt":"2026-01-17T16:42:13","slug":"advisory-board","status":"publish","type":"page","link":"https:\/\/apiterapidernegi.org\/en\/advisory-board\/","title":{"rendered":"Advisory Board"},"content":{"rendered":"<p>[et_pb_section fb_built=&#8221;1&#8243; admin_label=&#8221;section&#8221; _builder_version=&#8221;4.16&#8243; global_colors_info=&#8221;{}&#8221;][et_pb_row admin_label=&#8221;Sat\u0131r&#8221; _builder_version=&#8221;4.16&#8243; background_size=&#8221;initial&#8221; background_position=&#8221;top_left&#8221; background_repeat=&#8221;repeat&#8221; global_colors_info=&#8221;{}&#8221;][et_pb_column type=&#8221;4_4&#8243; _builder_version=&#8221;4.16&#8243; custom_padding=&#8221;|||&#8221; global_colors_info=&#8221;{}&#8221; custom_padding__hover=&#8221;|||&#8221;][et_pb_text admin_label=&#8221;Metin&#8221; _builder_version=&#8221;4.16&#8243; global_colors_info=&#8221;{}&#8221;]<\/p>\n<h2>Advisory Board<\/h2>\n<p>[\/et_pb_text][et_pb_divider color=&#8221;#c1402e&#8221; disabled_on=&#8221;off&#8221; admin_label=&#8221;B\u00f6l\u00fcc\u00fc&#8221; _builder_version=&#8221;4.16&#8243; hide_on_mobile=&#8221;off&#8221; global_colors_info=&#8221;{}&#8221;][\/et_pb_divider][\/et_pb_column][\/et_pb_row][et_pb_row column_structure=&#8221;2_3,1_3&#8243; admin_label=&#8221;Sat\u0131r&#8221; _builder_version=&#8221;4.16&#8243; background_size=&#8221;initial&#8221; background_position=&#8221;top_left&#8221; background_repeat=&#8221;repeat&#8221; global_colors_info=&#8221;{}&#8221;][et_pb_column type=&#8221;2_3&#8243; _builder_version=&#8221;4.16&#8243; custom_padding=&#8221;|||&#8221; global_colors_info=&#8221;{}&#8221; custom_padding__hover=&#8221;|||&#8221;][et_pb_text admin_label=&#8221;Metin&#8221; _builder_version=&#8221;4.27.4&#8243; hover_enabled=&#8221;0&#8243; global_colors_info=&#8221;{}&#8221; sticky_enabled=&#8221;0&#8243;]<\/p>\n<h4>The Scientific Advisory Board, which is decided by the Council of the Association, dated April 24th, 2004, is as follows:<\/h4>\n<p>&nbsp;<\/p>\n<ul>\n<li>Abdullah Demirtas, Assoc. Prof., Erciyes University, School of Medicine<\/li>\n<li>Asli Ozkirim, Professor, Hacettepe University, School of Science<\/li>\n<li>Asli Ozkok, Professor, Hacettepe University, School of Science<\/li>\n<li>Banu Yucel, Professor, Ege University, College of Agriculture<\/li>\n<li>Fatma Yaylaci Karahalil, Asst. Prof., Karadeniz Technical University, Macka VHS<\/li>\n<li>Huseyin Sahin, Asst. Prof., Giresun University, Espiye VHS<\/li>\n<li>Mehmet Fuat Gulhan, PhD., Nigde University, Faculty of Arts and Sciences<\/li>\n<li>Meryem Kara, Asst. Prof., Selcuk University, High-Tech Research &amp; Development Center<\/li>\n<li>Murat Baykara, MD., Kahramanmaras Sutcu Imam University, School of Medicine<\/li>\n<li>Nuray Sahinler, Professor, Usak University, Faculty of Agriculture &amp; Natural Sciences<\/li>\n<li>Oktay Yildiz, Asst. Prof., Karadeniz Technical University, Macka HVS<\/li>\n<li>Osman Sagdic, Professor, Y\u0131ld\u0131z Technical University, Food Engineering<\/li>\n<li>Osman Selcuk Aldemir, Assoc. Prof., Adnan Menderes University, College of Veterinary<\/li>\n<li>Ozlem Saral, Asst. Prof., Artvin Coruh University, ACU VHHS<\/li>\n<li>Rezzan Aliyazicioglu, Assoc. Prof., Karadeniz Technical University, College of Pharmacy<\/li>\n<li>Saliha Dinc, PhD., Selcuk University, High-Tech Research &amp; Development Center<\/li>\n<li>Sevgi Kolayli, Professor, Karadeniz Technical University, School of Science<\/li>\n<li>Sibel Silici, Professor, Erciyes University, College of Agriculture<\/li>\n<li>Zeliha Selamoglu Talas, Assoc. Prof., Nigde University, Faculty of Arts and Sciences<\/li>\n<\/ul>\n<ul>\n<li>\n<h6 style=\"text-align: justify;\">The Scientific Advisory Board is open to all scientists who have made scientific publications on apitherapy.<\/h6>\n<\/li>\n<li>\n<h6 style=\"text-align: justify;\">Those who wish to become a member of the Scientific Advisory Board may apply by sending a petition and the full text of his\/her publications to the address of the association or via e-mail to<span style=\"font-size: 14px;\"><span style=\"color: #0000ff;\"> <a href=\"mailto:info@apiterapidernegi.org\">info@apiterapidernegi.org<\/a><\/span>.<\/span><\/h6>\n<\/li>\n<\/ul>\n<p>[\/et_pb_text][\/et_pb_column][et_pb_column type=&#8221;1_3&#8243; _builder_version=&#8221;4.16&#8243; custom_padding=&#8221;|||&#8221; global_colors_info=&#8221;{}&#8221; custom_padding__hover=&#8221;|||&#8221;][et_pb_sidebar orientation=&#8221;right&#8221; _builder_version=&#8221;4.16&#8243; global_colors_info=&#8221;{}&#8221;][\/et_pb_sidebar][\/et_pb_column][\/et_pb_row][\/et_pb_section]<\/p>\n","protected":false},"excerpt":{"rendered":"<p>Advisory BoardThe Scientific Advisory Board, which is decided by the Council of the Association, dated April 24th, 2004, is as follows: &nbsp; Abdullah Demirtas, Assoc. Prof., Erciyes University, School of Medicine Asli Ozkirim, Professor, Hacettepe University, School of Science Asli Ozkok, Professor, Hacettepe University, School of Science Banu Yucel, Professor, Ege University, College of Agriculture [&hellip;]<\/p>\n","protected":false},"author":1,"featured_media":0,"parent":0,"menu_order":0,"comment_status":"closed","ping_status":"closed","template":"","meta":{"_et_pb_use_builder":"on","_et_pb_old_content":"<h3>Derne\u011fimiz 22.04.2014 Tarihli Y\u00f6netim Kurulu Karar\u0131 ile olu\u015fturulan\u00a0Bilimsel Dan\u0131\u015fma Kurulumuz a\u015fa\u011f\u0131da belirtildi\u011fi gibidir.<\/h3><p>Prof. Dr. Nuray \u015eahinler, U\u015fak \u00dcniversitesi, Ziraat ve Do\u011fa Bilimleri Fak\u00fcltesi<br \/> Prof. Dr. Hatice \u00d6zbilge, Erciyes \u00dcniversitesi T\u0131p Fak\u00fcltesi<br \/> Prof. Dr. Osman Sa\u011fdi\u00e7, Y\u0131ld\u0131z Teknik \u00dcniversitesi, G\u0131da M\u00fchendisli\u011fi<br \/> Prof. Dr. Sevgi Kolayli, Karadeniz Teknik \u00dcniversitesi, Fen Fak\u00fcltesi<br \/> Prof. Dr. Sibel Silici, Erciyes \u00dcniversitesi, Ziraat Fak\u00fcltesi<br \/> Do\u00e7. Dr. Abdullah Demirta\u015f, Erciyes \u00dcniversitesi, T\u0131p Fak\u00fcltesi<br \/> Do\u00e7. Dr. Ethem Akyol, Ni\u011fde \u00dcniversitesi, Fen Edebiyat Fak\u00fcltesi<br \/> Do\u00e7. Dr. Osman Sel\u00e7uk Aldemir, Adnan Menderes \u00dcniversitesi, Veteriner Fak\u00fcltesi<br \/> Do\u00e7. Dr. Rezzan Aliyazicio\u011flu, Karadeniz Teknik \u00dcniversitesi, Eczac\u0131l\u0131k Fak\u00fcltesi<br \/> Do\u00e7. Dr. Zeliha Selamo\u011flu Talas, Ni\u011fde \u00dcniversitesi, Fen Edebiyat Fak\u00fcltesi<br \/> Yrd. Do\u00e7. Dr. Fatma Yaylaci Karahalil, Karadeniz Teknik \u00dcniversitesi, Ma\u00e7ka Myo<br \/> Yrd. Do\u00e7. Dr. H\u00fcseyin \u015eahin, Giresun \u00dcniversitesi, Espiye Myo<br \/> Yrd. Do\u00e7. Dr. Meryem Kara, Sel\u00e7uk \u00dcniversitesi, \u0130leri Teknoloji Ara\u015ft\u0131rma Uygulama Merkezi<br \/> Yrd. Do\u00e7. Dr. Oktay Yildiz, Karadeniz Teknik \u00dcniversitesi, Ma\u00e7ka Myo<br \/> Yrd. Do\u00e7. Dr. \u00d6zlem Saral, Artvin \u00c7oruh \u00dcniversitesi, A\u00e7\u00fc Smyo<br \/> Dr. Ali Timu\u00e7in Atayo\u011flu, Apiterapi Derne\u011fi<br \/> Dr. Mehmet Fuat G\u00fclhan, Ni\u011fde \u00dcniversitesi, Fen Edebiyat Fak\u00fcltesi<br \/> Dr. Murat Baykara, Kahramanmara\u015f S\u00fct\u00e7\u00fc \u0130mam \u00dcniversitesi, T\u0131p Fak\u00fcltesi<br \/> Dr. Saliha Din\u00e7, Sel\u00e7uk \u00dcniversitesi, \u0130leri Teknoloji Ara\u015ft\u0131rma Uygulama Merkezi<\/p>","_et_gb_content_width":"","footnotes":""},"class_list":["post-887","page","type-page","status-publish","hentry"],"_links":{"self":[{"href":"https:\/\/apiterapidernegi.org\/en\/wp-json\/wp\/v2\/pages\/887","targetHints":{"allow":["GET"]}}],"collection":[{"href":"https:\/\/apiterapidernegi.org\/en\/wp-json\/wp\/v2\/pages"}],"about":[{"href":"https:\/\/apiterapidernegi.org\/en\/wp-json\/wp\/v2\/types\/page"}],"author":[{"embeddable":true,"href":"https:\/\/apiterapidernegi.org\/en\/wp-json\/wp\/v2\/users\/1"}],"replies":[{"embeddable":true,"href":"https:\/\/apiterapidernegi.org\/en\/wp-json\/wp\/v2\/comments?post=887"}],"version-history":[{"count":27,"href":"https:\/\/apiterapidernegi.org\/en\/wp-json\/wp\/v2\/pages\/887\/revisions"}],"predecessor-version":[{"id":11628,"href":"https:\/\/apiterapidernegi.org\/en\/wp-json\/wp\/v2\/pages\/887\/revisions\/11628"}],"wp:attachment":[{"href":"https:\/\/apiterapidernegi.org\/en\/wp-json\/wp\/v2\/media?parent=887"}],"curies":[{"name":"wp","href":"https:\/\/api.w.org\/{rel}","templated":true}]}}