{"id":9434,"date":"2021-03-11T15:12:48","date_gmt":"2021-03-11T12:12:48","guid":{"rendered":"https:\/\/apiterapidernegi.org\/journal-of-traditional-and-complementary-anatolian-medicine-gtatder\/"},"modified":"2024-07-09T08:17:20","modified_gmt":"2024-07-09T05:17:20","slug":"journal-of-traditional-and-complementary-anatolian-medicine-gtatder","status":"publish","type":"page","link":"https:\/\/apiterapidernegi.org\/en\/journal-of-traditional-and-complementary-anatolian-medicine-gtatder\/","title":{"rendered":"Journal of Traditional and Complementary Anatolian Medicine (GTATDER)"},"content":{"rendered":"<p>[et_pb_section fb_built=&#8221;1&#8243; admin_label=&#8221;section&#8221; _builder_version=&#8221;4.16&#8243; global_colors_info=&#8221;{}&#8221;][et_pb_row admin_label=&#8221;row&#8221; _builder_version=&#8221;4.16&#8243; background_size=&#8221;initial&#8221; background_position=&#8221;top_left&#8221; background_repeat=&#8221;repeat&#8221; global_colors_info=&#8221;{}&#8221;][et_pb_column type=&#8221;4_4&#8243; _builder_version=&#8221;4.16&#8243; custom_padding=&#8221;|||&#8221; global_colors_info=&#8221;{}&#8221; custom_padding__hover=&#8221;|||&#8221;][et_pb_text admin_label=&#8221;Text&#8221; _builder_version=&#8221;4.26.0&#8243; background_size=&#8221;initial&#8221; background_position=&#8221;top_left&#8221; background_repeat=&#8221;repeat&#8221; hover_enabled=&#8221;0&#8243; global_colors_info=&#8221;{}&#8221; sticky_enabled=&#8221;0&#8243;]<\/p>\n<h4 class=\"py-3 bg-white text-center text-dark\">Journal of Traditional and Complementary Anatolian Medicine (GTATDER)<\/h4>\n<blockquote>\n<h5>Issues<\/h5>\n<\/blockquote>\n<p><strong>2022<br \/><\/strong><a href=\"https:\/\/dergipark.org.tr\/en\/pub\/gtatder\" target=\"_blank\" rel=\"noopener noreferrer\">Volume: 4 Issue: 2<\/a><br \/><a href=\"https:\/\/dergipark.org.tr\/en\/pub\/gtatder\" target=\"_blank\" rel=\"noopener noreferrer\">Volume: 4 Issue: 1<\/a><strong><br \/>2021<br \/><\/strong><a href=\"https:\/\/dergipark.org.tr\/en\/pub\/gtatder\" target=\"_blank\" rel=\"noopener noreferrer\">Volume: 3 Issue: 3<\/a><br \/><a href=\"https:\/\/dergipark.org.tr\/en\/pub\/gtatder\" target=\"_blank\" rel=\"noopener noreferrer\">Volume: 3 Issue: 2<\/a><br \/><a href=\"https:\/\/dergipark.org.tr\/en\/pub\/gtatder\" target=\"_blank\" rel=\"noopener noreferrer\">Volume: 3 Issue: 1<\/a><strong><br \/>2020<\/strong><br \/><a href=\"https:\/\/dergipark.org.tr\/en\/pub\/gtatder\" target=\"_blank\" rel=\"noopener noreferrer\">Volume: 2 Issue: 3<\/a><br \/><a href=\"https:\/\/dergipark.org.tr\/en\/pub\/gtatder\" target=\"_blank\" rel=\"noopener noreferrer\">Volume: 2 Issue: 2<\/a><br \/><a href=\"https:\/\/dergipark.org.tr\/en\/pub\/gtatder\" target=\"_blank\" rel=\"noopener noreferrer\">Volume: 2 Issue: 1<\/a><\/p>\n<blockquote>\n<p><a href=\"https:\/\/dergipark.org.tr\/en\/pub\/gtatder\" target=\"_blank\" rel=\"noopener noreferrer\">Archive<\/a><\/p>\n<\/blockquote>\n<blockquote>\n<h6><strong>The Latest Issue:<\/strong><\/h6>\n<\/blockquote>\n<p><a href=\"https:\/\/dergipark.org.tr\/en\/pub\/gtatder\" target=\"_blank\" rel=\"noopener\"><img loading=\"lazy\" decoding=\"async\" src=\"https:\/\/apiterapidernegi.org\/wp-content\/uploads\/2024\/07\/journal-of-traditional-and-complementary-anatolian-medicine-cover-volume-4-issue-2.png\" width=\"1024\" height=\"614\" alt=\"\" class=\"wp-image-11005 aligncenter size-full\" srcset=\"https:\/\/apiterapidernegi.org\/wp-content\/uploads\/2024\/07\/journal-of-traditional-and-complementary-anatolian-medicine-cover-volume-4-issue-2.png 1024w, https:\/\/apiterapidernegi.org\/wp-content\/uploads\/2024\/07\/journal-of-traditional-and-complementary-anatolian-medicine-cover-volume-4-issue-2-980x588.png 980w, https:\/\/apiterapidernegi.org\/wp-content\/uploads\/2024\/07\/journal-of-traditional-and-complementary-anatolian-medicine-cover-volume-4-issue-2-480x288.png 480w\" sizes=\"(min-width: 0px) and (max-width: 480px) 480px, (min-width: 481px) and (max-width: 980px) 980px, (min-width: 981px) 1024px, 100vw\" \/><\/a><\/p>\n<p>&nbsp;<\/p>\n<p>&nbsp;<\/p>\n<p><a href=\"https:\/\/dergipark.org.tr\/en\/pub\/gtatder\" target=\"_blank\" rel=\"noopener noreferrer\"><img loading=\"lazy\" decoding=\"async\" src=\"https:\/\/apiterapidernegi.org\/wp-content\/uploads\/2021\/03\/journal-of-traditional-and-complementary-anatolian-medicine-cover-en-4.jpg\" alt=\"\" class=\"wp-image-9584 aligncenter size-full\" width=\"1024\" height=\"614\" srcset=\"https:\/\/apiterapidernegi.org\/wp-content\/uploads\/2021\/03\/journal-of-traditional-and-complementary-anatolian-medicine-cover-en-4.jpg 1024w, https:\/\/apiterapidernegi.org\/wp-content\/uploads\/2021\/03\/journal-of-traditional-and-complementary-anatolian-medicine-cover-en-4-980x588.jpg 980w, https:\/\/apiterapidernegi.org\/wp-content\/uploads\/2021\/03\/journal-of-traditional-and-complementary-anatolian-medicine-cover-en-4-480x288.jpg 480w\" sizes=\"(min-width: 0px) and (max-width: 480px) 480px, (min-width: 481px) and (max-width: 980px) 980px, (min-width: 981px) 1024px, 100vw\" \/><\/a><\/p>\n<p>&nbsp;<\/p>\n<p><a href=\"https:\/\/dergipark.org.tr\/en\/pub\/gtatder\" target=\"_blank\" rel=\"noopener noreferrer\"><img loading=\"lazy\" decoding=\"async\" src=\"https:\/\/apiterapidernegi.org\/wp-content\/uploads\/2021\/03\/journal-of-traditional-and-complementary-anatolian-medicine-cover-en.jpg\" alt=\"\" class=\"wp-image-9589 aligncenter size-full\" width=\"1024\" height=\"614\" srcset=\"https:\/\/apiterapidernegi.org\/wp-content\/uploads\/2021\/03\/journal-of-traditional-and-complementary-anatolian-medicine-cover-en.jpg 1024w, https:\/\/apiterapidernegi.org\/wp-content\/uploads\/2021\/03\/journal-of-traditional-and-complementary-anatolian-medicine-cover-en-980x588.jpg 980w, https:\/\/apiterapidernegi.org\/wp-content\/uploads\/2021\/03\/journal-of-traditional-and-complementary-anatolian-medicine-cover-en-480x288.jpg 480w\" sizes=\"(min-width: 0px) and (max-width: 480px) 480px, (min-width: 481px) and (max-width: 980px) 980px, (min-width: 981px) 1024px, 100vw\" \/><\/a><\/p>\n<p>[\/et_pb_text][\/et_pb_column][\/et_pb_row][\/et_pb_section]<\/p>\n","protected":false},"excerpt":{"rendered":"<p>Journal of Traditional and Complementary Anatolian Medicine (GTATDER) Issues 2022Volume: 4 Issue: 2Volume: 4 Issue: 12021Volume: 3 Issue: 3Volume: 3 Issue: 2Volume: 3 Issue: 12020Volume: 2 Issue: 3Volume: 2 Issue: 2Volume: 2 Issue: 1 Archive The Latest Issue: &nbsp; &nbsp; &nbsp;<\/p>\n","protected":false},"author":2,"featured_media":0,"parent":0,"menu_order":0,"comment_status":"closed","ping_status":"closed","template":"","meta":{"_et_pb_use_builder":"on","_et_pb_old_content":"<h4>Geleneksel ve Tamamlay\u0131c\u0131 Anadolu T\u0131bb\u0131 Dergisi (GTATDER)<\/h4>\r\n<blockquote>\r\n<h5>Say\u0131lar<\/h5>\r\n<\/blockquote>\r\n<strong>2020<\/strong>\r\n<a href=\"https:\/\/dergipark.org.tr\/tr\/pub\/gtatder\" target=\"_blank\" rel=\"noopener\">Cilt: 2 Say\u0131: 2<\/a>\r\n<a href=\"https:\/\/dergipark.org.tr\/tr\/pub\/gtatder\" target=\"_blank\" rel=\"noopener\">Cilt: 2 Say\u0131: 1<\/a>\r\n<strong>2019<\/strong>\r\n<a href=\"https:\/\/dergipark.org.tr\/tr\/pub\/gtatder\" target=\"_blank\" rel=\"noopener\">Cilt: 1 Say\u0131: 3<\/a>\r\n<a href=\"https:\/\/dergipark.org.tr\/tr\/pub\/gtatder\" target=\"_blank\" rel=\"noopener\">Cilt: 1 Say\u0131: 2<\/a>\r\n<a href=\"https:\/\/dergipark.org.tr\/tr\/pub\/gtatder\" target=\"_blank\" rel=\"noopener\">Cilt: 1 Say\u0131: 1<\/a>\r\n<blockquote><a href=\"https:\/\/dergipark.org.tr\/tr\/pub\/gtatder\" target=\"_blank\" rel=\"noopener\">Ar\u015fiv<\/a><\/blockquote>\r\n<blockquote>\r\n<h6><strong>Son Say\u0131:<\/strong><\/h6>\r\n<\/blockquote>\r\n<a href=\"https:\/\/dergipark.org.tr\/tr\/pub\/gtatder\" target=\"_blank\" rel=\"noopener\"><img class=\"aligncenter wp-image-9536 size-full\" src=\"https:\/\/apiterapidernegi.org\/wp-content\/uploads\/2021\/03\/journal-of-traditional-and-complementary-anatolian-medicine-cover-volume-2-issue-2.jpg\" alt=\"\" width=\"1024\" height=\"614\" \/><\/a>\r\n\r\n\u00a0\r\n\r\n<a href=\"https:\/\/dergipark.org.tr\/tr\/pub\/gtatder\" target=\"_blank\" rel=\"noopener\"><img class=\"aligncenter wp-image-9556 size-full\" src=\"https:\/\/apiterapidernegi.org\/wp-content\/uploads\/2021\/03\/journal-of-traditional-and-complementary-anatolian-medicine-cover-tr-4.jpg\" alt=\"\" width=\"1024\" height=\"614\" \/><\/a>\r\n\r\n\u00a0\r\n\r\n<a href=\"https:\/\/dergipark.org.tr\/tr\/pub\/gtatder\" target=\"_blank\" rel=\"noopener\"><img class=\"aligncenter wp-image-9561 size-full\" src=\"https:\/\/apiterapidernegi.org\/wp-content\/uploads\/2021\/03\/journal-of-traditional-and-complementary-anatolian-medicine-cover-tr.jpg\" alt=\"\" width=\"1024\" height=\"614\" \/><\/a>","_et_gb_content_width":"","footnotes":""},"class_list":["post-9434","page","type-page","status-publish","hentry"],"_links":{"self":[{"href":"https:\/\/apiterapidernegi.org\/en\/wp-json\/wp\/v2\/pages\/9434","targetHints":{"allow":["GET"]}}],"collection":[{"href":"https:\/\/apiterapidernegi.org\/en\/wp-json\/wp\/v2\/pages"}],"about":[{"href":"https:\/\/apiterapidernegi.org\/en\/wp-json\/wp\/v2\/types\/page"}],"author":[{"embeddable":true,"href":"https:\/\/apiterapidernegi.org\/en\/wp-json\/wp\/v2\/users\/2"}],"replies":[{"embeddable":true,"href":"https:\/\/apiterapidernegi.org\/en\/wp-json\/wp\/v2\/comments?post=9434"}],"version-history":[{"count":7,"href":"https:\/\/apiterapidernegi.org\/en\/wp-json\/wp\/v2\/pages\/9434\/revisions"}],"predecessor-version":[{"id":11308,"href":"https:\/\/apiterapidernegi.org\/en\/wp-json\/wp\/v2\/pages\/9434\/revisions\/11308"}],"wp:attachment":[{"href":"https:\/\/apiterapidernegi.org\/en\/wp-json\/wp\/v2\/media?parent=9434"}],"curies":[{"name":"wp","href":"https:\/\/api.w.org\/{rel}","templated":true}]}}