{"id":9435,"date":"2021-03-11T15:14:39","date_gmt":"2021-03-11T12:14:39","guid":{"rendered":"https:\/\/apiterapidernegi.org\/international-journal-of-traditional-and-complementary-medicine-research-ijtcmr\/"},"modified":"2024-07-09T08:09:56","modified_gmt":"2024-07-09T05:09:56","slug":"international-journal-of-traditional-and-complementary-medicine-research-ijtcmr","status":"publish","type":"page","link":"https:\/\/apiterapidernegi.org\/en\/international-journal-of-traditional-and-complementary-medicine-research-ijtcmr\/","title":{"rendered":"International Journal of Traditional and Complementary Medicine Research (IJTCMR)"},"content":{"rendered":"<p>[et_pb_section fb_built=&#8221;1&#8243; admin_label=&#8221;section&#8221; _builder_version=&#8221;4.16&#8243; global_colors_info=&#8221;{}&#8221;][et_pb_row admin_label=&#8221;row&#8221; _builder_version=&#8221;4.16&#8243; background_size=&#8221;initial&#8221; background_position=&#8221;top_left&#8221; background_repeat=&#8221;repeat&#8221; global_colors_info=&#8221;{}&#8221;][et_pb_column type=&#8221;4_4&#8243; _builder_version=&#8221;4.16&#8243; custom_padding=&#8221;|||&#8221; global_colors_info=&#8221;{}&#8221; custom_padding__hover=&#8221;|||&#8221;][et_pb_text admin_label=&#8221;Text&#8221; _builder_version=&#8221;4.26.0&#8243; background_size=&#8221;initial&#8221; background_position=&#8221;top_left&#8221; background_repeat=&#8221;repeat&#8221; hover_enabled=&#8221;0&#8243; global_colors_info=&#8221;{}&#8221; sticky_enabled=&#8221;0&#8243;]<\/p>\n<h4 class=\"py-3 bg-white text-center text-dark\">International Journal of Traditional and Complementary Medicine Research (IJTCMR)<\/h4>\n<blockquote>\n<h5>Issues<\/h5>\n<\/blockquote>\n<p><strong>2024<br \/><\/strong><a href=\"https:\/\/dergipark.org.tr\/en\/pub\/ijtcmr\" target=\"_blank\" rel=\"noopener noreferrer\">Volume: 5 Issue: 1<\/a><br \/><strong>2023<br \/><\/strong><a href=\"https:\/\/dergipark.org.tr\/en\/pub\/ijtcmr\" target=\"_blank\" rel=\"noopener noreferrer\">Volume: 4 Issue: 3<\/a><br \/><a href=\"https:\/\/dergipark.org.tr\/en\/pub\/ijtcmr\" target=\"_blank\" rel=\"noopener noreferrer\">Volume: 4 Issue: 2<\/a><br \/><a href=\"https:\/\/dergipark.org.tr\/en\/pub\/ijtcmr\" target=\"_blank\" rel=\"noopener noreferrer\">Volume: 4 Issue: 1<\/a><strong><br \/>2022<br \/><\/strong><a href=\"https:\/\/dergipark.org.tr\/en\/pub\/ijtcmr\" target=\"_blank\" rel=\"noopener noreferrer\">Volume: 3 Issue: 3<\/a><br \/><a href=\"https:\/\/dergipark.org.tr\/en\/pub\/ijtcmr\" target=\"_blank\" rel=\"noopener noreferrer\">Volume: 3 Issue: 2<\/a><br \/><a href=\"https:\/\/dergipark.org.tr\/en\/pub\/ijtcmr\" target=\"_blank\" rel=\"noopener noreferrer\">Volume: 3 Issue: 1<\/a><\/p>\n<blockquote>\n<p><a href=\"https:\/\/dergipark.org.tr\/en\/pub\/ijtcmr\" target=\"_blank\" rel=\"noopener noreferrer\">Archive<\/a><\/p>\n<\/blockquote>\n<blockquote>\n<h6><strong>The Latest Issue:<\/strong><\/h6>\n<\/blockquote>\n<p><a href=\"https:\/\/dergipark.org.tr\/en\/pub\/ijtcmr\" target=\"_blank\" rel=\"noopener\"><img loading=\"lazy\" decoding=\"async\" src=\"https:\/\/apiterapidernegi.org\/wp-content\/uploads\/2024\/07\/international-journal-of-traditional-and-complementary-medicine-research-volume-5-issue-1.png\" width=\"1024\" height=\"614\" alt=\"\" class=\"wp-image-11219 aligncenter size-full\" srcset=\"https:\/\/apiterapidernegi.org\/wp-content\/uploads\/2024\/07\/international-journal-of-traditional-and-complementary-medicine-research-volume-5-issue-1.png 1024w, https:\/\/apiterapidernegi.org\/wp-content\/uploads\/2024\/07\/international-journal-of-traditional-and-complementary-medicine-research-volume-5-issue-1-980x588.png 980w, https:\/\/apiterapidernegi.org\/wp-content\/uploads\/2024\/07\/international-journal-of-traditional-and-complementary-medicine-research-volume-5-issue-1-480x288.png 480w\" sizes=\"(min-width: 0px) and (max-width: 480px) 480px, (min-width: 481px) and (max-width: 980px) 980px, (min-width: 981px) 1024px, 100vw\" \/><\/a><\/p>\n<p>&nbsp;<\/p>\n<p>&nbsp;<\/p>\n<p><a href=\"https:\/\/dergipark.org.tr\/en\/pub\/ijtcmr\" target=\"_blank\" rel=\"noopener\"><img loading=\"lazy\" decoding=\"async\" src=\"https:\/\/apiterapidernegi.org\/wp-content\/uploads\/2024\/07\/international-journal-of-traditional-and-complementary-medicine-research-cover-en-new-1-1.png\" width=\"1024\" height=\"614\" alt=\"\" class=\"wp-image-11229 aligncenter size-full\" srcset=\"https:\/\/apiterapidernegi.org\/wp-content\/uploads\/2024\/07\/international-journal-of-traditional-and-complementary-medicine-research-cover-en-new-1-1.png 1024w, https:\/\/apiterapidernegi.org\/wp-content\/uploads\/2024\/07\/international-journal-of-traditional-and-complementary-medicine-research-cover-en-new-1-1-980x588.png 980w, https:\/\/apiterapidernegi.org\/wp-content\/uploads\/2024\/07\/international-journal-of-traditional-and-complementary-medicine-research-cover-en-new-1-1-480x288.png 480w\" sizes=\"(min-width: 0px) and (max-width: 480px) 480px, (min-width: 481px) and (max-width: 980px) 980px, (min-width: 981px) 1024px, 100vw\" \/><\/a><\/p>\n<p>&nbsp;<\/p>\n<p>&nbsp;<\/p>\n<p><a href=\"https:\/\/dergipark.org.tr\/en\/pub\/ijtcmr\" target=\"_blank\" rel=\"noopener\"><img loading=\"lazy\" decoding=\"async\" src=\"https:\/\/apiterapidernegi.org\/wp-content\/uploads\/2024\/07\/international-journal-of-traditional-and-complementary-medicine-research-cover-en-new-logo.png\" width=\"1024\" height=\"614\" alt=\"\" class=\"wp-image-10967 aligncenter size-full\" srcset=\"https:\/\/apiterapidernegi.org\/wp-content\/uploads\/2024\/07\/international-journal-of-traditional-and-complementary-medicine-research-cover-en-new-logo.png 1024w, https:\/\/apiterapidernegi.org\/wp-content\/uploads\/2024\/07\/international-journal-of-traditional-and-complementary-medicine-research-cover-en-new-logo-980x588.png 980w, https:\/\/apiterapidernegi.org\/wp-content\/uploads\/2024\/07\/international-journal-of-traditional-and-complementary-medicine-research-cover-en-new-logo-480x288.png 480w\" sizes=\"(min-width: 0px) and (max-width: 480px) 480px, (min-width: 481px) and (max-width: 980px) 980px, (min-width: 981px) 1024px, 100vw\" \/><\/a><\/p>\n<p>&nbsp;<\/p>\n<p>&nbsp;<\/p>\n<p>[\/et_pb_text][\/et_pb_column][\/et_pb_row][\/et_pb_section]<\/p>\n","protected":false},"excerpt":{"rendered":"<p>International Journal of Traditional and Complementary Medicine Research (IJTCMR) Issues 2024Volume: 5 Issue: 12023Volume: 4 Issue: 3Volume: 4 Issue: 2Volume: 4 Issue: 12022Volume: 3 Issue: 3Volume: 3 Issue: 2Volume: 3 Issue: 1 Archive The Latest Issue: &nbsp; &nbsp; &nbsp; &nbsp; &nbsp; &nbsp;<\/p>\n","protected":false},"author":2,"featured_media":0,"parent":0,"menu_order":0,"comment_status":"closed","ping_status":"closed","template":"","meta":{"_et_pb_use_builder":"on","_et_pb_old_content":"<h4>Uluslararas\u0131 Geleneksel ve Tamamlay\u0131c\u0131 T\u0131p Ara\u015ft\u0131rma Dergisi (IJTCMR)<\/h4>\r\n<blockquote>\r\n<h5>Say\u0131lar<\/h5>\r\n<\/blockquote>\r\n<strong>2020<\/strong>\r\n<a href=\"https:\/\/dergipark.org.tr\/tr\/pub\/ijtcmr\" target=\"_blank\" rel=\"noopener\">Cilt: 1 Say\u0131: 3<\/a>\r\n<a href=\"https:\/\/dergipark.org.tr\/tr\/pub\/ijtcmr\" target=\"_blank\" rel=\"noopener\">Cilt: 1 Say\u0131: 2<\/a>\r\n<a href=\"https:\/\/dergipark.org.tr\/tr\/pub\/ijtcmr\" target=\"_blank\" rel=\"noopener\">Cilt: 1 Say\u0131: 1<\/a>\r\n<blockquote><a href=\"https:\/\/dergipark.org.tr\/tr\/pub\/ijtcmr\" target=\"_blank\" rel=\"noopener\">Ar\u015fiv<\/a><\/blockquote>\r\n<blockquote>\r\n<h6><strong>Son Say\u0131:<\/strong><\/h6>\r\n<\/blockquote>\r\n<a href=\"https:\/\/dergipark.org.tr\/tr\/pub\/ijtcmr\" target=\"_blank\" rel=\"noopener\"><img class=\"aligncenter wp-image-9177 size-full\" src=\"https:\/\/apiterapidernegi.org\/wp-content\/uploads\/2021\/01\/international-journal-of-traditional-and-complementary-medicine-research-volume-1-issue-3.jpg\" alt=\"\" width=\"1024\" height=\"614\" \/><\/a>\r\n\r\n&nbsp;\r\n\r\n<a href=\"https:\/\/dergipark.org.tr\/tr\/pub\/ijtcmr\" target=\"_blank\" rel=\"noopener\"><img class=\"aligncenter wp-image-9192 size-full\" src=\"https:\/\/apiterapidernegi.org\/wp-content\/uploads\/2021\/01\/international-journal-of-traditional-and-complementary-medicine-research-cover-tr-3.jpg\" alt=\"\" width=\"1024\" height=\"614\" \/><\/a>\r\n\r\n&nbsp;\r\n\r\n<a href=\"https:\/\/dergipark.org.tr\/tr\/pub\/ijtcmr\" target=\"_blank\" rel=\"noopener\"><img class=\"aligncenter wp-image-8624 size-full\" src=\"https:\/\/apiterapidernegi.org\/wp-content\/uploads\/2020\/08\/international-journal-of-traditional-and-complementary-medicine-research-cover-tr.jpg\" alt=\"\" width=\"1024\" height=\"614\" \/><\/a>\r\n\r\n&nbsp;","_et_gb_content_width":"","footnotes":""},"class_list":["post-9435","page","type-page","status-publish","hentry"],"_links":{"self":[{"href":"https:\/\/apiterapidernegi.org\/en\/wp-json\/wp\/v2\/pages\/9435","targetHints":{"allow":["GET"]}}],"collection":[{"href":"https:\/\/apiterapidernegi.org\/en\/wp-json\/wp\/v2\/pages"}],"about":[{"href":"https:\/\/apiterapidernegi.org\/en\/wp-json\/wp\/v2\/types\/page"}],"author":[{"embeddable":true,"href":"https:\/\/apiterapidernegi.org\/en\/wp-json\/wp\/v2\/users\/2"}],"replies":[{"embeddable":true,"href":"https:\/\/apiterapidernegi.org\/en\/wp-json\/wp\/v2\/comments?post=9435"}],"version-history":[{"count":8,"href":"https:\/\/apiterapidernegi.org\/en\/wp-json\/wp\/v2\/pages\/9435\/revisions"}],"predecessor-version":[{"id":11305,"href":"https:\/\/apiterapidernegi.org\/en\/wp-json\/wp\/v2\/pages\/9435\/revisions\/11305"}],"wp:attachment":[{"href":"https:\/\/apiterapidernegi.org\/en\/wp-json\/wp\/v2\/media?parent=9435"}],"curies":[{"name":"wp","href":"https:\/\/api.w.org\/{rel}","templated":true}]}}