{"id":1324,"date":"2017-09-27T23:00:18","date_gmt":"2017-09-27T21:00:18","guid":{"rendered":"https:\/\/apiterapidernegi.org\/%d0%bd%d0%b0%d1%83%d1%87%d0%bd%d1%8b%d0%b5-%d1%81%d1%82%d0%b0%d1%82%d1%8c%d0%b8\/"},"modified":"2024-07-08T09:06:21","modified_gmt":"2024-07-08T06:06:21","slug":"%d0%9d%d0%b0%d1%83%d1%87%d0%bd%d1%8b%d0%b5-%d0%a1%d1%82%d0%b0%d1%82%d1%8c%d0%b8","status":"publish","type":"page","link":"https:\/\/apiterapidernegi.org\/ru\/%d0%9d%d0%b0%d1%83%d1%87%d0%bd%d1%8b%d0%b5-%d0%a1%d1%82%d0%b0%d1%82%d1%8c%d0%b8\/","title":{"rendered":"\u041d\u0430\u0443\u0447\u043d\u044b\u0435 \u0421\u0442\u0430\u0442\u044c\u0438"},"content":{"rendered":"<p>[et_pb_section fb_built=&#187;1&#8243; admin_label=&#187;section&#187; _builder_version=&#187;4.16&#8243; global_colors_info=&#187;{}&#187;][et_pb_row admin_label=&#187;Row&#187; _builder_version=&#187;4.16&#8243; background_size=&#187;initial&#187; background_position=&#187;top_left&#187; background_repeat=&#187;repeat&#187; global_colors_info=&#187;{}&#187;][et_pb_column type=&#187;4_4&#8243; _builder_version=&#187;4.16&#8243; custom_padding=&#187;|||&#187; global_colors_info=&#187;{}&#187; custom_padding__hover=&#187;|||&#187;][et_pb_text admin_label=&#187;Metin&#187; _builder_version=&#187;4.16&#8243; background_size=&#187;initial&#187; background_position=&#187;top_left&#187; background_repeat=&#187;repeat&#187; use_border_color=&#187;off&#187; border_color=&#187;#ffffff&#187; border_style=&#187;solid&#187; global_colors_info=&#187;{}&#187;]<\/p>\n<h2>\u041d\u0430\u0443\u0447\u043d\u044b\u0435 \u0421\u0442\u0430\u0442\u044c\u0438<\/p>\n<h2>[\/et_pb_text][et_pb_divider color=&#187;#c1402e&#187; admin_label=&#187;B\u00f6l\u00fcc\u00fc&#187; _builder_version=&#187;4.16&#8243; hide_on_mobile=&#187;off&#187; global_colors_info=&#187;{}&#187;][\/et_pb_divider][\/et_pb_column][\/et_pb_row][et_pb_row column_structure=&#187;2_3,1_3&#8243; admin_label=&#187;row&#187; _builder_version=&#187;4.16&#8243; background_size=&#187;initial&#187; background_position=&#187;top_left&#187; background_repeat=&#187;repeat&#187; global_colors_info=&#187;{}&#187;][et_pb_column type=&#187;2_3&#8243; _builder_version=&#187;4.16&#8243; custom_padding=&#187;|||&#187; global_colors_info=&#187;{}&#187; custom_padding__hover=&#187;|||&#187;][et_pb_text admin_label=&#187;Metin&#187; _builder_version=&#187;4.26.0&#8243; background_size=&#187;initial&#187; hover_enabled=&#187;0&#8243; use_border_color=&#187;off&#187; border_color=&#187;#ffffff&#187; border_style=&#187;solid&#187; global_colors_info=&#187;{}&#187; sticky_enabled=&#187;0&#8243;]<\/p>\n<table>\n<tbody>\n<tr>\n<td width=\"307\"><a href=\"https:\/\/dergipark.org.tr\/en\/pub\/jan\" target=\"_blank\" rel=\"noopener\"><img loading=\"lazy\" decoding=\"async\" src=\"https:\/\/apiterapidernegi.org\/wp-content\/uploads\/2024\/07\/journal-of-apitherapy-and-nature-cover-jan-2024-1.jpg\" width=\"200\" height=\"300\" alt=\"\" class=\"wp-image-11240 aligncenter size-full\" \/><\/a><\/td>\n<td width=\"307\"><a href=\"https:\/\/dergipark.org.tr\/en\/pub\/bst\" target=\"_blank\" rel=\"noopener noreferrer\"><img loading=\"lazy\" decoding=\"async\" class=\"wp-image-9689 aligncenter size-full\" src=\"https:\/\/apiterapidernegi.org\/wp-content\/uploads\/2021\/03\/bee-studies-cover-bst.jpg\" alt=\"\" width=\"200\" height=\"300\" \/><\/a><\/td>\n<\/tr>\n<tr>\n<td width=\"307\">\n<ul>\n<li>\n<h6><span style=\"text-decoration: underline;\"><a href=\"https:\/\/dergipark.org.tr\/en\/pub\/jan\" target=\"_blank\" rel=\"noopener noreferrer\">Journal of Apitherapy and Nature (JAN)<\/a><\/span><\/h6>\n<\/li>\n<\/ul>\n<\/td>\n<td width=\"307\">\n<ul>\n<li>\n<h6><span style=\"text-decoration: underline;\"><a href=\"https:\/\/dergipark.org.tr\/en\/pub\/bst\" target=\"_blank\" rel=\"noopener noreferrer\">Bee Studies (BST)<\/a><\/span><\/h6>\n<\/li>\n<\/ul>\n<\/td>\n<\/tr>\n<tr>\n<td width=\"307\">\n<h4><a href=\"https:\/\/dergipark.org.tr\/en\/pub\/mellifera\" target=\"_blank\" rel=\"noopener noreferrer\"><img loading=\"lazy\" decoding=\"async\" class=\"wp-image-9694 aligncenter size-full\" src=\"https:\/\/apiterapidernegi.org\/wp-content\/uploads\/2021\/03\/mellifera-cover-journal-of-beekeeping.jpg\" alt=\"\" width=\"200\" height=\"300\" \/><\/a><\/h4>\n<\/td>\n<td width=\"307\"><a href=\"https:\/\/dergipark.org.tr\/en\/pub\/uluaricilik\" target=\"_blank\" rel=\"noopener\"><img loading=\"lazy\" decoding=\"async\" src=\"https:\/\/apiterapidernegi.org\/wp-content\/uploads\/2024\/07\/uludag-bee-journal-cover-uluaricilik-2024-1.jpg\" width=\"200\" height=\"300\" alt=\"\" class=\"wp-image-11250 aligncenter size-full\" \/><\/a><\/td>\n<\/tr>\n<tr>\n<td width=\"307\">\n<ul>\n<li>\n<h6><span style=\"text-decoration: underline;\"><a href=\"https:\/\/dergipark.org.tr\/en\/pub\/mellifera\" target=\"_blank\" rel=\"noopener noreferrer\">Journal of Beekeeping (MELLIFERA)<\/a><\/span><\/h6>\n<\/li>\n<\/ul>\n<\/td>\n<td width=\"307\">\n<ul>\n<li>\n<h6><span style=\"text-decoration: underline;\"><a href=\"https:\/\/dergipark.org.tr\/en\/pub\/uluaricilik\" target=\"_blank\" rel=\"noopener noreferrer\">Uludag Bee Journal (ULUARICILIK)<\/a><\/span><\/h6>\n<\/li>\n<\/ul>\n<\/td>\n<\/tr>\n<tr>\n<td width=\"307\"><a href=\"https:\/\/dergipark.org.tr\/en\/pub\/ijtcmr\" target=\"_blank\" rel=\"noopener\"><img loading=\"lazy\" decoding=\"async\" src=\"https:\/\/apiterapidernegi.org\/wp-content\/uploads\/2024\/07\/international-journal-of-traditional-and-complementary-medicine-research-cover-ijtcmr-new.jpg\" width=\"200\" height=\"300\" alt=\"\" class=\"wp-image-11245 aligncenter size-full\" \/><\/a><\/td>\n<td width=\"307\"><a href=\"https:\/\/dergipark.org.tr\/en\/pub\/gtatder\" target=\"_blank\" rel=\"noopener noreferrer\"><img loading=\"lazy\" decoding=\"async\" class=\"wp-image-9709 aligncenter size-full\" src=\"https:\/\/apiterapidernegi.org\/wp-content\/uploads\/2021\/03\/journal-of-traditional-and-complementary-anatolian-medicine-cover-gtatder.jpg\" alt=\"\" width=\"200\" height=\"300\" \/><\/a><\/td>\n<\/tr>\n<tr>\n<td width=\"307\">\n<ul>\n<li>\n<h6><span style=\"text-decoration: underline;\"><a href=\"https:\/\/dergipark.org.tr\/en\/pub\/ijtcmr\" target=\"_blank\" rel=\"noopener noreferrer\">International Journal of Traditional and Complementary Medicine Research (IJTCMR)<\/a><\/span><\/h6>\n<\/li>\n<\/ul>\n<\/td>\n<td width=\"307\">\n<ul>\n<li>\n<h6><span style=\"text-decoration: underline;\"><a href=\"https:\/\/dergipark.org.tr\/en\/pub\/gtatder\" target=\"_blank\" rel=\"noopener noreferrer\">Geleneksel ve Tamamlay\u0131c\u0131 Anadolu T\u0131bb\u0131 Dergisi (GTATDER)<\/a><\/span><\/h6>\n<p>&nbsp;<\/p>\n<\/li>\n<\/ul>\n<\/td>\n<\/tr>\n<\/tbody>\n<\/table>\n<p>&nbsp;<\/p>\n<h6 style=\"text-align: center;\"><strong>Powered by<\/strong><\/h6>\n<p><a href=\"https:\/\/dergipark.org.tr\/en\/\" target=\"_blank\" rel=\"noopener noreferrer\"><img loading=\"lazy\" decoding=\"async\" class=\"wp-image-7292 aligncenter size-full\" src=\"https:\/\/apiterapidernegi.org\/wp-content\/uploads\/2020\/03\/dergipark_logo.png\" alt=\"\" width=\"300\" height=\"90\" \/><\/a><\/p>\n<p>[\/et_pb_text][\/et_pb_column][et_pb_column type=&#187;1_3&#8243; _builder_version=&#187;4.16&#8243; custom_padding=&#187;|||&#187; global_colors_info=&#187;{}&#187; custom_padding__hover=&#187;|||&#187;][et_pb_blog posts_number=&#187;2&#8243; include_categories=&#187;3&#8243; show_author=&#187;off&#187; show_date=&#187;off&#187; show_categories=&#187;off&#187; show_pagination=&#187;off&#187; disabled_on=&#187;on|on|&#187; admin_label=&#187;Blog&#187; _builder_version=&#187;4.16&#8243; use_border_color=&#187;off&#187; border_color=&#187;#ffffff&#187; border_style=&#187;solid&#187; use_dropshadow=&#187;off&#187; global_colors_info=&#187;{}&#187;][\/et_pb_blog][\/et_pb_column][\/et_pb_row][\/et_pb_section]<\/p>\n","protected":false},"excerpt":{"rendered":"<p>\u041d\u0430\u0443\u0447\u043d\u044b\u0435 \u0421\u0442\u0430\u0442\u044c\u0438 Journal of Apitherapy and Nature (JAN) Bee Studies (BST) Journal of Beekeeping (MELLIFERA) Uludag Bee Journal (ULUARICILIK) International Journal of Traditional and Complementary Medicine Research (IJTCMR) Geleneksel ve Tamamlay\u0131c\u0131 Anadolu T\u0131bb\u0131 Dergisi (GTATDER) &nbsp; &nbsp; Powered by<\/p>\n","protected":false},"author":1,"featured_media":0,"parent":0,"menu_order":0,"comment_status":"closed","ping_status":"closed","template":"","meta":{"_et_pb_use_builder":"on","_et_pb_old_content":"","_et_gb_content_width":"","footnotes":""},"class_list":["post-1324","page","type-page","status-publish","hentry"],"_links":{"self":[{"href":"https:\/\/apiterapidernegi.org\/ru\/wp-json\/wp\/v2\/pages\/1324","targetHints":{"allow":["GET"]}}],"collection":[{"href":"https:\/\/apiterapidernegi.org\/ru\/wp-json\/wp\/v2\/pages"}],"about":[{"href":"https:\/\/apiterapidernegi.org\/ru\/wp-json\/wp\/v2\/types\/page"}],"author":[{"embeddable":true,"href":"https:\/\/apiterapidernegi.org\/ru\/wp-json\/wp\/v2\/users\/1"}],"replies":[{"embeddable":true,"href":"https:\/\/apiterapidernegi.org\/ru\/wp-json\/wp\/v2\/comments?post=1324"}],"version-history":[{"count":13,"href":"https:\/\/apiterapidernegi.org\/ru\/wp-json\/wp\/v2\/pages\/1324\/revisions"}],"predecessor-version":[{"id":11259,"href":"https:\/\/apiterapidernegi.org\/ru\/wp-json\/wp\/v2\/pages\/1324\/revisions\/11259"}],"wp:attachment":[{"href":"https:\/\/apiterapidernegi.org\/ru\/wp-json\/wp\/v2\/media?parent=1324"}],"curies":[{"name":"wp","href":"https:\/\/api.w.org\/{rel}","templated":true}]}}