{"id":1328,"date":"2017-09-27T23:01:39","date_gmt":"2017-09-27T21:01:39","guid":{"rendered":"https:\/\/apiterapidernegi.org\/%d0%92%d0%b8%d0%b4%d0%b5%d0%be\/"},"modified":"2018-04-29T21:58:04","modified_gmt":"2018-04-29T19:58:04","slug":"%d0%92%d0%b8%d0%b4%d0%b5%d0%be","status":"publish","type":"page","link":"https:\/\/apiterapidernegi.org\/ru\/%d0%92%d0%b8%d0%b4%d0%b5%d0%be\/","title":{"rendered":"\u0412\u0438\u0434\u0435\u043e"},"content":{"rendered":"<p>[et_pb_section fb_built=&#187;1&#8243; admin_label=&#187;section&#187; _builder_version=&#187;3.0.47&#8243;][et_pb_row admin_label=&#187;Sat\u0131r&#187; _builder_version=&#187;3.0.47&#8243; background_size=&#187;initial&#187; background_position=&#187;top_left&#187; background_repeat=&#187;repeat&#187;][et_pb_column type=&#187;4_4&#8243; _builder_version=&#187;3.0.47&#8243; parallax=&#187;off&#187; parallax_method=&#187;on&#187;][et_pb_text admin_label=&#187;Metin&#187; _builder_version=&#187;3.0.77&#8243; background_size=&#187;initial&#187; background_position=&#187;top_left&#187; background_repeat=&#187;repeat&#187;]<\/p>\n<h2>\u0412\u0438\u0434\u0435\u043e<\/h2>\n<p>[\/et_pb_text][et_pb_divider color=&#187;#c1402e&#187; show_divider=&#187;on&#187; admin_label=&#187;B\u00f6l\u00fcc\u00fc&#187; _builder_version=&#187;3.0.47&#8243; hide_on_mobile=&#187;off&#187;] [\/et_pb_divider][\/et_pb_column][\/et_pb_row][et_pb_row admin_label=&#187;row&#187; _builder_version=&#187;3.0.47&#8243; background_size=&#187;initial&#187; background_position=&#187;top_left&#187; background_repeat=&#187;repeat&#187;][et_pb_column type=&#187;2_3&#8243; _builder_version=&#187;3.0.47&#8243; parallax=&#187;off&#187; parallax_method=&#187;on&#187;][et_pb_blog include_categories=&#187;54&#8243; show_author=&#187;off&#187; show_categories=&#187;off&#187; admin_label=&#187;Blog&#187; _builder_version=&#187;3.0.106&#8243;] [\/et_pb_blog][\/et_pb_column][et_pb_column type=&#187;1_3&#8243; _builder_version=&#187;3.0.47&#8243; parallax=&#187;off&#187; parallax_method=&#187;on&#187;][et_pb_blog posts_number=&#187;1&#8243; include_categories=&#187;54&#8243; show_author=&#187;off&#187; show_date=&#187;off&#187; show_categories=&#187;off&#187; show_pagination=&#187;off&#187; disabled_on=&#187;on|on|&#187; admin_label=&#187;Blog&#187; _builder_version=&#187;3.0.106&#8243;] [\/et_pb_blog][\/et_pb_column][\/et_pb_row][\/et_pb_section]<\/p>\n","protected":false},"excerpt":{"rendered":"<p>\u0412\u0438\u0434\u0435\u043e<\/p>\n","protected":false},"author":1,"featured_media":0,"parent":0,"menu_order":0,"comment_status":"closed","ping_status":"closed","template":"","meta":{"_et_pb_use_builder":"on","_et_pb_old_content":"","_et_gb_content_width":"","footnotes":""},"class_list":["post-1328","page","type-page","status-publish","hentry"],"_links":{"self":[{"href":"https:\/\/apiterapidernegi.org\/ru\/wp-json\/wp\/v2\/pages\/1328","targetHints":{"allow":["GET"]}}],"collection":[{"href":"https:\/\/apiterapidernegi.org\/ru\/wp-json\/wp\/v2\/pages"}],"about":[{"href":"https:\/\/apiterapidernegi.org\/ru\/wp-json\/wp\/v2\/types\/page"}],"author":[{"embeddable":true,"href":"https:\/\/apiterapidernegi.org\/ru\/wp-json\/wp\/v2\/users\/1"}],"replies":[{"embeddable":true,"href":"https:\/\/apiterapidernegi.org\/ru\/wp-json\/wp\/v2\/comments?post=1328"}],"version-history":[{"count":5,"href":"https:\/\/apiterapidernegi.org\/ru\/wp-json\/wp\/v2\/pages\/1328\/revisions"}],"predecessor-version":[{"id":3711,"href":"https:\/\/apiterapidernegi.org\/ru\/wp-json\/wp\/v2\/pages\/1328\/revisions\/3711"}],"wp:attachment":[{"href":"https:\/\/apiterapidernegi.org\/ru\/wp-json\/wp\/v2\/media?parent=1328"}],"curies":[{"name":"wp","href":"https:\/\/api.w.org\/{rel}","templated":true}]}}