{"id":1330,"date":"2017-09-27T23:13:57","date_gmt":"2017-09-27T21:13:57","guid":{"rendered":"https:\/\/apiterapidernegi.org\/%d1%81%d0%b2%d1%8f%d0%b6%d0%b8%d1%82%d0%b5%d1%81%d1%8c-%d1%81-%d0%bd%d0%b0%d0%bc%d0%b8\/"},"modified":"2026-01-17T19:35:13","modified_gmt":"2026-01-17T16:35:13","slug":"%d1%81%d0%b2%d1%8f%d0%b6%d0%b8%d1%82%d0%b5%d1%81%d1%8c-%d1%81-%d0%bd%d0%b0%d0%bc%d0%b8","status":"publish","type":"page","link":"https:\/\/apiterapidernegi.org\/ru\/%d1%81%d0%b2%d1%8f%d0%b6%d0%b8%d1%82%d0%b5%d1%81%d1%8c-%d1%81-%d0%bd%d0%b0%d0%bc%d0%b8\/","title":{"rendered":"\u0441\u0432\u044f\u0436\u0438\u0442\u0435\u0441\u044c \u0441 \u043d\u0430\u043c\u0438"},"content":{"rendered":"<p>[et_pb_section fb_built=&#187;1&#8243; admin_label=&#187;section&#187; _builder_version=&#187;4.16&#8243; global_colors_info=&#187;{}&#187;][et_pb_row admin_label=&#187;row&#187; _builder_version=&#187;4.16&#8243; background_size=&#187;initial&#187; background_position=&#187;top_left&#187; background_repeat=&#187;repeat&#187; global_colors_info=&#187;{}&#187;][et_pb_column type=&#187;4_4&#8243; _builder_version=&#187;4.16&#8243; custom_padding=&#187;|||&#187; global_colors_info=&#187;{}&#187; custom_padding__hover=&#187;|||&#187;][et_pb_map address=&#187;Konaklar Mahallesi, Aka\u011fa\u00e7 Soka\u011f\u0131 No:7, 34330 Be\u015fikta\u015f\/Istanbul, Turkey&#187; address_lat=&#187;41.085995094767306&#8243; address_lng=&#187;29.01286146693416&#8243; admin_label=&#187;Harita&#187; _builder_version=&#187;4.16&#8243; global_colors_info=&#187;{}&#187;][et_pb_map_pin title=&#187;\u0422\u0443\u0440\u0446\u0438\u044f \u0410\u0441\u0441\u043e\u0446\u0438\u0430\u0446\u0438\u044f A\u043f\u0438\u0442\u0435\u0440\u0430\u043f\u0438&#187; pin_address=&#187;Konaklar Mahallesi, Aka\u011fa\u00e7 Soka\u011f\u0131 No:10, 34330 Be\u015fikta\u015f\/Istanbul, Turkey&#187; pin_address_lat=&#187;41.086027441086344&#8243; pin_address_lng=&#187;29.01279709391781&#8243; _builder_version=&#187;3.0.75&#8243; global_colors_info=&#187;{}&#187;][\/et_pb_map_pin][\/et_pb_map][\/et_pb_column][\/et_pb_row][et_pb_row admin_label=&#187;Sat\u0131r&#187; _builder_version=&#187;4.16&#8243; background_size=&#187;initial&#187; background_position=&#187;top_left&#187; background_repeat=&#187;repeat&#187; global_colors_info=&#187;{}&#187; column_structure=&#187;2_3,1_3&#8243;][et_pb_column type=&#187;2_3&#8243; _builder_version=&#187;4.16&#8243; custom_padding=&#187;|||&#187; global_colors_info=&#187;{}&#187; custom_padding__hover=&#187;|||&#187;][et_pb_contact_form email=&#187;info@apiterapidernegi.org&#187; title=&#187;\u041a\u043e\u043c\u043c\u0443\u043d\u0438\u043a\u0430\u0446\u0438\u044f&#187; admin_label=&#187;\u00ddleti\u00feim Formu&#187; module_id=&#187;et_pb_contact_form_0&#8243; _builder_version=&#187;4.27.4&#8243; _unique_id=&#187;3888f4fe-91c2-4c91-a550-d9685278e058&#8243; hover_enabled=&#187;0&#8243; global_colors_info=&#187;{}&#187; sticky_enabled=&#187;0&#8243;][et_pb_contact_field field_id=&#187;\u0418\u043c\u044f&#187; field_title=&#187;\u0418\u043c\u044f*&#187; _builder_version=&#187;4.16&#8243; form_field_font=&#187;||||&#187; use_border_color=&#187;off&#187; global_colors_info=&#187;{}&#187; button_text_size__hover_enabled=&#187;off&#187; button_one_text_size__hover_enabled=&#187;off&#187; button_two_text_size__hover_enabled=&#187;off&#187; button_text_color__hover_enabled=&#187;off&#187; button_one_text_color__hover_enabled=&#187;off&#187; button_two_text_color__hover_enabled=&#187;off&#187; button_border_width__hover_enabled=&#187;off&#187; button_one_border_width__hover_enabled=&#187;off&#187; button_two_border_width__hover_enabled=&#187;off&#187; button_border_color__hover_enabled=&#187;off&#187; button_one_border_color__hover_enabled=&#187;off&#187; button_two_border_color__hover_enabled=&#187;off&#187; button_border_radius__hover_enabled=&#187;off&#187; button_one_border_radius__hover_enabled=&#187;off&#187; button_two_border_radius__hover_enabled=&#187;off&#187; button_letter_spacing__hover_enabled=&#187;off&#187; button_one_letter_spacing__hover_enabled=&#187;off&#187; button_two_letter_spacing__hover_enabled=&#187;off&#187; button_bg_color__hover_enabled=&#187;off&#187; button_one_bg_color__hover_enabled=&#187;off&#187; button_two_bg_color__hover_enabled=&#187;off&#187;] [\/et_pb_contact_field][et_pb_contact_field field_id=&#187;\u0424\u0430\u043c\u0438\u043b\u0438\u044f&#187; field_title=&#187;\u0424\u0430\u043c\u0438\u043b\u0438\u044f*&#187; _builder_version=&#187;4.16&#8243; form_field_font=&#187;||||&#187; use_border_color=&#187;off&#187; global_colors_info=&#187;{}&#187; button_text_size__hover_enabled=&#187;off&#187; button_one_text_size__hover_enabled=&#187;off&#187; button_two_text_size__hover_enabled=&#187;off&#187; button_text_color__hover_enabled=&#187;off&#187; button_one_text_color__hover_enabled=&#187;off&#187; button_two_text_color__hover_enabled=&#187;off&#187; button_border_width__hover_enabled=&#187;off&#187; button_one_border_width__hover_enabled=&#187;off&#187; button_two_border_width__hover_enabled=&#187;off&#187; button_border_color__hover_enabled=&#187;off&#187; button_one_border_color__hover_enabled=&#187;off&#187; button_two_border_color__hover_enabled=&#187;off&#187; button_border_radius__hover_enabled=&#187;off&#187; button_one_border_radius__hover_enabled=&#187;off&#187; button_two_border_radius__hover_enabled=&#187;off&#187; button_letter_spacing__hover_enabled=&#187;off&#187; button_one_letter_spacing__hover_enabled=&#187;off&#187; button_two_letter_spacing__hover_enabled=&#187;off&#187; button_bg_color__hover_enabled=&#187;off&#187; button_one_bg_color__hover_enabled=&#187;off&#187; button_two_bg_color__hover_enabled=&#187;off&#187;] [\/et_pb_contact_field][et_pb_contact_field field_id=&#187;Eposta&#187; field_title=&#187;\u0435-\u043c\u0435\u0439\u043b*&#187; field_type=&#187;email&#187; _builder_version=&#187;4.16&#8243; form_field_font=&#187;||||&#187; use_border_color=&#187;off&#187; global_colors_info=&#187;{}&#187; button_text_size__hover_enabled=&#187;off&#187; button_one_text_size__hover_enabled=&#187;off&#187; button_two_text_size__hover_enabled=&#187;off&#187; button_text_color__hover_enabled=&#187;off&#187; button_one_text_color__hover_enabled=&#187;off&#187; button_two_text_color__hover_enabled=&#187;off&#187; button_border_width__hover_enabled=&#187;off&#187; button_one_border_width__hover_enabled=&#187;off&#187; button_two_border_width__hover_enabled=&#187;off&#187; button_border_color__hover_enabled=&#187;off&#187; button_one_border_color__hover_enabled=&#187;off&#187; button_two_border_color__hover_enabled=&#187;off&#187; button_border_radius__hover_enabled=&#187;off&#187; button_one_border_radius__hover_enabled=&#187;off&#187; button_two_border_radius__hover_enabled=&#187;off&#187; button_letter_spacing__hover_enabled=&#187;off&#187; button_one_letter_spacing__hover_enabled=&#187;off&#187; button_two_letter_spacing__hover_enabled=&#187;off&#187; button_bg_color__hover_enabled=&#187;off&#187; button_one_bg_color__hover_enabled=&#187;off&#187; button_two_bg_color__hover_enabled=&#187;off&#187;] [\/et_pb_contact_field][et_pb_contact_field field_id=&#187;Tel&#187; field_title=&#187;\u0422\u0435\u043b\u0435\u0444\u043e\u043d&#187; required_mark=&#187;off&#187; _builder_version=&#187;4.16&#8243; form_field_font=&#187;||||&#187; use_border_color=&#187;off&#187; global_colors_info=&#187;{}&#187; button_text_size__hover_enabled=&#187;off&#187; button_one_text_size__hover_enabled=&#187;off&#187; button_two_text_size__hover_enabled=&#187;off&#187; button_text_color__hover_enabled=&#187;off&#187; button_one_text_color__hover_enabled=&#187;off&#187; button_two_text_color__hover_enabled=&#187;off&#187; button_border_width__hover_enabled=&#187;off&#187; button_one_border_width__hover_enabled=&#187;off&#187; button_two_border_width__hover_enabled=&#187;off&#187; button_border_color__hover_enabled=&#187;off&#187; button_one_border_color__hover_enabled=&#187;off&#187; button_two_border_color__hover_enabled=&#187;off&#187; button_border_radius__hover_enabled=&#187;off&#187; button_one_border_radius__hover_enabled=&#187;off&#187; button_two_border_radius__hover_enabled=&#187;off&#187; button_letter_spacing__hover_enabled=&#187;off&#187; button_one_letter_spacing__hover_enabled=&#187;off&#187; button_two_letter_spacing__hover_enabled=&#187;off&#187; button_bg_color__hover_enabled=&#187;off&#187; button_one_bg_color__hover_enabled=&#187;off&#187; button_two_bg_color__hover_enabled=&#187;off&#187;] [\/et_pb_contact_field][et_pb_contact_field field_id=&#187;\u0422\u0435\u043c\u0430&#187; field_title=&#187;\u0422\u0435\u043c\u0430*&#187; field_type=&#187;select&#187; select_options=&#187;%91{%22value%22:%22\u0413\u0435\u043d\u0435\u0440\u0430\u043b\u044c\u043d\u044b\u0439%22,%22checked%22:0,%22dragID%22:-1},{%22value%22:%22\u041f\u0440\u0435\u0434\u043b\u043e\u0436\u0435\u043d\u0438\u0435%22,%22checked%22:0,%22dragID%22:0},{%22value%22:%22\u041f\u0440\u043e\u0435\u043a\u0442%22,%22checked%22:0,%22dragID%22:1},{%22value%22:%22\u0421\u043e\u0442\u0440\u0443\u0434\u043d\u0438\u0447\u0435\u0441\u0442\u0432\u043e%22,%22checked%22:0,%22dragID%22:2},{%22value%22:%22\u041f\u0440\u0438\u0433\u043b\u0430\u0448\u0435\u043d\u0438\u0435%22,%22checked%22:0,%22dragID%22:3},{%22value%22:%22\u0417\u0430\u044f\u0432\u043a\u0430 \u043d\u0430 \u041d\u0430\u0443\u0447\u043d\u043e-\u041a\u043e\u043d\u0441\u0443\u043b\u044c\u0442\u0430\u0442\u0438\u0432\u043d\u044b\u0439 \u0421\u043e\u0432\u0435\u0442%22,%22checked%22:0,%22dragID%22:4},{%22value%22:%22\u0418\u0441\u0441\u043b\u0435\u0434\u043e\u0432\u0430\u043d\u0438\u044f \u0438 \u0420\u0430\u0437\u0440\u0430\u0431\u043e\u0442\u043a\u0438%22,%22checked%22:0,%22dragID%22:5},{%22value%22:%22\u0421\u043f\u043e\u043d\u0441\u043e\u0440\u0441\u0442\u0432\u043e%22,%22checked%22:0,%22dragID%22:6},{%22value%22:%22\u041f\u043e\u0436\u0435\u0440\u0442\u0432\u043e\u0432\u0430\u043d\u0438\u0435%22,%22checked%22:0,%22dragID%22:7},{%22value%22:%22\u0412\u0435\u0431-\u041c\u0430\u0441\u0442\u0435\u0440%22,%22checked%22:0,%22dragID%22:8}%93&#8243; _builder_version=&#187;4.16&#8243; form_field_font=&#187;||||&#187; use_border_color=&#187;off&#187; global_colors_info=&#187;{}&#187; button_text_size__hover_enabled=&#187;off&#187; button_one_text_size__hover_enabled=&#187;off&#187; button_two_text_size__hover_enabled=&#187;off&#187; button_text_color__hover_enabled=&#187;off&#187; button_one_text_color__hover_enabled=&#187;off&#187; button_two_text_color__hover_enabled=&#187;off&#187; button_border_width__hover_enabled=&#187;off&#187; button_one_border_width__hover_enabled=&#187;off&#187; button_two_border_width__hover_enabled=&#187;off&#187; button_border_color__hover_enabled=&#187;off&#187; button_one_border_color__hover_enabled=&#187;off&#187; button_two_border_color__hover_enabled=&#187;off&#187; button_border_radius__hover_enabled=&#187;off&#187; button_one_border_radius__hover_enabled=&#187;off&#187; button_two_border_radius__hover_enabled=&#187;off&#187; button_letter_spacing__hover_enabled=&#187;off&#187; button_one_letter_spacing__hover_enabled=&#187;off&#187; button_two_letter_spacing__hover_enabled=&#187;off&#187; button_bg_color__hover_enabled=&#187;off&#187; button_one_bg_color__hover_enabled=&#187;off&#187; button_two_bg_color__hover_enabled=&#187;off&#187;] [\/et_pb_contact_field][et_pb_contact_field field_id=&#187;\u041a\u0430\u0442\u0435\u0433\u043e\u0440\u0438\u044f&#187; field_title=&#187;\u041a\u0430\u0442\u0435\u0433\u043e\u0440\u0438\u044f*&#187; field_type=&#187;select&#187; select_options=&#187;%91{%22value%22:%22\u0413\u0435\u043d\u0435\u0440\u0430\u043b\u044c\u043d\u044b\u0439%22,%22checked%22:0,%22dragID%22:-1},{%22value%22:%22\u041e\u0431\u0440\u0430\u0442\u043d\u0430\u044f \u0421\u0432\u044f\u0437\u044c%22,%22checked%22:0,%22dragID%22:0},{%22value%22:%22\u041f\u0440\u0435\u0434\u043b\u043e\u0436\u0435\u043d\u0438\u0435%22,%22checked%22:0,%22dragID%22:1},{%22value%22:%22\u0421\u043e\u043e\u0431\u0449\u0438\u0442\u044c \u043e \u041f\u0440\u043e\u0431\u043b\u0435\u043c\u0435%22,%22checked%22:0,%22dragID%22:2},{%22value%22:%22\u0421\u043f\u0440\u043e\u0441%22,%22checked%22:0,%22dragID%22:3},{%22value%22:%22\u0421\u043f\u0430\u0441\u0438\u0431\u043e%22,%22checked%22:0,%22dragID%22:4}%93&#8243; _builder_version=&#187;4.16&#8243; form_field_font=&#187;||||&#187; use_border_color=&#187;off&#187; global_colors_info=&#187;{}&#187; button_text_size__hover_enabled=&#187;off&#187; button_one_text_size__hover_enabled=&#187;off&#187; button_two_text_size__hover_enabled=&#187;off&#187; button_text_color__hover_enabled=&#187;off&#187; button_one_text_color__hover_enabled=&#187;off&#187; button_two_text_color__hover_enabled=&#187;off&#187; button_border_width__hover_enabled=&#187;off&#187; button_one_border_width__hover_enabled=&#187;off&#187; button_two_border_width__hover_enabled=&#187;off&#187; button_border_color__hover_enabled=&#187;off&#187; button_one_border_color__hover_enabled=&#187;off&#187; button_two_border_color__hover_enabled=&#187;off&#187; button_border_radius__hover_enabled=&#187;off&#187; button_one_border_radius__hover_enabled=&#187;off&#187; button_two_border_radius__hover_enabled=&#187;off&#187; button_letter_spacing__hover_enabled=&#187;off&#187; button_one_letter_spacing__hover_enabled=&#187;off&#187; button_two_letter_spacing__hover_enabled=&#187;off&#187; button_bg_color__hover_enabled=&#187;off&#187; button_one_bg_color__hover_enabled=&#187;off&#187; button_two_bg_color__hover_enabled=&#187;off&#187;] [\/et_pb_contact_field][et_pb_contact_field field_id=&#187;\u0421\u043e\u043e\u0431\u0449\u0435\u043d\u0438\u0435&#187; field_title=&#187;\u0421\u043e\u043e\u0431\u0449\u0435\u043d\u0438\u0435*&#187; field_type=&#187;text&#187; fullwidth_field=&#187;on&#187; _builder_version=&#187;4.16&#8243; form_field_font=&#187;||||&#187; use_border_color=&#187;off&#187; global_colors_info=&#187;{}&#187; button_text_size__hover_enabled=&#187;off&#187; button_one_text_size__hover_enabled=&#187;off&#187; button_two_text_size__hover_enabled=&#187;off&#187; button_text_color__hover_enabled=&#187;off&#187; button_one_text_color__hover_enabled=&#187;off&#187; button_two_text_color__hover_enabled=&#187;off&#187; button_border_width__hover_enabled=&#187;off&#187; button_one_border_width__hover_enabled=&#187;off&#187; button_two_border_width__hover_enabled=&#187;off&#187; button_border_color__hover_enabled=&#187;off&#187; button_one_border_color__hover_enabled=&#187;off&#187; button_two_border_color__hover_enabled=&#187;off&#187; button_border_radius__hover_enabled=&#187;off&#187; button_one_border_radius__hover_enabled=&#187;off&#187; button_two_border_radius__hover_enabled=&#187;off&#187; button_letter_spacing__hover_enabled=&#187;off&#187; button_one_letter_spacing__hover_enabled=&#187;off&#187; button_two_letter_spacing__hover_enabled=&#187;off&#187; button_bg_color__hover_enabled=&#187;off&#187; button_one_bg_color__hover_enabled=&#187;off&#187; button_two_bg_color__hover_enabled=&#187;off&#187;] [\/et_pb_contact_field][\/et_pb_contact_form][\/et_pb_column][et_pb_column type=&#187;1_3&#8243; _builder_version=&#187;4.16&#8243; custom_padding=&#187;|||&#187; global_colors_info=&#187;{}&#187; custom_padding__hover=&#187;|||&#187;][et_pb_text admin_label=&#187;Metin&#187; _builder_version=&#187;4.16&#8243; background_size=&#187;initial&#187; background_position=&#187;top_left&#187; background_repeat=&#187;repeat&#187; custom_margin=&#187;50px|||&#187; global_colors_info=&#187;{}&#187;]<\/p>\n<div class=\"width-12 no-margin\">\n<h4>\u0410\u043f\u0438\u0442\u0435\u0440\u0430\u043f\u0438\u044f \u0410\u0441\u0441\u043e\u0446\u0438\u0430\u0446\u0438\u044f \u0422\u0443\u0440\u0446\u0438\u0438<br \/> \u0413\u043b\u0430\u0432\u043d\u044b\u0439 \u041e\u0444\u0438\u0441<br \/> ____________________________________<\/h4>\n<p><b><strong>\u0422\u0435\u043b\u0435\u0444\u043e\u043d<\/strong>: <\/b>+90 212 249 8383<\/p>\n<\/div>\n<div class=\"width-12 no-margin\">\n<div class=\"width-3 text-left no-padding\"><b>\u0410\u0434\u0440\u0435\u0441: \u00a0<\/b>Konaklar Mah. Aka\u011fa\u00e7 Sk.<br \/> Aksan Binas\u0131 No: 7<br \/> 34330 4. Levent, Be\u015fikta\u015f<br \/> Istanbul \/TURKEY<\/div>\n<\/div>\n<p>[\/et_pb_text][\/et_pb_column][\/et_pb_row][\/et_pb_section]<\/p>\n","protected":false},"excerpt":{"rendered":"<p>\u0410\u043f\u0438\u0442\u0435\u0440\u0430\u043f\u0438\u044f \u0410\u0441\u0441\u043e\u0446\u0438\u0430\u0446\u0438\u044f \u0422\u0443\u0440\u0446\u0438\u0438 \u0413\u043b\u0430\u0432\u043d\u044b\u0439 \u041e\u0444\u0438\u0441 ____________________________________ \u0422\u0435\u043b\u0435\u0444\u043e\u043d: +90 212 249 8383 \u0410\u0434\u0440\u0435\u0441: \u00a0Konaklar Mah. Aka\u011fa\u00e7 Sk. Aksan Binas\u0131 No: 7 34330 4. Levent, Be\u015fikta\u015f Istanbul \/TURKEY<\/p>\n","protected":false},"author":1,"featured_media":0,"parent":0,"menu_order":0,"comment_status":"closed","ping_status":"closed","template":"","meta":{"_et_pb_use_builder":"on","_et_pb_old_content":"","_et_gb_content_width":"","footnotes":""},"class_list":["post-1330","page","type-page","status-publish","hentry"],"_links":{"self":[{"href":"https:\/\/apiterapidernegi.org\/ru\/wp-json\/wp\/v2\/pages\/1330","targetHints":{"allow":["GET"]}}],"collection":[{"href":"https:\/\/apiterapidernegi.org\/ru\/wp-json\/wp\/v2\/pages"}],"about":[{"href":"https:\/\/apiterapidernegi.org\/ru\/wp-json\/wp\/v2\/types\/page"}],"author":[{"embeddable":true,"href":"https:\/\/apiterapidernegi.org\/ru\/wp-json\/wp\/v2\/users\/1"}],"replies":[{"embeddable":true,"href":"https:\/\/apiterapidernegi.org\/ru\/wp-json\/wp\/v2\/comments?post=1330"}],"version-history":[{"count":21,"href":"https:\/\/apiterapidernegi.org\/ru\/wp-json\/wp\/v2\/pages\/1330\/revisions"}],"predecessor-version":[{"id":11624,"href":"https:\/\/apiterapidernegi.org\/ru\/wp-json\/wp\/v2\/pages\/1330\/revisions\/11624"}],"wp:attachment":[{"href":"https:\/\/apiterapidernegi.org\/ru\/wp-json\/wp\/v2\/media?parent=1330"}],"curies":[{"name":"wp","href":"https:\/\/api.w.org\/{rel}","templated":true}]}}