{"id":1337,"date":"2017-09-27T23:18:27","date_gmt":"2017-09-27T21:18:27","guid":{"rendered":"https:\/\/apiterapidernegi.org\/%d0%9f%d0%be%d1%87%d0%b5%d1%82%d0%bd%d1%8b%d0%b9-%d0%bf%d1%80%d0%b5%d0%b7%d0%b8%d0%b4%d0%b5%d0%bd%d1%82\/"},"modified":"2018-04-29T21:55:11","modified_gmt":"2018-04-29T19:55:11","slug":"%d0%9e%d1%82-%d0%9f%d0%be%d1%87%d0%b5%d1%82%d0%bd%d1%8b%d0%b9-%d0%9f%d1%80%d0%b5%d0%b4%d1%81%d0%b5%d0%b4%d0%b0%d1%82%d0%b5%d0%bb%d1%8c","status":"publish","type":"page","link":"https:\/\/apiterapidernegi.org\/ru\/%d0%9e%d1%82-%d0%9f%d0%be%d1%87%d0%b5%d1%82%d0%bd%d1%8b%d0%b9-%d0%9f%d1%80%d0%b5%d0%b4%d1%81%d0%b5%d0%b4%d0%b0%d1%82%d0%b5%d0%bb%d1%8c\/","title":{"rendered":"\u041e\u0442 \u041f\u043e\u0447\u0435\u0442\u043d\u044b\u0439 \u041f\u0440\u0435\u0434\u0441\u0435\u0434\u0430\u0442\u0435\u043b\u044c"},"content":{"rendered":"<p>[et_pb_section fb_built=&#187;1&#8243; admin_label=&#187;section&#187; _builder_version=&#187;3.0.47&#8243;][et_pb_row admin_label=&#187;Sat\u0131r&#187; _builder_version=&#187;3.0.47&#8243; background_size=&#187;initial&#187; background_position=&#187;top_left&#187; background_repeat=&#187;repeat&#187;][et_pb_column type=&#187;4_4&#8243; _builder_version=&#187;3.0.47&#8243; parallax=&#187;off&#187; parallax_method=&#187;on&#187;][et_pb_text admin_label=&#187;Metin&#187; _builder_version=&#187;3.0.77&#8243; background_size=&#187;initial&#187; background_position=&#187;top_left&#187; background_repeat=&#187;repeat&#187;]<\/p>\n<h2>\u041e\u0442 \u041f\u043e\u0447\u0435\u0442\u043d\u044b\u0439 \u041f\u0440\u0435\u0434\u0441\u0435\u0434\u0430\u0442\u0435\u043b\u044c<\/h2>\n<p>[\/et_pb_text][et_pb_divider color=&#187;#c1402e&#187; show_divider=&#187;on&#187; disabled_on=&#187;on|on|off&#187; admin_label=&#187;B\u00f6l\u00fcc\u00fc&#187; _builder_version=&#187;3.0.47&#8243; hide_on_mobile=&#187;on&#187;][\/et_pb_divider][\/et_pb_column][\/et_pb_row][et_pb_row admin_label=&#187;row&#187; _builder_version=&#187;3.0.47&#8243; background_size=&#187;initial&#187; background_position=&#187;top_left&#187; background_repeat=&#187;repeat&#187;][et_pb_column type=&#187;1_4&#8243; _builder_version=&#187;3.0.47&#8243; parallax=&#187;off&#187; parallax_method=&#187;on&#187;][et_pb_team_member name=&#187;\u041f\u0440\u043e\u0444. \u0424\u0430\u043d \u0427\u0436\u0443&#187; position=&#187;\u041f\u043e\u0447\u0435\u0442\u043d\u044b\u0439 \u041f\u0440\u0435\u0434\u0441\u0435\u0434\u0430\u0442\u0435\u043b\u044c&#187; image_url=&#187;https:\/\/apiterapidernegi.org\/wp-content\/uploads\/2016\/05\/prof_fung_zhu_5.png&#187; admin_label=&#187;Ki\u00fei&#187; _builder_version=&#187;3.0.77&#8243; background_size=&#187;initial&#187; background_position=&#187;top_left&#187; background_repeat=&#187;repeat&#187;][\/et_pb_team_member][\/et_pb_column][et_pb_column type=&#187;3_4&#8243; _builder_version=&#187;3.0.47&#8243; parallax=&#187;off&#187; parallax_method=&#187;on&#187;][et_pb_text admin_label=&#187;Metin&#187; _builder_version=&#187;3.1.1&#8243; background_size=&#187;initial&#187;]<\/p>\n<p><span style=\"color: #ffffff;\">.<\/span><\/p>\n<p>\u00a0<\/p>\n<p>\u00a0<\/p>\n<p>\u00a0<\/p>\n<p>\u00a0<\/p>\n<p>\u00a0<\/p>\n<p>\u00a0<\/p>\n<p>\u00a0<\/p>\n<p>\u00a0<\/p>\n<p>\u00a0<\/p>\n<p><span style=\"color: #ffffff;\">.<\/span><\/p>\n<p>[\/et_pb_text][\/et_pb_column][\/et_pb_row][\/et_pb_section]<\/p>\n","protected":false},"excerpt":{"rendered":"<p>\u041e\u0442 \u041f\u043e\u0447\u0435\u0442\u043d\u044b\u0439 \u041f\u0440\u0435\u0434\u0441\u0435\u0434\u0430\u0442\u0435\u043b\u044c. \u00a0 \u00a0 \u00a0 \u00a0 \u00a0 \u00a0 \u00a0 \u00a0 \u00a0 .<\/p>\n","protected":false},"author":1,"featured_media":0,"parent":0,"menu_order":0,"comment_status":"closed","ping_status":"closed","template":"","meta":{"_et_pb_use_builder":"on","_et_pb_old_content":"","_et_gb_content_width":"","footnotes":""},"class_list":["post-1337","page","type-page","status-publish","hentry"],"_links":{"self":[{"href":"https:\/\/apiterapidernegi.org\/ru\/wp-json\/wp\/v2\/pages\/1337","targetHints":{"allow":["GET"]}}],"collection":[{"href":"https:\/\/apiterapidernegi.org\/ru\/wp-json\/wp\/v2\/pages"}],"about":[{"href":"https:\/\/apiterapidernegi.org\/ru\/wp-json\/wp\/v2\/types\/page"}],"author":[{"embeddable":true,"href":"https:\/\/apiterapidernegi.org\/ru\/wp-json\/wp\/v2\/users\/1"}],"replies":[{"embeddable":true,"href":"https:\/\/apiterapidernegi.org\/ru\/wp-json\/wp\/v2\/comments?post=1337"}],"version-history":[{"count":13,"href":"https:\/\/apiterapidernegi.org\/ru\/wp-json\/wp\/v2\/pages\/1337\/revisions"}],"predecessor-version":[{"id":3705,"href":"https:\/\/apiterapidernegi.org\/ru\/wp-json\/wp\/v2\/pages\/1337\/revisions\/3705"}],"wp:attachment":[{"href":"https:\/\/apiterapidernegi.org\/ru\/wp-json\/wp\/v2\/media?parent=1337"}],"curies":[{"name":"wp","href":"https:\/\/api.w.org\/{rel}","templated":true}]}}