{"id":1342,"date":"2017-09-27T23:33:53","date_gmt":"2017-09-27T21:33:53","guid":{"rendered":"https:\/\/apiterapidernegi.org\/%d0%9d%d0%b0%d1%88%d0%b8-%d0%a3%d1%87%d1%80%d0%b5%d0%b4%d0%b8%d1%82%d0%b5%d0%bb%d0%b8\/"},"modified":"2021-07-05T19:55:51","modified_gmt":"2021-07-05T16:55:51","slug":"%d0%9d%d0%b0%d1%88%d0%b8-%d0%a3%d1%87%d1%80%d0%b5%d0%b4%d0%b8%d1%82%d0%b5%d0%bb%d0%b8","status":"publish","type":"page","link":"https:\/\/apiterapidernegi.org\/ru\/%d0%9d%d0%b0%d1%88%d0%b8-%d0%a3%d1%87%d1%80%d0%b5%d0%b4%d0%b8%d1%82%d0%b5%d0%bb%d0%b8\/","title":{"rendered":"\u041d\u0430\u0448\u0438 \u0423\u0447\u0440\u0435\u0434\u0438\u0442\u0435\u043b\u0438"},"content":{"rendered":"<p>[et_pb_section fb_built=&#187;1&#8243; custom_padding_last_edited=&#187;on|desktop&#187; admin_label=&#187;section&#187; _builder_version=&#187;3.22.3&#8243; custom_padding_tablet=&#187;50px|0|50px|0&#8243; custom_padding_phone=&#187;&#187; padding_mobile=&#187;off&#187;][et_pb_row padding_mobile=&#187;off&#187; column_padding_mobile=&#187;on&#187; admin_label=&#187;Sat\u0131r&#187; _builder_version=&#187;3.25&#8243; background_size=&#187;initial&#187; background_position=&#187;top_left&#187; background_repeat=&#187;repeat&#187;][et_pb_column type=&#187;4_4&#8243; _builder_version=&#187;3.25&#8243; custom_padding=&#187;|||&#187; custom_padding__hover=&#187;|||&#187;][et_pb_text admin_label=&#187;Metin&#187; _builder_version=&#187;3.27.4&#8243; background_size=&#187;initial&#187; background_position=&#187;top_left&#187; background_repeat=&#187;repeat&#187;]<\/p>\n<h2>\u041d\u0430\u0448\u0438 \u0423\u0447\u0440\u0435\u0434\u0438\u0442\u0435\u043b\u0438<\/h2>\n<p>[\/et_pb_text][et_pb_divider color=&#187;#c1402e&#187; divider_weight=&#187;1px&#187; disabled_on=&#187;off&#187; admin_label=&#187;B\u00f6l\u00fcc\u00fc&#187; _builder_version=&#187;3.2&#8243; hide_on_mobile=&#187;off&#187;][\/et_pb_divider][\/et_pb_column][\/et_pb_row][et_pb_row padding_mobile=&#187;off&#187; column_padding_mobile=&#187;on&#187; admin_label=&#187;row&#187; _builder_version=&#187;3.25&#8243; background_size=&#187;initial&#187; background_position=&#187;top_left&#187; background_repeat=&#187;repeat&#187; column_structure=&#187;1_3,1_3,1_3&#8243;][et_pb_column type=&#187;1_3&#8243; _builder_version=&#187;3.25&#8243; custom_padding=&#187;|||&#187; custom_padding__hover=&#187;|||&#187;][et_pb_team_member name=&#187;\u0410\u043b\u0438 \u0422\u0438\u043c\u0443\u0446\u0438\u043d \u0410\u0442\u0430\u0439\u043e\u0433\u043b\u0443, \u041f\u0440\u043e\u0444\u0435\u0441\u0441\u043e\u0440&#187; position=&#187;\u041f\u0440\u0435\u0437\u0438\u0434\u0435\u043d\u0442 \u0410\u0441\u0441\u043e\u0446\u0438\u0430\u0446\u0438\u0438&#187; image_url=&#187;https:\/\/apiterapidernegi.org\/wp-content\/uploads\/2016\/05\/timucin_atayoglu.png&#187; facebook_url=&#187;https:\/\/www.facebook.com\/apitherapy.turkey&#187; twitter_url=&#187;https:\/\/twitter.com\/apitherapy_tr&#187; google_url=&#187;https:\/\/www.youtube.com\/c\/ApitherapyTurkey&#187; linkedin_url=&#187;https:\/\/www.linkedin.com\/in\/alitimucinatayoglu&#187; _builder_version=&#187;3.23.3&#8243; background_size=&#187;initial&#187; background_position=&#187;top_left&#187; background_repeat=&#187;repeat&#187;][\/et_pb_team_member][\/et_pb_column][et_pb_column type=&#187;1_3&#8243; _builder_version=&#187;3.25&#8243; custom_padding=&#187;|||&#187; custom_padding__hover=&#187;|||&#187;][et_pb_team_member name=&#187;\u0411\u0430\u0439\u0440\u0430\u043c \u041a\u0438\u0440\u0430\u043d, \u041f\u0440\u043e\u0444\u0435\u0441\u0441\u043e\u0440&#187; position=&#187;\u0423\u043d\u0438\u0432\u0435\u0440\u0441\u0438\u0442\u0435\u0442 \u041a\u0430\u0441\u0442\u0430\u043c\u043e\u043d\u0443&#187; image_url=&#187;https:\/\/apiterapidernegi.org\/wp-content\/uploads\/2016\/05\/doc_dr_bayram_kiran.png&#187; _builder_version=&#187;3.11&#8243; background_size=&#187;initial&#187; background_position=&#187;top_left&#187; background_repeat=&#187;repeat&#187;][\/et_pb_team_member][\/et_pb_column][et_pb_column type=&#187;1_3&#8243; _builder_version=&#187;3.25&#8243; custom_padding=&#187;|||&#187; custom_padding__hover=&#187;|||&#187;][et_pb_team_member name=&#187;\u041e\u0437\u043a\u0430\u043d \u0419\u044b\u043b\u0434\u044b\u0437, \u041f\u0440\u043e\u0444\u0435\u0441\u0441\u043e\u0440&#187; position=&#187;\u0423\u043d\u0438\u0432\u0435\u0440\u0441\u0438\u0442\u0435\u0442 \u041c\u0435\u0434\u0438\u043f\u043e\u043b\u0430&#187; image_url=&#187;https:\/\/apiterapidernegi.org\/wp-content\/uploads\/2016\/05\/doc_dr_ozcan_yildiz.png&#187; _builder_version=&#187;3.11&#8243; background_size=&#187;initial&#187; background_position=&#187;top_left&#187; background_repeat=&#187;repeat&#187;][\/et_pb_team_member][\/et_pb_column][\/et_pb_row][et_pb_row padding_mobile=&#187;off&#187; column_padding_mobile=&#187;on&#187; admin_label=&#187;Sat\u0131r&#187; _builder_version=&#187;3.25&#8243; background_size=&#187;initial&#187; background_position=&#187;top_left&#187; background_repeat=&#187;repeat&#187; column_structure=&#187;1_3,1_3,1_3&#8243;][et_pb_column type=&#187;1_3&#8243; _builder_version=&#187;3.25&#8243; custom_padding=&#187;|||&#187; custom_padding__hover=&#187;|||&#187;][et_pb_team_member name=&#187;\u0410\u0439\u0442\u0435\u043d \u0413\u044e\u043d\u0435\u0440 \u0410\u0442\u0430\u0439\u043e\u0433\u043b\u0443, \u0412\u0440\u0430\u0447&#187; image_url=&#187;https:\/\/apiterapidernegi.org\/wp-content\/uploads\/2018\/02\/dr-ayten-atayoglu.png&#187; facebook_url=&#187;https:\/\/www.facebook.com\/apitherapy.turkey&#187; twitter_url=&#187;https:\/\/twitter.com\/apitherapy_tr&#187; google_url=&#187;https:\/\/www.youtube.com\/c\/ApitherapyTurkey&#187; _builder_version=&#187;3.21.1&#8243; background_size=&#187;initial&#187; background_position=&#187;top_left&#187; background_repeat=&#187;repeat&#187;][\/et_pb_team_member][\/et_pb_column][et_pb_column type=&#187;1_3&#8243; _builder_version=&#187;3.25&#8243; custom_padding=&#187;|||&#187; custom_padding__hover=&#187;|||&#187;][et_pb_team_member name=&#187;\u0413\u044e\u043b\u0435\u0440 \u0422\u044e\u0440\u043a\u0435\u0448, \u0412\u0440\u0430\u0447&#187; image_url=&#187;https:\/\/apiterapidernegi.org\/wp-content\/uploads\/2016\/10\/dr_guler_ates.png&#187; _builder_version=&#187;3.0.106&#8243; background_size=&#187;initial&#187; background_position=&#187;top_left&#187; background_repeat=&#187;repeat&#187;][\/et_pb_team_member][\/et_pb_column][et_pb_column type=&#187;1_3&#8243; _builder_version=&#187;3.25&#8243; custom_padding=&#187;|||&#187; custom_padding__hover=&#187;|||&#187;][et_pb_team_member name=&#187;\u041c\u0435\u0445\u043c\u0435\u0442 \u041e\u0437\u0435\u0440\u0435\u043d, \u0412\u0440\u0430\u0447&#187; image_url=&#187;https:\/\/apiterapidernegi.org\/wp-content\/uploads\/2018\/01\/dr_mehmet_ozeren.png&#187; _builder_version=&#187;3.0.106&#8243; header_font=&#187;||||||||&#187; header_font_size=&#187;18px&#187; body_font=&#187;||||||||&#187; background_size=&#187;initial&#187; background_position=&#187;top_left&#187; background_repeat=&#187;repeat&#187; custom_margin=&#187;|||&#187; body_line_height_tablet=&#187;&#187; body_line_height_phone=&#187;&#187; body_line_height_last_edited=&#187;on|desktop&#187;][\/et_pb_team_member][\/et_pb_column][\/et_pb_row][\/et_pb_section]<\/p>\n","protected":false},"excerpt":{"rendered":"<p>\u041d\u0430\u0448\u0438 \u0423\u0447\u0440\u0435\u0434\u0438\u0442\u0435\u043b\u0438<\/p>\n","protected":false},"author":1,"featured_media":0,"parent":0,"menu_order":0,"comment_status":"closed","ping_status":"closed","template":"","meta":{"_et_pb_use_builder":"on","_et_pb_old_content":"","_et_gb_content_width":"","footnotes":""},"class_list":["post-1342","page","type-page","status-publish","hentry"],"_links":{"self":[{"href":"https:\/\/apiterapidernegi.org\/ru\/wp-json\/wp\/v2\/pages\/1342","targetHints":{"allow":["GET"]}}],"collection":[{"href":"https:\/\/apiterapidernegi.org\/ru\/wp-json\/wp\/v2\/pages"}],"about":[{"href":"https:\/\/apiterapidernegi.org\/ru\/wp-json\/wp\/v2\/types\/page"}],"author":[{"embeddable":true,"href":"https:\/\/apiterapidernegi.org\/ru\/wp-json\/wp\/v2\/users\/1"}],"replies":[{"embeddable":true,"href":"https:\/\/apiterapidernegi.org\/ru\/wp-json\/wp\/v2\/comments?post=1342"}],"version-history":[{"count":31,"href":"https:\/\/apiterapidernegi.org\/ru\/wp-json\/wp\/v2\/pages\/1342\/revisions"}],"predecessor-version":[{"id":10379,"href":"https:\/\/apiterapidernegi.org\/ru\/wp-json\/wp\/v2\/pages\/1342\/revisions\/10379"}],"wp:attachment":[{"href":"https:\/\/apiterapidernegi.org\/ru\/wp-json\/wp\/v2\/media?parent=1342"}],"curies":[{"name":"wp","href":"https:\/\/api.w.org\/{rel}","templated":true}]}}