{"id":1355,"date":"2017-09-27T23:36:06","date_gmt":"2017-09-27T21:36:06","guid":{"rendered":"https:\/\/apiterapidernegi.org\/%d0%9d%d0%b0%d1%88%d0%b0-%d0%bc%d0%b8%d1%81%d1%81%d0%b8%d1%8f-%d0%b8-%d0%b2%d0%b8%d0%b4%d0%b5%d0%bd%d0%b8%d0%b5\/"},"modified":"2018-04-26T23:59:09","modified_gmt":"2018-04-26T21:59:09","slug":"%d0%9d%d0%b0%d1%88%d0%b0-%d0%bc%d0%b8%d1%81%d1%81%d0%b8%d1%8f-%d0%b8-%d0%b2%d0%b8%d0%b4%d0%b5%d0%bd%d0%b8%d0%b5","status":"publish","type":"page","link":"https:\/\/apiterapidernegi.org\/ru\/%d0%9d%d0%b0%d1%88%d0%b0-%d0%bc%d0%b8%d1%81%d1%81%d0%b8%d1%8f-%d0%b8-%d0%b2%d0%b8%d0%b4%d0%b5%d0%bd%d0%b8%d0%b5\/","title":{"rendered":"\u041d\u0430\u0448\u0430 \u043c\u0438\u0441\u0441\u0438\u044f \u0438 \u0432\u0438\u0434\u0435\u043d\u0438\u0435"},"content":{"rendered":"<p>[et_pb_section fb_built=&#187;1&#8243; admin_label=&#187;section&#187; _builder_version=&#187;3.0.47&#8243;][et_pb_row admin_label=&#187;Sat\u0131r&#187; _builder_version=&#187;3.0.47&#8243; background_size=&#187;initial&#187; background_position=&#187;top_left&#187; background_repeat=&#187;repeat&#187;][et_pb_column type=&#187;4_4&#8243; _builder_version=&#187;3.0.47&#8243; parallax=&#187;off&#187; parallax_method=&#187;on&#187;][et_pb_text admin_label=&#187;Metin&#187; _builder_version=&#187;3.0.77&#8243; background_size=&#187;initial&#187; background_position=&#187;top_left&#187; background_repeat=&#187;repeat&#187;]<\/p>\n<h2>\u041d\u0430\u0448\u0430 \u041c\u0438\u0441\u0441\u0438\u044f \u0438 \u0412\u0438\u0434\u0435\u043d\u0438\u0435<\/h2>\n<p>[\/et_pb_text][et_pb_divider color=&#187;#c1402e&#187; show_divider=&#187;on&#187; admin_label=&#187;B\u00f6l\u00fcc\u00fc&#187; _builder_version=&#187;3.0.47&#8243; hide_on_mobile=&#187;off&#187;][\/et_pb_divider][\/et_pb_column][\/et_pb_row][et_pb_row admin_label=&#187;row&#187; _builder_version=&#187;3.1.1&#8243; background_size=&#187;initial&#187;][et_pb_column type=&#187;2_3&#8243; _builder_version=&#187;3.0.47&#8243; parallax=&#187;off&#187; parallax_method=&#187;on&#187;][et_pb_text admin_label=&#187;Metin&#187; _builder_version=&#187;3.0.106&#8243; background_size=&#187;initial&#187; background_position=&#187;top_left&#187; background_repeat=&#187;repeat&#187; custom_margin=&#187;||40px|&#187;]<\/p>\n<p><span style=\"color: #ffffff;\">.<\/span><\/p>\n<p>\u00a0<\/p>\n<p>\u00a0<\/p>\n<p><span style=\"color: #ffffff;\">.<\/span><\/p>\n<p>[\/et_pb_text][et_pb_divider color=&#187;#c1402e&#187; show_divider=&#187;on&#187; admin_label=&#187;B\u00f6l\u00fcc\u00fc&#187; _builder_version=&#187;3.0.47&#8243; hide_on_mobile=&#187;off&#187;][\/et_pb_divider][et_pb_text admin_label=&#187;Metin&#187; _builder_version=&#187;3.0.106&#8243; background_size=&#187;initial&#187; background_position=&#187;top_left&#187; background_repeat=&#187;repeat&#187; custom_margin=&#187;60px|||&#187;]<\/p>\n<p><span style=\"color: #ffffff;\">.<\/span><\/p>\n<p><span style=\"color: #ffffff;\">.<\/span><\/p>\n<p>[\/et_pb_text][\/et_pb_column][et_pb_column type=&#187;1_3&#8243; _builder_version=&#187;3.0.47&#8243; parallax=&#187;off&#187; parallax_method=&#187;on&#187;][et_pb_blog posts_number=&#187;1&#8243; include_categories=&#187;3&#8243; show_author=&#187;off&#187; show_date=&#187;off&#187; show_categories=&#187;off&#187; show_pagination=&#187;off&#187; disabled_on=&#187;on|on|&#187; admin_label=&#187;Blog&#187; _builder_version=&#187;3.0.47&#8243;][\/et_pb_blog][et_pb_social_media_follow _builder_version=&#187;3.0.106&#8243; box_shadow_style=&#187;preset4&#8243; box_shadow_horizontal=&#187;3px&#187; box_shadow_vertical=&#187;3px&#187; box_shadow_blur=&#187;4px&#187; box_shadow_color=&#187;#f59b13&#8243; text_orientation=&#187;right&#187; global_module=&#187;3501&#8243;][et_pb_social_media_follow_network social_network=&#187;facebook&#187; url=&#187;https:\/\/www.facebook.com\/apitherapy.turkey&#187; _builder_version=&#187;3.0.106&#8243; background_color=&#187;#3b5998&#8243; follow_button=&#187;off&#187; url_new_window=&#187;on&#187;]facebook[\/et_pb_social_media_follow_network][et_pb_social_media_follow_network social_network=&#187;instagram&#187; url=&#187;https:\/\/www.instagram.com\/apitherapy.turkey\/&#187; _builder_version=&#187;3.0.106&#8243; background_color=&#187;#ea2c59&#8243; follow_button=&#187;off&#187; url_new_window=&#187;on&#187;]instagram[\/et_pb_social_media_follow_network][et_pb_social_media_follow_network social_network=&#187;twitter&#187; url=&#187;https:\/\/twitter.com\/apitherapy_tr&#187; _builder_version=&#187;3.0.106&#8243; background_color=&#187;#00aced&#187; follow_button=&#187;off&#187; url_new_window=&#187;on&#187;]twitter[\/et_pb_social_media_follow_network][et_pb_social_media_follow_network social_network=&#187;google-plus&#187; url=&#187;https:\/\/plus.google.com\/+apitherapy&#187; _builder_version=&#187;3.0.106&#8243; background_color=&#187;#dd4b39&#8243; follow_button=&#187;off&#187; url_new_window=&#187;on&#187;]google-plus[\/et_pb_social_media_follow_network][et_pb_social_media_follow_network social_network=&#187;youtube&#187; url=&#187;https:\/\/www.youtube.com\/channel\/UCIQ2p0-1jKuGLjFqYHSm1Yg&#187; _builder_version=&#187;3.0.106&#8243; background_color=&#187;#a82400&#8243; follow_button=&#187;off&#187; url_new_window=&#187;on&#187;]youtube[\/et_pb_social_media_follow_network][\/et_pb_social_media_follow][\/et_pb_column][\/et_pb_row][\/et_pb_section]<\/p>\n","protected":false},"excerpt":{"rendered":"<p>\u041d\u0430\u0448\u0430 \u041c\u0438\u0441\u0441\u0438\u044f \u0438 \u0412\u0438\u0434\u0435\u043d\u0438\u0435. \u00a0 \u00a0 .. .<\/p>\n","protected":false},"author":1,"featured_media":0,"parent":0,"menu_order":0,"comment_status":"closed","ping_status":"closed","template":"","meta":{"_et_pb_use_builder":"on","_et_pb_old_content":"","_et_gb_content_width":"","footnotes":""},"class_list":["post-1355","page","type-page","status-publish","hentry"],"_links":{"self":[{"href":"https:\/\/apiterapidernegi.org\/ru\/wp-json\/wp\/v2\/pages\/1355","targetHints":{"allow":["GET"]}}],"collection":[{"href":"https:\/\/apiterapidernegi.org\/ru\/wp-json\/wp\/v2\/pages"}],"about":[{"href":"https:\/\/apiterapidernegi.org\/ru\/wp-json\/wp\/v2\/types\/page"}],"author":[{"embeddable":true,"href":"https:\/\/apiterapidernegi.org\/ru\/wp-json\/wp\/v2\/users\/1"}],"replies":[{"embeddable":true,"href":"https:\/\/apiterapidernegi.org\/ru\/wp-json\/wp\/v2\/comments?post=1355"}],"version-history":[{"count":7,"href":"https:\/\/apiterapidernegi.org\/ru\/wp-json\/wp\/v2\/pages\/1355\/revisions"}],"predecessor-version":[{"id":3679,"href":"https:\/\/apiterapidernegi.org\/ru\/wp-json\/wp\/v2\/pages\/1355\/revisions\/3679"}],"wp:attachment":[{"href":"https:\/\/apiterapidernegi.org\/ru\/wp-json\/wp\/v2\/media?parent=1355"}],"curies":[{"name":"wp","href":"https:\/\/api.w.org\/{rel}","templated":true}]}}