{"id":1370,"date":"2017-09-27T23:42:27","date_gmt":"2017-09-27T21:42:27","guid":{"rendered":"https:\/\/apiterapidernegi.org\/%d0%9a%d0%be%d0%bd%d1%81%d1%83%d0%bb%d1%8c%d1%82%d0%b0%d1%82%d0%b8%d0%b2%d0%bd%d1%8b%d0%b9-%d1%81%d0%be%d0%b2%d0%b5%d1%82\/"},"modified":"2026-01-17T19:49:43","modified_gmt":"2026-01-17T16:49:43","slug":"%d0%9a%d0%be%d0%bd%d1%81%d1%83%d0%bb%d1%8c%d1%82%d0%b0%d1%82%d0%b8%d0%b2%d0%bd%d1%8b%d0%b9-%d1%81%d0%be%d0%b2%d0%b5%d1%82","status":"publish","type":"page","link":"https:\/\/apiterapidernegi.org\/ru\/%d0%9a%d0%be%d0%bd%d1%81%d1%83%d0%bb%d1%8c%d1%82%d0%b0%d1%82%d0%b8%d0%b2%d0%bd%d1%8b%d0%b9-%d1%81%d0%be%d0%b2%d0%b5%d1%82\/","title":{"rendered":"\u041a\u043e\u043d\u0441\u0443\u043b\u044c\u0442\u0430\u0442\u0438\u0432\u043d\u044b\u0439 \u0421\u043e\u0432\u0435\u0442"},"content":{"rendered":"<p>[et_pb_section fb_built=&#187;1&#8243; admin_label=&#187;section&#187; _builder_version=&#187;4.16&#8243; global_colors_info=&#187;{}&#187;][et_pb_row admin_label=&#187;Sat\u0131r&#187; _builder_version=&#187;4.16&#8243; background_size=&#187;initial&#187; background_position=&#187;top_left&#187; background_repeat=&#187;repeat&#187; global_colors_info=&#187;{}&#187;][et_pb_column type=&#187;4_4&#8243; _builder_version=&#187;4.16&#8243; custom_padding=&#187;|||&#187; global_colors_info=&#187;{}&#187; custom_padding__hover=&#187;|||&#187;][et_pb_text admin_label=&#187;Metin&#187; _builder_version=&#187;4.16&#8243; background_size=&#187;initial&#187; background_position=&#187;top_left&#187; background_repeat=&#187;repeat&#187; global_colors_info=&#187;{}&#187;]<\/p>\n<h2>\u041d\u0430\u0443\u0447\u043d\u044b\u0439 \u041a\u043e\u043d\u0441\u0443\u043b\u044c\u0442\u0430\u0442\u0438\u0432\u043d\u044b\u0439 \u0421\u043e\u0432\u0435\u0442<\/h2>\n<p>[\/et_pb_text][et_pb_divider color=&#187;#c1402e&#187; admin_label=&#187;B\u00f6l\u00fcc\u00fc&#187; _builder_version=&#187;4.16&#8243; hide_on_mobile=&#187;off&#187; global_colors_info=&#187;{}&#187;] [\/et_pb_divider][\/et_pb_column][\/et_pb_row][et_pb_row column_structure=&#187;2_3,1_3&#8243; admin_label=&#187;Sat\u0131r&#187; _builder_version=&#187;4.16&#8243; background_size=&#187;initial&#187; background_position=&#187;top_left&#187; background_repeat=&#187;repeat&#187; global_colors_info=&#187;{}&#187;][et_pb_column type=&#187;2_3&#8243; _builder_version=&#187;4.16&#8243; custom_padding=&#187;|||&#187; global_colors_info=&#187;{}&#187; custom_padding__hover=&#187;|||&#187;][et_pb_text admin_label=&#187;Metin&#187; _builder_version=&#187;4.27.4&#8243; background_size=&#187;initial&#187; background_position=&#187;top_left&#187; background_repeat=&#187;repeat&#187; hover_enabled=&#187;0&#8243; global_colors_info=&#187;{}&#187; sticky_enabled=&#187;0&#8243;]<\/p>\n<h4 style=\"text-align: justify;\">\u041d\u0430\u0448 \u041d\u0430\u0443\u0447\u043d\u043e-\u041a\u043e\u043d\u0441\u0443\u043b\u044c\u0442\u0430\u0442\u0438\u0432\u043d\u044b\u0439 \u0421\u043e\u0432\u0435\u0442, \u0441\u0444\u043e\u0440\u043c\u0438\u0440\u043e\u0432\u0430\u043d\u043d\u044b\u0439 \u043f\u043e \u0440\u0435\u0448\u0435\u043d\u0438\u044e \u0421\u043e\u0432\u0435\u0442\u0430 \u0414\u0438\u0440\u0435\u043a\u0442\u043e\u0440\u043e\u0432 \u043e\u0442 22\/04\/2014 \u0433\u043e\u0434\u0430, \u0432\u044b\u0433\u043b\u044f\u0434\u0438\u0442 \u0441\u043b\u0435\u0434\u0443\u044e\u0449\u0438\u043c \u043e\u0431\u0440\u0430\u0437\u043e\u043c:<\/h4>\n<h4 style=\"text-align: justify;\"><\/h4>\n<ul>\n<li>\u0410\u0431\u0434\u0443\u043b\u043b\u0430 \u0414\u0435\u043c\u0438\u0440\u0442\u0430\u0441, \u0414\u043e\u0446\u0435\u043d\u0442, \u0423\u043d\u0438\u0432\u0435\u0440\u0441\u0438\u0442\u0435\u0442 \u042d\u0440\u0434\u0436\u0438\u0435\u0441, \u0428\u043a\u043e\u043b\u0430 \u041c\u0435\u0434\u0438\u0446\u0438\u043d\u044b<\/li>\n<li><span class=\"YPkS7KbdpWfGdYKd3QB9\" data-src-align=\"0:4\">\u0410\u0441\u043b\u0438<\/span><span> <\/span><span class=\"YPkS7KbdpWfGdYKd3QB9\" data-src-align=\"5:7\">\u041e\u0437\u043a\u044b\u0440\u044b\u043c<\/span>, \u041f\u0440\u043e\u0444\u0435\u0441\u0441\u043e\u0440, <span class=\"YPkS7KbdpWfGdYKd3QB9\" data-src-align=\"10:12\">\u0423\u043d\u0438\u0432\u0435\u0440\u0441\u0438\u0442\u0435\u0442<\/span><span> <\/span><span class=\"YPkS7KbdpWfGdYKd3QB9\" data-src-align=\"0:9\">\u0425\u0430\u0434\u0436\u0435\u0442\u0442\u0435\u043f\u0435<\/span>, \u0424\u0430\u043a\u0443\u043b\u044c\u0442\u0435\u0442 \u0415\u0441\u0442\u0435\u0441\u0442\u0432\u0435\u043d\u043d\u044b\u0445 \u041d\u0430\u0443\u043a<\/li>\n<li><span class=\"YPkS7KbdpWfGdYKd3QB9\" data-src-align=\"0:4\">\u0410\u0441\u043b\u0438<\/span><span> <\/span><span class=\"YPkS7KbdpWfGdYKd3QB9\" data-src-align=\"5:5\">\u041e\u0437\u043a\u043e\u043a<\/span>, \u041f\u0440\u043e\u0444\u0435\u0441\u0441\u043e\u0440, <span class=\"YPkS7KbdpWfGdYKd3QB9\" data-src-align=\"10:12\">\u0423\u043d\u0438\u0432\u0435\u0440\u0441\u0438\u0442\u0435\u0442<\/span><span> <\/span><span class=\"YPkS7KbdpWfGdYKd3QB9\" data-src-align=\"0:9\">\u0425\u0430\u0434\u0436\u0435\u0442\u0442\u0435\u043f\u0435<\/span>, \u0424\u0430\u043a\u0443\u043b\u044c\u0442\u0435\u0442 \u0415\u0441\u0442\u0435\u0441\u0442\u0432\u0435\u043d\u043d\u044b\u0445 \u041d\u0430\u0443\u043a<\/li>\n<li><span class=\"YPkS7KbdpWfGdYKd3QB9\" data-src-align=\"0:4\">\u0411\u0430\u043d\u0443<\/span><span> <\/span><span class=\"YPkS7KbdpWfGdYKd3QB9\" data-src-align=\"5:5\">\u042e\u0441\u0435\u043b\u044c<\/span>, \u041f\u0440\u043e\u0444\u0435\u0441\u0441\u043e\u0440, <span class=\"YPkS7KbdpWfGdYKd3QB9\" data-src-align=\"0:3\">\u042d\u0433\u0435\u0439\u0441\u043a\u0438\u0439<\/span><span> <\/span><span class=\"YPkS7KbdpWfGdYKd3QB9\" data-src-align=\"4:12\">\u0443\u043d\u0438\u0432\u0435\u0440\u0441\u0438\u0442\u0435\u0442<\/span>, \u0424\u0430\u043a\u0443\u043b\u044c\u0442\u0435\u0442 \u0421\u0435\u043b\u044c\u0441\u043a\u043e\u0433\u043e \u0425\u043e\u0437\u044f\u0439\u0441\u0442\u0432\u0430<\/li>\n<li>\u0424\u0430\u0442\u043c\u0430 \u042f\u0439\u043b\u0430\u0447\u0438 \u041a\u0430\u0440\u0430\u0445\u0430\u043b\u0438\u043b, \u0414\u043e\u0446\u0435\u043d\u0442, \u0422\u0435\u0445\u043d\u0438\u0447\u0435\u0441\u043a\u0438\u0439 \u0423\u043d\u0438\u0432\u0435\u0440\u0441\u0438\u0442\u0435\u0442 \u041a\u0430\u0440\u0430\u0434\u0435\u043d\u0438\u0437<\/li>\n<li>\u0425\u044e\u0441\u0435\u0439\u043d \u0428\u0430\u0445\u0438\u043d, \u0414\u043e\u0446\u0435\u043d\u0442, \u0413\u0438\u0440\u0435\u0441\u0443\u043d\u0441\u043a\u0438\u0439 \u0423\u043d\u0438\u0432\u0435\u0440\u0441\u0438\u0442\u0435\u0442<\/li>\n<li>\u041c\u0435\u0445\u043c\u0435\u0442 \u0424\u0443\u0430\u0442 \u0413\u044e\u043b\u0430\u043d, \u0414\u043e\u043a\u0442\u043e\u0440, \u0423\u043d\u0438\u0432\u0435\u0440\u0441\u0438\u0442\u0435\u0442 \u041d\u0438\u0433\u0434\u0435, \u0424\u0430\u043a\u0443\u043b\u044c\u0442\u0435\u0442 \u0418\u0441\u043a\u0443\u0441\u0441\u0442\u0432 \u0438 \u041d\u0430\u0443\u043a<\/li>\n<li>\u041c\u0435\u0440\u0438\u0435\u043c \u041a\u0430\u0440\u0430, \u0414\u043e\u0446\u0435\u043d\u0442, \u0421\u0435\u043b\u044c\u0434\u0436\u0443\u043a\u0441\u043a\u0438\u0439 \u0423\u043d\u0438\u0432\u0435\u0440\u0441\u0438\u0442\u0435\u0442<\/li>\n<li>\u041c\u0443\u0440\u0430\u0442 \u0411\u0430\u0439\u043a\u0430\u0440\u0430, \u0412\u0440\u0430\u0447, \u0423\u043d\u0438\u0432\u0435\u0440\u0441\u0438\u0442\u0435\u0442 \u041a\u0430\u0445\u0440\u0430\u043c\u0430\u043d\u043c\u0430\u0440\u0430\u0441\u0430, \u0428\u043a\u043e\u043b\u0430 \u041c\u0435\u0434\u0438\u0446\u0438\u043d\u044b<\/li>\n<li>\u041d\u0443\u0440\u0430\u0439 \u0428\u0430\u0445\u0438\u043d\u043b\u0435\u0440, \u041f\u0440\u043e\u0444\u0435\u0441\u0441\u043e\u0440, \u0423\u0441\u0430\u043a\u0441\u043a\u0438\u0439 \u0423\u043d\u0438\u0432\u0435\u0440\u0441\u0438\u0442\u0435\u0442, \u0424\u0430\u043a\u0443\u043b\u044c\u0442\u0435\u0442 \u0421\u0435\u043b\u044c\u0441\u043a\u043e\u0433\u043e \u0425\u043e\u0437\u044f\u0439\u0441\u0442\u0432\u0430<\/li>\n<li>\u041e\u043a\u0442\u0430\u0439 \u0419\u044b\u043b\u0434\u0445\u044b\u0437, \u0414\u043e\u0446\u0435\u043d\u0442, \u0422\u0435\u0445\u043d\u0438\u0447\u0435\u0441\u043a\u0438\u0439 \u0423\u043d\u0438\u0432\u0435\u0440\u0441\u0438\u0442\u0435\u0442 \u041a\u0430\u0440\u0430\u0434\u0435\u043d\u0438\u0437<\/li>\n<li>\u041e\u0441\u043c\u0430\u043d \u0421\u0430\u0433\u0434\u044b\u0447, \u041f\u0440\u043e\u0444\u0435\u0441\u0441\u043e\u0440, \u0422\u0435\u0445\u043d\u0438\u0447\u0435\u0441\u043a\u0438\u0439 \u0423\u043d\u0438\u0432\u0435\u0440\u0441\u0438\u0442\u0435\u0442 \u0419\u044b\u043b\u0434\u0445\u044b\u0437, \u041f\u0438\u0449\u0435\u0432\u0430\u044f \u0418\u043d\u0436\u0435\u043d\u0435\u0440\u0438\u044f<\/li>\n<li>\u041e\u0441\u043c\u0430\u043d \u0421\u0435\u043b\u044c\u0447\u0443\u043a \u0410\u043b\u044c\u0434\u0435\u043c\u0438\u0440, \u0414\u043e\u0446\u0435\u043d\u0442, \u0423\u043d\u0438\u0432\u0435\u0440\u0441\u0438\u0442\u0435\u0442 \u0410\u0434\u043d\u0430\u043d\u0430 \u041c\u0435\u043d\u0434\u0435\u0440\u0435\u0441\u0430<\/li>\n<li>\u041e\u0437\u043b\u0435\u043c \u0421\u0430\u0440\u0430\u043b, \u0414\u043e\u0446\u0435\u043d\u0442, \u0423\u043d\u0438\u0432\u0435\u0440\u0441\u0438\u0442\u0435\u0442 \u0410\u0440\u0442\u0432\u0438\u043d \u041a\u043e\u0440\u0443\u0445<\/li>\n<li>\u0420\u0435\u0446\u0437\u0430\u043d \u0410\u043b\u0438\u044f\u0437\u0438\u0447\u044b\u043e\u0433\u043b\u0443, \u0414\u043e\u0446\u0435\u043d\u0442, \u0422\u0435\u0445\u043d\u0438\u0447\u0435\u0441\u043a\u0438\u0439 \u0423\u043d\u0438\u0432\u0435\u0440\u0441\u0438\u0442\u0435\u0442 \u041a\u0430\u0440\u0430\u0434\u0435\u043d\u0438\u0437<\/li>\n<li>\u0421\u0430\u043b\u0438\u0445\u0430 \u0414\u0438\u043d\u0447, \u0414\u043e\u043a\u0442\u043e\u0440, \u0423\u043d\u0438\u0432\u0435\u0440\u0441\u0438\u0442\u0435\u0442 \u0421\u0435\u043b\u044c\u0447\u0443\u043a<\/li>\n<li>\u0421\u0435\u0432\u0433\u0438 \u041a\u0443\u043b\u0430\u0439\u043b\u0438, \u041f\u0440\u043e\u0444\u0435\u0441\u0441\u043e\u0440, \u0422\u0435\u0445\u043d\u0438\u0447\u0435\u0441\u043a\u0438\u0439 \u0423\u043d\u0438\u0432\u0435\u0440\u0441\u0438\u0442\u0435\u0442 \u041a\u0430\u0440\u0430\u0434\u0435\u043d\u0438\u0437<\/li>\n<li>\u0421\u0438\u0431\u0435\u043b\u044c \u0421\u0438\u043b\u0438\u0447\u0438, \u041f\u0440\u043e\u0444\u0435\u0441\u0441\u043e\u0440, \u0423\u043d\u0438\u0432\u0435\u0440\u0441\u0438\u0442\u0435\u0442 \u042d\u0440\u0434\u0436\u0438\u0435\u0441, \u0424\u0430\u043a\u0443\u043b\u044c\u0442\u0435\u0442 \u0421\u0435\u043b\u044c\u0441\u043a\u043e\u0433\u043e \u0425\u043e\u0437\u044f\u0439\u0441\u0442\u0432\u0430<\/li>\n<li>\u0417\u0435\u043b\u0438\u0445\u0430 \u0421\u0435\u043b\u0430\u043c\u043e\u0433\u043b\u0443 \u0422\u0430\u043b\u0430\u0441, \u0414\u043e\u0446\u0435\u043d\u0442, \u0423\u043d\u0438\u0432\u0435\u0440\u0441\u0438\u0442\u0435\u0442 \u041d\u0438\u0433\u0434\u0435, \u0424\u0430\u043a\u0443\u043b\u044c\u0442\u0435\u0442 \u0418\u0441\u043a\u0443\u0441\u0441\u0442\u0432 \u0438 \u041d\u0430\u0443\u043a<\/li>\n<\/ul>\n<p>&nbsp;<\/p>\n<ul>\n<li style=\"text-align: justify;\">\n<h6>\u041d\u0430\u0443\u0447\u043d\u044b\u0439 \u041a\u043e\u043d\u0441\u0443\u043b\u044c\u0442\u0430\u0442\u0438\u0432\u043d\u044b\u0439 \u0421\u043e\u0432\u0435\u0442 \u043e\u0442\u043a\u0440\u044b\u0442 \u0434\u043b\u044f \u0432\u0441\u0435\u0445 \u0443\u0447\u0435\u043d\u044b\u0445, \u043a\u043e\u0442\u043e\u0440\u044b\u0435 \u0441\u0434\u0435\u043b\u0430\u043b\u0438 \u043d\u0430\u0443\u0447\u043d\u044b\u0435 \u043f\u0443\u0431\u043b\u0438\u043a\u0430\u0446\u0438\u0438 \u043f\u043e \u0430\u043f\u0438\u0442\u0435\u0440\u0430\u043f\u0438\u0438.<\/h6>\n<\/li>\n<li style=\"text-align: justify;\">\n<h6>\u0416\u0435\u043b\u0430\u044e\u0449\u0438\u0435 \u0441\u0442\u0430\u0442\u044c \u0447\u043b\u0435\u043d\u043e\u043c \u041d\u0430\u0443\u0447\u043d\u043e\u0433\u043e \u041a\u043e\u043d\u0441\u0443\u043b\u044c\u0442\u0430\u0442\u0438\u0432\u043d\u043e\u0433\u043e \u0421\u043e\u0432\u0435\u0442\u0430 \u043c\u043e\u0433\u0443\u0442 \u043f\u043e\u0434\u0430\u0442\u044c \u0437\u0430\u044f\u0432\u043a\u0443, \u043e\u0442\u043f\u0440\u0430\u0432\u0438\u0432 \u043f\u0435\u0442\u0438\u0446\u0438\u044e \u0438 \u043f\u043e\u043b\u043d\u044b\u0439 \u0442\u0435\u043a\u0441\u0442 \u0441\u0432\u043e\u0438\u0445 \u043f\u0443\u0431\u043b\u0438\u043a\u0430\u0446\u0438\u0439 \u043f\u043e \u0430\u0434\u0440\u0435\u0441\u0443 \u0430\u0441\u0441\u043e\u0446\u0438\u0430\u0446\u0438\u0438 \u0438\u043b\u0438 \u043f\u043e \u044d\u043b\u0435\u043a\u0442\u0440\u043e\u043d\u043d\u043e\u0439 \u043f\u043e\u0447\u0442\u0435 \u043d\u0430 <span style=\"color: #0000ff;\"><a href=\"mailto:info@apiterapidernegi.org\" style=\"color: #0000ff;\">info@apiterapidernegi.org<\/a><\/span><a href=\"mailto:info@apiterapidernegi.org\" title=\"info@apiterapidernegi.org\"><\/a>.<\/h6>\n<\/li>\n<\/ul>\n<p>[\/et_pb_text][\/et_pb_column][et_pb_column type=&#187;1_3&#8243; _builder_version=&#187;4.16&#8243; custom_padding=&#187;|||&#187; global_colors_info=&#187;{}&#187; custom_padding__hover=&#187;|||&#187;][et_pb_blog posts_number=&#187;2&#8243; include_categories=&#187;3&#8243; show_more=&#187;on&#187; show_author=&#187;off&#187; show_date=&#187;off&#187; show_categories=&#187;off&#187; show_pagination=&#187;off&#187; disabled_on=&#187;on|on|&#187; admin_label=&#187;Blog&#187; _builder_version=&#187;4.16&#8243; global_colors_info=&#187;{}&#187;] [\/et_pb_blog][\/et_pb_column][\/et_pb_row][\/et_pb_section]<\/p>\n","protected":false},"excerpt":{"rendered":"<p>\u041d\u0430\u0443\u0447\u043d\u044b\u0439 \u041a\u043e\u043d\u0441\u0443\u043b\u044c\u0442\u0430\u0442\u0438\u0432\u043d\u044b\u0439 \u0421\u043e\u0432\u0435\u0442 \u041d\u0430\u0448 \u041d\u0430\u0443\u0447\u043d\u043e-\u041a\u043e\u043d\u0441\u0443\u043b\u044c\u0442\u0430\u0442\u0438\u0432\u043d\u044b\u0439 \u0421\u043e\u0432\u0435\u0442, \u0441\u0444\u043e\u0440\u043c\u0438\u0440\u043e\u0432\u0430\u043d\u043d\u044b\u0439 \u043f\u043e \u0440\u0435\u0448\u0435\u043d\u0438\u044e \u0421\u043e\u0432\u0435\u0442\u0430 \u0414\u0438\u0440\u0435\u043a\u0442\u043e\u0440\u043e\u0432 \u043e\u0442 22\/04\/2014 \u0433\u043e\u0434\u0430, \u0432\u044b\u0433\u043b\u044f\u0434\u0438\u0442 \u0441\u043b\u0435\u0434\u0443\u044e\u0449\u0438\u043c \u043e\u0431\u0440\u0430\u0437\u043e\u043c: \u0410\u0431\u0434\u0443\u043b\u043b\u0430 \u0414\u0435\u043c\u0438\u0440\u0442\u0430\u0441, \u0414\u043e\u0446\u0435\u043d\u0442, \u0423\u043d\u0438\u0432\u0435\u0440\u0441\u0438\u0442\u0435\u0442 \u042d\u0440\u0434\u0436\u0438\u0435\u0441, \u0428\u043a\u043e\u043b\u0430 \u041c\u0435\u0434\u0438\u0446\u0438\u043d\u044b \u0410\u0441\u043b\u0438 \u041e\u0437\u043a\u044b\u0440\u044b\u043c, \u041f\u0440\u043e\u0444\u0435\u0441\u0441\u043e\u0440, \u0423\u043d\u0438\u0432\u0435\u0440\u0441\u0438\u0442\u0435\u0442 \u0425\u0430\u0434\u0436\u0435\u0442\u0442\u0435\u043f\u0435, \u0424\u0430\u043a\u0443\u043b\u044c\u0442\u0435\u0442 \u0415\u0441\u0442\u0435\u0441\u0442\u0432\u0435\u043d\u043d\u044b\u0445 \u041d\u0430\u0443\u043a \u0410\u0441\u043b\u0438 \u041e\u0437\u043a\u043e\u043a, \u041f\u0440\u043e\u0444\u0435\u0441\u0441\u043e\u0440, \u0423\u043d\u0438\u0432\u0435\u0440\u0441\u0438\u0442\u0435\u0442 \u0425\u0430\u0434\u0436\u0435\u0442\u0442\u0435\u043f\u0435, \u0424\u0430\u043a\u0443\u043b\u044c\u0442\u0435\u0442 \u0415\u0441\u0442\u0435\u0441\u0442\u0432\u0435\u043d\u043d\u044b\u0445 \u041d\u0430\u0443\u043a \u0411\u0430\u043d\u0443 \u042e\u0441\u0435\u043b\u044c, \u041f\u0440\u043e\u0444\u0435\u0441\u0441\u043e\u0440, \u042d\u0433\u0435\u0439\u0441\u043a\u0438\u0439 \u0443\u043d\u0438\u0432\u0435\u0440\u0441\u0438\u0442\u0435\u0442, \u0424\u0430\u043a\u0443\u043b\u044c\u0442\u0435\u0442 \u0421\u0435\u043b\u044c\u0441\u043a\u043e\u0433\u043e \u0425\u043e\u0437\u044f\u0439\u0441\u0442\u0432\u0430 \u0424\u0430\u0442\u043c\u0430 \u042f\u0439\u043b\u0430\u0447\u0438 \u041a\u0430\u0440\u0430\u0445\u0430\u043b\u0438\u043b, \u0414\u043e\u0446\u0435\u043d\u0442, \u0422\u0435\u0445\u043d\u0438\u0447\u0435\u0441\u043a\u0438\u0439 \u0423\u043d\u0438\u0432\u0435\u0440\u0441\u0438\u0442\u0435\u0442 \u041a\u0430\u0440\u0430\u0434\u0435\u043d\u0438\u0437 [&hellip;]<\/p>\n","protected":false},"author":1,"featured_media":0,"parent":0,"menu_order":0,"comment_status":"closed","ping_status":"closed","template":"","meta":{"_et_pb_use_builder":"on","_et_pb_old_content":"<h3>Derne\u011fimiz 22.04.2014 Tarihli Y\u00f6netim Kurulu Karar\u0131 ile olu\u015fturulan\u00a0Bilimsel Dan\u0131\u015fma Kurulumuz a\u015fa\u011f\u0131da belirtildi\u011fi gibidir.<\/h3><p>Prof. Dr. Nuray \u015eahinler, U\u015fak \u00dcniversitesi, Ziraat ve Do\u011fa Bilimleri Fak\u00fcltesi<br \/> Prof. Dr. Hatice \u00d6zbilge, Erciyes \u00dcniversitesi T\u0131p Fak\u00fcltesi<br \/> Prof. Dr. Osman Sa\u011fdi\u00e7, Y\u0131ld\u0131z Teknik \u00dcniversitesi, G\u0131da M\u00fchendisli\u011fi<br \/> Prof. Dr. Sevgi Kolayli, Karadeniz Teknik \u00dcniversitesi, Fen Fak\u00fcltesi<br \/> Prof. Dr. Sibel Silici, Erciyes \u00dcniversitesi, Ziraat Fak\u00fcltesi<br \/> Do\u00e7. Dr. Abdullah Demirta\u015f, Erciyes \u00dcniversitesi, T\u0131p Fak\u00fcltesi<br \/> Do\u00e7. Dr. Ethem Akyol, Ni\u011fde \u00dcniversitesi, Fen Edebiyat Fak\u00fcltesi<br \/> Do\u00e7. Dr. Osman Sel\u00e7uk Aldemir, Adnan Menderes \u00dcniversitesi, Veteriner Fak\u00fcltesi<br \/> Do\u00e7. Dr. Rezzan Aliyazicio\u011flu, Karadeniz Teknik \u00dcniversitesi, Eczac\u0131l\u0131k Fak\u00fcltesi<br \/> Do\u00e7. Dr. Zeliha Selamo\u011flu Talas, Ni\u011fde \u00dcniversitesi, Fen Edebiyat Fak\u00fcltesi<br \/> Yrd. Do\u00e7. Dr. Fatma Yaylaci Karahalil, Karadeniz Teknik \u00dcniversitesi, Ma\u00e7ka Myo<br \/> Yrd. Do\u00e7. Dr. H\u00fcseyin \u015eahin, Giresun \u00dcniversitesi, Espiye Myo<br \/> Yrd. Do\u00e7. Dr. Meryem Kara, Sel\u00e7uk \u00dcniversitesi, \u0130leri Teknoloji Ara\u015ft\u0131rma Uygulama Merkezi<br \/> Yrd. Do\u00e7. Dr. Oktay Yildiz, Karadeniz Teknik \u00dcniversitesi, Ma\u00e7ka Myo<br \/> Yrd. Do\u00e7. Dr. \u00d6zlem Saral, Artvin \u00c7oruh \u00dcniversitesi, A\u00e7\u00fc Smyo<br \/> Dr. Ali Timu\u00e7in Atayo\u011flu, Apiterapi Derne\u011fi<br \/> Dr. Mehmet Fuat G\u00fclhan, Ni\u011fde \u00dcniversitesi, Fen Edebiyat Fak\u00fcltesi<br \/> Dr. Murat Baykara, Kahramanmara\u015f S\u00fct\u00e7\u00fc \u0130mam \u00dcniversitesi, T\u0131p Fak\u00fcltesi<br \/> Dr. Saliha Din\u00e7, Sel\u00e7uk \u00dcniversitesi, \u0130leri Teknoloji Ara\u015ft\u0131rma Uygulama Merkezi<\/p>","_et_gb_content_width":"","footnotes":""},"class_list":["post-1370","page","type-page","status-publish","hentry"],"_links":{"self":[{"href":"https:\/\/apiterapidernegi.org\/ru\/wp-json\/wp\/v2\/pages\/1370","targetHints":{"allow":["GET"]}}],"collection":[{"href":"https:\/\/apiterapidernegi.org\/ru\/wp-json\/wp\/v2\/pages"}],"about":[{"href":"https:\/\/apiterapidernegi.org\/ru\/wp-json\/wp\/v2\/types\/page"}],"author":[{"embeddable":true,"href":"https:\/\/apiterapidernegi.org\/ru\/wp-json\/wp\/v2\/users\/1"}],"replies":[{"embeddable":true,"href":"https:\/\/apiterapidernegi.org\/ru\/wp-json\/wp\/v2\/comments?post=1370"}],"version-history":[{"count":24,"href":"https:\/\/apiterapidernegi.org\/ru\/wp-json\/wp\/v2\/pages\/1370\/revisions"}],"predecessor-version":[{"id":11632,"href":"https:\/\/apiterapidernegi.org\/ru\/wp-json\/wp\/v2\/pages\/1370\/revisions\/11632"}],"wp:attachment":[{"href":"https:\/\/apiterapidernegi.org\/ru\/wp-json\/wp\/v2\/media?parent=1370"}],"curies":[{"name":"wp","href":"https:\/\/api.w.org\/{rel}","templated":true}]}}