{"id":3930,"date":"2017-06-22T02:03:00","date_gmt":"2017-06-22T00:03:00","guid":{"rendered":"https:\/\/apiterapidernegi.org\/medipol-apitherapy-center\/"},"modified":"2019-05-26T04:56:40","modified_gmt":"2019-05-26T02:56:40","slug":"apitherapy-center-of-medipol-university","status":"publish","type":"page","link":"https:\/\/apiterapidernegi.org\/ru\/apitherapy-center-of-medipol-university\/","title":{"rendered":"Apitherapy Center of Medipol University"},"content":{"rendered":"<p>[et_pb_section fb_built=&#187;1&#8243; admin_label=&#187;section&#187; _builder_version=&#187;3.22.3&#8243;][et_pb_row admin_label=&#187;row&#187; _builder_version=&#187;3.22.3&#8243; background_size=&#187;initial&#187; background_position=&#187;top_left&#187; background_repeat=&#187;repeat&#187;][et_pb_column type=&#187;4_4&#8243; _builder_version=&#187;3.0.47&#8243;][et_pb_text admin_label=&#187;Text&#187; _builder_version=&#187;3.22.7&#8243; background_size=&#187;initial&#187; background_position=&#187;top_left&#187; background_repeat=&#187;repeat&#187;]<\/p>\n<h4>Apitherapy Center of Medipol University<\/h4>\n<h5>The first Apitherapy Center approved by the Ministry of Health in Turkey<\/h5>\n<p>&nbsp;<\/p>\n<p><a href=\"http:\/\/esenler.medipol.edu.tr\" target=\"_blank\" rel=\"noopener noreferrer\"><img loading=\"lazy\" decoding=\"async\" src=\"https:\/\/apiterapidernegi.org\/wp-content\/uploads\/2019\/02\/apitherapy-center-cover-apitherapy-turkey.jpg\" width=\"1024\" height=\"512\" alt=\"\" class=\"wp-image-4742 aligncenter size-full\" srcset=\"https:\/\/apiterapidernegi.org\/wp-content\/uploads\/2019\/02\/apitherapy-center-cover-apitherapy-turkey.jpg 1024w, https:\/\/apiterapidernegi.org\/wp-content\/uploads\/2019\/02\/apitherapy-center-cover-apitherapy-turkey-300x150.jpg 300w, https:\/\/apiterapidernegi.org\/wp-content\/uploads\/2019\/02\/apitherapy-center-cover-apitherapy-turkey-768x384.jpg 768w\" sizes=\"(max-width: 1024px) 100vw, 1024px\" \/><\/a><\/p>\n<p>&nbsp;<\/p>\n<h5>What is Apitherapy?<\/h5>\n<p style=\"text-align: justify;\"><span style=\"text-align: justify;\">Apitherapy is a treatment with bee products such as honey, pollen, propolis, royal jelly and bee venom in Turkey. Apitherapy is originally bee venom treatment practised in Eastern countries such as China, Korea and Japan and it is also commonly known as \u201cbee venom therapy\u201d in English.<\/span><\/p>\n<p style=\"text-align: justify;\">Bee venom contains pharmacologically a large number of active substances. Melittin and apamin in bee venom are the strongest anti-inflammatory agents. These active substances are especially indicated in the treatment of inflammatory diseases.<\/p>\n<p style=\"text-align: justify;\">Nowadays, apitherapy and especially bee venom therapy are practised in Korea, China, Russia and European countries.<\/p>\n<p style=\"text-align: justify;\">Apitherapy has been recognized officially as a complementary medicine by the Ministry of Health, Turkey in 2014.<\/p>\n<p><span style=\"font-size: 14px;\">\u00a0<\/span><\/p>\n<p><img loading=\"lazy\" decoding=\"async\" class=\"aligncenter size-full wp-image-3819\" style=\"display: block; margin-left: auto; margin-right: auto;\" src=\"https:\/\/apiterapidernegi.org\/wp-content\/uploads\/2018\/06\/medipol-apiterapi-merkezi-apitherapy-center-02.jpg\" alt=\"\" width=\"900\" height=\"450\" srcset=\"https:\/\/apiterapidernegi.org\/wp-content\/uploads\/2018\/06\/medipol-apiterapi-merkezi-apitherapy-center-02.jpg 1024w, https:\/\/apiterapidernegi.org\/wp-content\/uploads\/2018\/06\/medipol-apiterapi-merkezi-apitherapy-center-02-300x150.jpg 300w, https:\/\/apiterapidernegi.org\/wp-content\/uploads\/2018\/06\/medipol-apiterapi-merkezi-apitherapy-center-02-768x384.jpg 768w\" sizes=\"(max-width: 900px) 100vw, 900px\" \/><\/p>\n<h4><\/h4>\n<h5>Diseases that Apitherapy can be Practised as the Complementary Medicine:<\/h5>\n<ul>\n<li><span>ALS (Amyotrophic Lateral Sclerosis)<\/span><\/li>\n<li><span>Arthralgia (Joint Pain)<\/span><\/li>\n<li>AS (Ankylosing Spondylitis)<\/li>\n<li>Asthma<\/li>\n<li>Lumbar Bulging Disc<\/li>\n<li>Cervical Disc Herniation<\/li>\n<li>Adhesive Capsulitis<\/li>\n<li>Arthritis<\/li>\n<li><span>Fibromyalgia (FMS)<\/span><\/li>\n<li>Rheumatoid Arthritis (RA)<\/li>\n<li>Carpal Tunnel Syndrome (CTS)<\/li>\n<li>Chronic Pain Syndrome (CPS)<\/li>\n<li>Menstrual Cramps (Dysmenorrhea)<\/li>\n<li><span>Myalgia (Muscle Pain)<\/span><\/li>\n<li><span>Neuralgia<\/span><\/li>\n<li>MS (Multiple Sclerosis)<\/li>\n<li><span>Parkinson\u2019s Disease (PD)<\/span><\/li>\n<\/ul>\n<p><span style=\"font-size: 14px;\">\u00a0<\/span><\/p>\n<p><img loading=\"lazy\" decoding=\"async\" class=\"wp-image-3825 aligncenter size-full\" src=\"https:\/\/apiterapidernegi.org\/wp-content\/uploads\/2018\/06\/Apiterapi-Nas\u0131l-Uygulan\u0131r-Ar\u0131-Zehri-Tedavisi-Bee-Venom-Therapy-atv-2.jpg\" alt=\"\" width=\"900\" height=\"450\" srcset=\"https:\/\/apiterapidernegi.org\/wp-content\/uploads\/2018\/06\/Apiterapi-Nas\u0131l-Uygulan\u0131r-Ar\u0131-Zehri-Tedavisi-Bee-Venom-Therapy-atv-2.jpg 1024w, https:\/\/apiterapidernegi.org\/wp-content\/uploads\/2018\/06\/Apiterapi-Nas\u0131l-Uygulan\u0131r-Ar\u0131-Zehri-Tedavisi-Bee-Venom-Therapy-atv-2-300x150.jpg 300w, https:\/\/apiterapidernegi.org\/wp-content\/uploads\/2018\/06\/Apiterapi-Nas\u0131l-Uygulan\u0131r-Ar\u0131-Zehri-Tedavisi-Bee-Venom-Therapy-atv-2-768x384.jpg 768w\" sizes=\"(max-width: 900px) 100vw, 900px\" \/><\/p>\n<h4><\/h4>\n<h4><\/h4>\n<h5>Some Conditions to be Aware of When Practising Apitherapy:<\/h5>\n<ul>\n<li><span>Allergy to bee sting<\/span><\/li>\n<li><span>Bee venom should not be practiced to children under the age of 18 years old.<\/span><\/li>\n<li>Pregnancy<\/li>\n<li>Insulin-dependent diabetes<\/li>\n<li>Liver cirrhosis<\/li>\n<li>Use of beta blockers (epinephrine)<\/li>\n<li>Kidney failure (glomerulonephritis, polycystic kidney disease, albuminuria)<\/li>\n<li>Serious psychiatric illness (psychoses, anxiety)<\/li>\n<li><span>Honey should not be given to children under the age of 12 months old.<\/span><\/li>\n<\/ul>\n<h6>\u00a0<strong>Notice:\u00a0Bee venom allergy test is absolutely necessary before any bee venom therapy.<\/strong><\/h6>\n<p><span style=\"font-size: 14px;\">\u00a0<\/span><\/p>\n<p>&nbsp;<\/p>\n<p><a href=\"http:\/\/internationalmedipol.com\" target=\"_blank\" rel=\"noopener noreferrer\"><img loading=\"lazy\" decoding=\"async\" src=\"https:\/\/apiterapidernegi.org\/wp-content\/uploads\/2019\/02\/Apitherapy-Center-Medipol-University-logo-en.jpg\" width=\"300\" height=\"300\" alt=\"\" class=\"wp-image-4747 aligncenter size-full\" srcset=\"https:\/\/apiterapidernegi.org\/wp-content\/uploads\/2019\/02\/Apitherapy-Center-Medipol-University-logo-en.jpg 960w, https:\/\/apiterapidernegi.org\/wp-content\/uploads\/2019\/02\/Apitherapy-Center-Medipol-University-logo-en-150x150.jpg 150w, https:\/\/apiterapidernegi.org\/wp-content\/uploads\/2019\/02\/Apitherapy-Center-Medipol-University-logo-en-300x300.jpg 300w, https:\/\/apiterapidernegi.org\/wp-content\/uploads\/2019\/02\/Apitherapy-Center-Medipol-University-logo-en-768x768.jpg 768w\" sizes=\"(max-width: 300px) 100vw, 300px\" \/><\/a><\/p>\n<p>&nbsp;<\/p>\n<p>[\/et_pb_text][\/et_pb_column][\/et_pb_row][et_pb_row custom_padding=&#187;0|0px|0|0px&#187; _builder_version=&#187;3.22.3&#8243;][et_pb_column type=&#187;4_4&#8243; _builder_version=&#187;3.1.1&#8243;][et_pb_map address=&#187;Birlik Mahallesi, Bah\u00e7eler Cd. No:5, 34230 Esenler\/\u0130stanbul, T\u00fcrkiye&#187; address_lat=&#187;41.051227&#8243; address_lng=&#187;28.865946&#8243; _builder_version=&#187;3.1.1&#8243;][\/et_pb_map][\/et_pb_column][\/et_pb_row][et_pb_row custom_padding=&#187;33px|0px|16px|0px&#187; _builder_version=&#187;3.22.3&#8243;][et_pb_column type=&#187;1_2&#8243; _builder_version=&#187;3.1.1&#8243;][et_pb_text _builder_version=&#187;3.17.2&#8243;]<\/p>\n<h5>APITHERAPY CENTER of\u00a0MEDIPOL UNIVERSITY<\/h5>\n<h5> -The first Apitherapy Center approved by the Ministry of Health in Turkey-<\/h5>\n<ul>\n<li>Address: Birlik Mahallesi, Bah\u00e7eler Cd. No:5, 34230 Esenler, \u0130stanbul, Turkey<\/li>\n<li>Telephone: +90 212 440 10 00<\/li>\n<li>Hours: 4:00 PM-5:30 PM (Monday, Wednesday, Friday)<\/li>\n<li>Web site:\u00a0<strong><a href=\"http:\/\/esenler.medipol.edu.tr\/\" target=\"_blank\" rel=\"noopener noreferrer\">http:\/\/esenler.medipol.edu.tr\/<\/a><\/strong><\/li>\n<\/ul>\n<p>[\/et_pb_text][\/et_pb_column][et_pb_column type=&#187;1_2&#8243; _builder_version=&#187;3.1.1&#8243;][et_pb_text _builder_version=&#187;3.1.1&#8243;]<\/p>\n<ul>\n<li>Working Times:<br \/> Monday\u00a0 \u00a0 \u00a0 \u00a0| 4:00 PM-5:30 PM<br \/> Wednesday | 4:00 PM-5:30 PM<br \/> Friday\u00a0 \u00a0 \u00a0 \u00a0 \u00a0 \u00a0| 4:00 PM-5:30 PM<\/li>\n<li>Call for consultation | +90 212 440 10 00<\/li>\n<\/ul>\n<p>[\/et_pb_text][\/et_pb_column][\/et_pb_row][et_pb_row _builder_version=&#187;3.22.3&#8243;][et_pb_column type=&#187;4_4&#8243; _builder_version=&#187;3.1.1&#8243;][et_pb_text _builder_version=&#187;3.17.2&#8243;]<\/p>\n<h4>Where?<br \/>Apitherapy Center of Medipol University is at Medipol University Esenler Hospital on the TEM European Highway at G\u00f6ztepe Exit.<\/h4>\n<p>[\/et_pb_text][et_pb_image src=&#187;https:\/\/apiterapidernegi.org\/wp-content\/uploads\/2018\/06\/medipol-apiterapi-merkezi-apitherapy-center-05.jpg&#187; align=&#187;center&#187; _builder_version=&#187;3.1.1&#8243;][\/et_pb_image][et_pb_tabs _builder_version=&#187;3.1.1&#8243;][et_pb_tab title=&#187;by bus &#187; _builder_version=&#187;3.1.1&#8243;]<\/p>\n<p><strong>from Mecidiyekoy<\/strong><br \/> <span><strong>141M<\/strong><\/span><span>\u00a0<\/span>KSS Egt. ve Ars. Hastanesi-Mecidiyekoy<br \/><span><strong>97M<\/strong><\/span><span>\u00a0<\/span>Gunesli-Mecidiyekoy<\/p>\n<p><strong>from Taksim (Taksim Square)<\/strong><br \/> <span><strong>89T<\/strong><\/span><span>\u00a0<\/span>Atakent Mahallesi-Taksim<br \/><span><strong>89C<\/strong><\/span><span>\u00a0<\/span>Basaksehir-Taksim<\/p>\n<p><strong>from Beyazit<\/strong><br \/> <span><strong>91E<\/strong><\/span><span>\u00a0<\/span>Goztepe Mahallesi-Beyazit<\/p>\n<p><strong>from Eminonu<\/strong><br \/> <span><strong>97GE<\/strong><\/span><span>\u00a0<\/span>Gunesli-Eminonu<\/p>\n<p><strong><span>You can arrive at Medipol Esenler Hospital<\/span>\u00a0by the above public transports and get off at the bus shelter\u00a0of \u201c<u>Mehmet Akif Ersoy Cd.<\/u>\u201c.<\/strong><\/p>\n<p>[\/et_pb_tab][et_pb_tab title=&#187;by minibus &#187; _builder_version=&#187;3.1.1&#8243;]<\/p>\n<p>from<span>\u00a0<\/span><strong>Bak\u0131rkoy<\/strong>\u00a0Cemetery; \u00a0by the minibuses going to Birlik Mahallesi<\/p>\n<p>from<span>\u00a0<\/span><strong>Topkapi<\/strong>; by the minibuses going to Birlik Mahallesi<\/p>\n<p>and from<span>\u00a0<\/span><strong>Bagcilar<\/strong>; by the minibuses going to Birlik Mahallesi<\/p>\n<p><strong>You can arrive at Medipol Esenler Hospital.<\/strong><\/p>\n<p>[\/et_pb_tab][et_pb_tab title=&#187;by streetcar&#187; _builder_version=&#187;3.1.1&#8243;]<\/p>\n<p><strong>T1 Kabatas\u2013Bagcilar<\/strong><br \/>from<span>\u00a0<\/span><strong>Bagcilar<\/strong><span>\u00a0<\/span>the last station of the streetcar, by the minibuses going to Birlik Mahallesi<\/p>\n<p><strong>You can arrive at Medipol Esenler Hospital.<\/strong><\/p>\n<p>[\/et_pb_tab][et_pb_tab title=&#187;by subway&#187; _builder_version=&#187;3.1.1&#8243;]<\/p>\n<p><strong><span>M3<\/span><span>\u00a0<\/span>Kirazli\u2013Basaksehir\/Metrokent<\/strong><br \/> Please get off the<span>\u00a0<\/span><strong>Mahmutbey<\/strong><span>\u00a0<\/span>Subway Station and then by the minibuses going to Birlik Mahallesi<\/p>\n<p><strong>You can arrive at Medipol Esenler Hospital.<\/strong><\/p>\n<p>[\/et_pb_tab][et_pb_tab title=&#187;by MarmaRAY&#187; _builder_version=&#187;3.1.1&#8243;]<\/p>\n<p><strong>MarmaRay | The EurAsian Tunnel; Railway under Sea:\u00a0<a href=\"http:\/\/www.marmaray.gov.tr\/\" target=\"_blank\" rel=\"noopener noreferrer\">http:\/\/www.marmaray.gov.tr<\/a><\/strong><br \/> <strong><\/strong><\/p>\n<p>Please get off the<span>\u00a0<\/span><strong><u>Sirkeci<\/u><\/strong><span>\u00a0<\/span>Subway Station and then you can arrive at Medipol Esenler Hospital by the<span>\u00a0<\/span><strong><u>97GE<\/u><\/strong><span>\u00a0<\/span>Gunesli-Eminonu public transport and get off<span>\u00a0<\/span><strong>at the bus shelter<\/strong>\u00a0<strong>of<\/strong><span>\u00a0<\/span>\u201c<strong><u>Mehmet Akif Ersoy Cd<\/u><\/strong><u>.<\/u>\u201c.<\/p>\n<p>[\/et_pb_tab][et_pb_tab title=&#187;by private vehicle&#187; _builder_version=&#187;3.1.1&#8243;].[\/et_pb_tab][\/et_pb_tabs][\/et_pb_column][\/et_pb_row][\/et_pb_section]<\/p>\n","protected":false},"excerpt":{"rendered":"<p>Medipol Apitherapy Center<br \/>\nThe first Apitherapy Center approved by Ministry of Health in Turkey<\/p>\n","protected":false},"author":2,"featured_media":4340,"parent":0,"menu_order":0,"comment_status":"closed","ping_status":"closed","template":"","meta":{"_et_pb_use_builder":"on","_et_pb_old_content":"<h2>Medipol Apiterapi Merkezi<\/h2>\r\n<h3>T\u00fcrkiye\u2019nin, Sa\u011fl\u0131k Bakanl\u0131\u011f\u0131 onayl\u0131 ilk Apiterapi Merkezi<\/h3>\r\n&nbsp;\r\n\r\n<img class=\"aligncenter size-full wp-image-3818\" src=\"https:\/\/apiterapidernegi.org\/wp-content\/uploads\/2018\/06\/medipol-apiterapi-merkezi-apitherapy-center-01.jpg\" alt=\"\" width=\"1024\" height=\"512\" \/>\r\n\r\n&nbsp;\r\n\r\n&nbsp;\r\n<h4><strong>Apiterapi Nedir?<\/strong><\/h4>\r\nApiterapi, T\u00fcrkiye\u2019de bal, polen, propolis, ar\u0131 s\u00fct\u00fc ve ar\u0131 zehiri gibi \u00fcr\u00fcnlerle yap\u0131lan tedavidir. Apiterapi as\u0131l olarak \u00c7in, Kore ve Japonya gibi Do\u011fu \u00fclkelerinde uygulanan ar\u0131 zehri tedavisidir; \u0130ngilizce\u2019de \u201cbee venom therapy\u201d olarak da bilinir.\r\n\r\nAr\u0131 zehri tedavisi, ar\u0131 zehrinin akupunktur noktalar\u0131na enjekte edildi\u011fi bir tedavi y\u00f6ntemidir. Ar\u0131 zehri \u00e7ok say\u0131da farmakolojik madde i\u00e7mektedir. Ar\u0131 zehrinde bulunan melittin ve apamin en g\u00fc\u00e7l\u00fc antienflamatuar etki g\u00f6steren maddelerdir. Bu maddeler \u00f6zellikle enflamatuar hastal\u0131klarda endikedir.\r\n\r\nG\u00fcn\u00fcm\u00fczde apiterapi ve \u00f6zellikle ar\u0131 zehri tedavisi ba\u015fta Kore ve \u00c7in olmak \u00fczere Rusya ve Avrupa \u00fclkelerinde uygulanmaktad\u0131r.\r\n\r\n&nbsp;\r\n\r\n&nbsp;\r\n\r\n<img class=\"aligncenter size-full wp-image-3819\" src=\"https:\/\/apiterapidernegi.org\/wp-content\/uploads\/2018\/06\/medipol-apiterapi-merkezi-apitherapy-center-02.jpg\" alt=\"\" width=\"1024\" height=\"512\" \/>\r\n<h4><strong>Apiterapi\u2019nin Tamamlay\u0131c\u0131 T\u0131p olarak Uygulanabildi\u011fi Hastal\u0131klar:<\/strong><\/h4>\r\n<ul>\r\n \t<li>AS (Ankilozan Spondilit)<\/li>\r\n \t<li>Ast\u0131m<\/li>\r\n \t<li>Bel f\u0131t\u0131\u011f\u0131<\/li>\r\n \t<li>Boyun f\u0131t\u0131\u011f\u0131<\/li>\r\n \t<li>Donmu\u015f Omuz<\/li>\r\n \t<li>Eklem \u0130ltihab\u0131 (Artrit)<\/li>\r\n \t<li>\u0130ltihapl\u0131 Romatizma (Romatoid Artrit)<\/li>\r\n \t<li>Karpal T\u00fcnel Sendromu (KTS)<\/li>\r\n \t<li>Kronik A\u011fr\u0131 Sendromu<\/li>\r\n \t<li>Menstr\u00fcel A\u011fr\u0131lar<\/li>\r\n \t<li>MS (Multiple Skleroz)<\/li>\r\n<\/ul>\r\n&nbsp;\r\n\r\n&nbsp;\r\n\r\n<img class=\"aligncenter size-full wp-image-3820\" src=\"https:\/\/apiterapidernegi.org\/wp-content\/uploads\/2018\/06\/medipol-apiterapi-merkezi-apitherapy-center-03.jpg\" alt=\"\" width=\"1024\" height=\"512\" \/>\r\n<h4><strong>Apiterapi uygulan\u0131rken dikkat edilecek durumlar;<\/strong><\/h4>\r\n<ul>\r\n \t<li>Hamilelik<\/li>\r\n \t<li>\u0130ns\u00fcline ba\u011fl\u0131 diyabet<\/li>\r\n \t<li>Karaci\u011fer sirozu<\/li>\r\n \t<li>Beta- blokerlerin kullan\u0131m\u0131 (epinefrin)<\/li>\r\n \t<li>B\u00f6brek yetersizli\u011fi (glomer\u00fclonefrit, polikistik b\u00f6brek hastal\u0131\u011f\u0131, albumin\u00fcri)<\/li>\r\n \t<li>Ciddi psikiyatrik durumlar (psikozlar, anksiyete)<\/li>\r\n<\/ul>\r\n&nbsp;\r\n<h5><strong><u>* Ar\u0131 zehri ile herhangi bir tedaviye ba\u015flamadan \u00f6nce mutlaka ar\u0131 zehri alerji testi yapt\u0131r\u0131lmal\u0131d\u0131r<\/u><\/strong><strong>.<\/strong><\/h5>\r\n&nbsp;\r\n\r\n<img class=\"aligncenter wp-image-3817 size-medium\" src=\"https:\/\/apiterapidernegi.org\/wp-content\/uploads\/2018\/06\/medipol-apiterapi-merkezi-logo-tr-300x300.png\" alt=\"\" width=\"300\" height=\"300\" \/>\r\n\r\n&nbsp;\r\n<h2>Nerede? Medipol Apiterapi Merkezi, TEM Avrupa Otoyolu \u00fczeri G\u00f6ztepe \u00e7\u0131k\u0131\u015f\u0131nda, Medipol \u00dcniversitesi Esenler Hastanesi'ndedir.<\/h2>\r\n&nbsp;\r\n\r\n<img class=\"aligncenter size-full wp-image-3821\" src=\"https:\/\/apiterapidernegi.org\/wp-content\/uploads\/2018\/06\/medipol-apiterapi-merkezi-apitherapy-center-05.jpg\" alt=\"\" width=\"1024\" height=\"512\" \/>\r\n\r\n&nbsp;\r\n<h5>MED\u0130POL \u00dcN\u0130VERS\u0130TES\u0130 AP\u0130TERAP\u0130 MERKEZ\u0130<\/h5>\r\n<ul>\r\n \t<li>Adres: Birlik Mahallesi, Bah\u00e7eler Cd. No:5, 34230 Esenler, \u0130stanbul, Turkey<\/li>\r\n \t<li>Telefon: (0212) 440 10 00<\/li>\r\n \t<li>\u00c7al\u0131\u015fma saatleri: 16:00-17:30 (P.tesi, \u00c7ar\u015f., Cuma)<\/li>\r\n \t<li>Web sitesi: http:\/\/esenler.medipol.edu.tr\/<\/li>\r\n<\/ul>\r\n&nbsp;\r\n<ul>\r\n \t<li>\u00c7al\u0131\u015fma Zamanlar\u0131:<\/li>\r\n<\/ul>\r\nP.tesi: 16:00-17:30\r\n\r\n\u00c7ar\u015f: 16:00-17:30\r\n\r\nCuma: 16:00-17:30\r\n\r\n&nbsp;","_et_gb_content_width":"","footnotes":""},"class_list":["post-3930","page","type-page","status-publish","has-post-thumbnail","hentry"],"_links":{"self":[{"href":"https:\/\/apiterapidernegi.org\/ru\/wp-json\/wp\/v2\/pages\/3930","targetHints":{"allow":["GET"]}}],"collection":[{"href":"https:\/\/apiterapidernegi.org\/ru\/wp-json\/wp\/v2\/pages"}],"about":[{"href":"https:\/\/apiterapidernegi.org\/ru\/wp-json\/wp\/v2\/types\/page"}],"author":[{"embeddable":true,"href":"https:\/\/apiterapidernegi.org\/ru\/wp-json\/wp\/v2\/users\/2"}],"replies":[{"embeddable":true,"href":"https:\/\/apiterapidernegi.org\/ru\/wp-json\/wp\/v2\/comments?post=3930"}],"version-history":[{"count":34,"href":"https:\/\/apiterapidernegi.org\/ru\/wp-json\/wp\/v2\/pages\/3930\/revisions"}],"predecessor-version":[{"id":5516,"href":"https:\/\/apiterapidernegi.org\/ru\/wp-json\/wp\/v2\/pages\/3930\/revisions\/5516"}],"wp:featuredmedia":[{"embeddable":true,"href":"https:\/\/apiterapidernegi.org\/ru\/wp-json\/wp\/v2\/media\/4340"}],"wp:attachment":[{"href":"https:\/\/apiterapidernegi.org\/ru\/wp-json\/wp\/v2\/media?parent=3930"}],"curies":[{"name":"wp","href":"https:\/\/api.w.org\/{rel}","templated":true}]}}