{"id":2016,"date":"2017-10-08T17:45:07","date_gmt":"2017-10-08T15:45:07","guid":{"rendered":"https:\/\/apiterapidernegi.org\/%e5%ad%b8%e8%a1%93%e8%ab%96%e6%96%87\/"},"modified":"2024-07-08T09:09:28","modified_gmt":"2024-07-08T06:09:28","slug":"%e5%ad%b8%e8%a1%93%e8%ab%96%e6%96%87","status":"publish","type":"page","link":"https:\/\/apiterapidernegi.org\/zh-hans\/%e5%ad%b8%e8%a1%93%e8%ab%96%e6%96%87\/","title":{"rendered":"\u5b78\u8853\u8ad6\u6587"},"content":{"rendered":"<p>[et_pb_section fb_built=&#8221;1&#8243; admin_label=&#8221;section&#8221; _builder_version=&#8221;4.16&#8243; global_colors_info=&#8221;{}&#8221;][et_pb_row admin_label=&#8221;Row&#8221; _builder_version=&#8221;4.16&#8243; background_size=&#8221;initial&#8221; background_position=&#8221;top_left&#8221; background_repeat=&#8221;repeat&#8221; global_colors_info=&#8221;{}&#8221;][et_pb_column type=&#8221;4_4&#8243; _builder_version=&#8221;4.16&#8243; custom_padding=&#8221;|||&#8221; global_colors_info=&#8221;{}&#8221; custom_padding__hover=&#8221;|||&#8221;][et_pb_text admin_label=&#8221;Metin&#8221; _builder_version=&#8221;4.16&#8243; background_size=&#8221;initial&#8221; background_position=&#8221;top_left&#8221; background_repeat=&#8221;repeat&#8221; use_border_color=&#8221;off&#8221; border_color=&#8221;#ffffff&#8221; border_style=&#8221;solid&#8221; global_colors_info=&#8221;{}&#8221;]<\/p>\n<h2>\u5b78\u8853\u8ad6\u6587<\/h2>\n<p>[\/et_pb_text][et_pb_divider color=&#8221;#c1402e&#8221; admin_label=&#8221;B\u00f6l\u00fcc\u00fc&#8221; _builder_version=&#8221;4.16&#8243; hide_on_mobile=&#8221;off&#8221; global_colors_info=&#8221;{}&#8221;][\/et_pb_divider][\/et_pb_column][\/et_pb_row][et_pb_row column_structure=&#8221;2_3,1_3&#8243; admin_label=&#8221;row&#8221; _builder_version=&#8221;4.16&#8243; background_size=&#8221;initial&#8221; background_position=&#8221;top_left&#8221; background_repeat=&#8221;repeat&#8221; global_colors_info=&#8221;{}&#8221;][et_pb_column type=&#8221;2_3&#8243; _builder_version=&#8221;4.16&#8243; custom_padding=&#8221;|||&#8221; global_colors_info=&#8221;{}&#8221; custom_padding__hover=&#8221;|||&#8221;][et_pb_text admin_label=&#8221;Metin&#8221; _builder_version=&#8221;4.26.0&#8243; background_size=&#8221;initial&#8221; hover_enabled=&#8221;0&#8243; use_border_color=&#8221;off&#8221; border_color=&#8221;#ffffff&#8221; border_style=&#8221;solid&#8221; global_colors_info=&#8221;{}&#8221; sticky_enabled=&#8221;0&#8243;]<\/p>\n<table>\n<tbody>\n<tr>\n<td width=\"307\"><a href=\"https:\/\/dergipark.org.tr\/en\/pub\/jan\" target=\"_blank\" rel=\"noopener\"><img loading=\"lazy\" decoding=\"async\" src=\"https:\/\/apiterapidernegi.org\/wp-content\/uploads\/2024\/07\/journal-of-apitherapy-and-nature-cover-jan-2024-1.jpg\" width=\"200\" height=\"300\" alt=\"\" class=\"wp-image-11238 aligncenter size-full\" \/><\/a><\/td>\n<td width=\"307\"><a href=\"https:\/\/dergipark.org.tr\/en\/pub\/bst\" target=\"_blank\" rel=\"noopener noreferrer\"><img loading=\"lazy\" decoding=\"async\" src=\"https:\/\/apiterapidernegi.org\/wp-content\/uploads\/2021\/03\/bee-studies-cover-bst.jpg\" width=\"200\" height=\"300\" alt=\"\" class=\"wp-image-9689 aligncenter size-full\" \/><\/a><\/td>\n<\/tr>\n<tr>\n<td width=\"307\">\n<ul>\n<li>\n<h6><span style=\"text-decoration: underline;\"><a href=\"https:\/\/dergipark.org.tr\/en\/pub\/jan\" target=\"_blank\" rel=\"noopener noreferrer\">Journal of Apitherapy and Nature (JAN)<\/a><\/span><\/h6>\n<\/li>\n<\/ul>\n<\/td>\n<td width=\"307\">\n<ul>\n<li>\n<h6><span style=\"text-decoration: underline;\"><a href=\"https:\/\/dergipark.org.tr\/en\/pub\/bst\" target=\"_blank\" rel=\"noopener noreferrer\">Bee Studies (BST)<\/a><\/span><\/h6>\n<\/li>\n<\/ul>\n<\/td>\n<\/tr>\n<tr>\n<td width=\"307\">\n<h4><a href=\"https:\/\/dergipark.org.tr\/en\/pub\/mellifera\" target=\"_blank\" rel=\"noopener noreferrer\"><img loading=\"lazy\" decoding=\"async\" src=\"https:\/\/apiterapidernegi.org\/wp-content\/uploads\/2021\/03\/mellifera-cover-journal-of-beekeeping.jpg\" width=\"200\" height=\"300\" alt=\"\" class=\"wp-image-9694 aligncenter size-full\" \/><\/a><\/h4>\n<\/td>\n<td width=\"307\"><a href=\"https:\/\/dergipark.org.tr\/en\/pub\/uluaricilik\" target=\"_blank\" rel=\"noopener\"><img loading=\"lazy\" decoding=\"async\" src=\"https:\/\/apiterapidernegi.org\/wp-content\/uploads\/2024\/07\/uludag-bee-journal-cover-uluaricilik-2024-1.jpg\" width=\"200\" height=\"300\" alt=\"\" class=\"wp-image-11248 aligncenter size-full\" \/><\/a><\/td>\n<\/tr>\n<tr>\n<td width=\"307\">\n<ul>\n<li>\n<h6><span style=\"text-decoration: underline;\"><a href=\"https:\/\/dergipark.org.tr\/en\/pub\/mellifera\" target=\"_blank\" rel=\"noopener noreferrer\">Journal of Beekeeping (MELLIFERA)<\/a><\/span><\/h6>\n<\/li>\n<\/ul>\n<\/td>\n<td width=\"307\">\n<ul>\n<li>\n<h6><span style=\"text-decoration: underline;\"><a href=\"https:\/\/dergipark.org.tr\/en\/pub\/uluaricilik\" target=\"_blank\" rel=\"noopener noreferrer\">Uludag Bee Journal (ULUARICILIK)<\/a><\/span><\/h6>\n<\/li>\n<\/ul>\n<\/td>\n<\/tr>\n<tr>\n<td width=\"307\"><a href=\"https:\/\/dergipark.org.tr\/en\/pub\/ijtcmr\" target=\"_blank\" rel=\"noopener\"><img loading=\"lazy\" decoding=\"async\" src=\"https:\/\/apiterapidernegi.org\/wp-content\/uploads\/2024\/07\/international-journal-of-traditional-and-complementary-medicine-research-cover-ijtcmr-new.jpg\" width=\"200\" height=\"300\" alt=\"\" class=\"wp-image-11243 aligncenter size-full\" \/><\/a><\/td>\n<td width=\"307\"><a href=\"https:\/\/dergipark.org.tr\/en\/pub\/gtatder\" target=\"_blank\" rel=\"noopener noreferrer\"><img loading=\"lazy\" decoding=\"async\" src=\"https:\/\/apiterapidernegi.org\/wp-content\/uploads\/2021\/03\/journal-of-traditional-and-complementary-anatolian-medicine-cover-gtatder.jpg\" width=\"200\" height=\"300\" alt=\"\" class=\"wp-image-9709 aligncenter size-full\" \/><\/a><\/td>\n<\/tr>\n<tr>\n<td width=\"307\">\n<ul>\n<li>\n<h6><span style=\"text-decoration: underline;\"><a href=\"https:\/\/dergipark.org.tr\/en\/pub\/ijtcmr\" target=\"_blank\" rel=\"noopener noreferrer\">International Journal of Traditional and Complementary Medicine Research (IJTCMR)<\/a><\/span><\/h6>\n<\/li>\n<\/ul>\n<\/td>\n<td width=\"307\">\n<ul>\n<li>\n<h6><span style=\"text-decoration: underline;\"><a href=\"https:\/\/dergipark.org.tr\/en\/pub\/gtatder\" target=\"_blank\" rel=\"noopener noreferrer\">Journal of Traditional and Complementary Anatolian Medicine (GTATDER)<\/a><\/span><\/h6>\n<p><span style=\"text-decoration: underline;\"><\/span><\/p>\n<\/li>\n<\/ul>\n<\/td>\n<\/tr>\n<\/tbody>\n<\/table>\n<p>&nbsp;<\/p>\n<h6 style=\"text-align: center;\"><strong>Powered by<\/strong><\/h6>\n<p><a href=\"https:\/\/dergipark.org.tr\/en\/\" target=\"_blank\" rel=\"noopener noreferrer\"><img loading=\"lazy\" decoding=\"async\" src=\"https:\/\/apiterapidernegi.org\/wp-content\/uploads\/2020\/03\/dergipark_logo.png\" width=\"300\" height=\"90\" alt=\"\" class=\"wp-image-7292 aligncenter size-full\" \/><\/a><\/p>\n<p>[\/et_pb_text][\/et_pb_column][et_pb_column type=&#8221;1_3&#8243; _builder_version=&#8221;4.16&#8243; custom_padding=&#8221;|||&#8221; global_colors_info=&#8221;{}&#8221; custom_padding__hover=&#8221;|||&#8221;][et_pb_blog posts_number=&#8221;2&#8243; include_categories=&#8221;3&#8243; show_author=&#8221;off&#8221; show_date=&#8221;off&#8221; show_categories=&#8221;off&#8221; show_pagination=&#8221;off&#8221; disabled_on=&#8221;on|on|&#8221; admin_label=&#8221;Blog&#8221; _builder_version=&#8221;4.16&#8243; use_border_color=&#8221;off&#8221; border_color=&#8221;#ffffff&#8221; border_style=&#8221;solid&#8221; use_dropshadow=&#8221;off&#8221; global_colors_info=&#8221;{}&#8221;][\/et_pb_blog][\/et_pb_column][\/et_pb_row][\/et_pb_section]<\/p>\n","protected":false},"excerpt":{"rendered":"<p>\u5b78\u8853\u8ad6\u6587 Journal of Apitherapy and Nature (JAN) Bee Studies [&hellip;]<\/p>\n","protected":false},"author":1,"featured_media":0,"parent":0,"menu_order":0,"comment_status":"closed","ping_status":"closed","template":"","meta":{"_et_pb_use_builder":"on","_et_pb_old_content":"","_et_gb_content_width":"","footnotes":""},"class_list":["post-2016","page","type-page","status-publish","hentry"],"_links":{"self":[{"href":"https:\/\/apiterapidernegi.org\/zh-hans\/wp-json\/wp\/v2\/pages\/2016","targetHints":{"allow":["GET"]}}],"collection":[{"href":"https:\/\/apiterapidernegi.org\/zh-hans\/wp-json\/wp\/v2\/pages"}],"about":[{"href":"https:\/\/apiterapidernegi.org\/zh-hans\/wp-json\/wp\/v2\/types\/page"}],"author":[{"embeddable":true,"href":"https:\/\/apiterapidernegi.org\/zh-hans\/wp-json\/wp\/v2\/users\/1"}],"replies":[{"embeddable":true,"href":"https:\/\/apiterapidernegi.org\/zh-hans\/wp-json\/wp\/v2\/comments?post=2016"}],"version-history":[{"count":10,"href":"https:\/\/apiterapidernegi.org\/zh-hans\/wp-json\/wp\/v2\/pages\/2016\/revisions"}],"predecessor-version":[{"id":11260,"href":"https:\/\/apiterapidernegi.org\/zh-hans\/wp-json\/wp\/v2\/pages\/2016\/revisions\/11260"}],"wp:attachment":[{"href":"https:\/\/apiterapidernegi.org\/zh-hans\/wp-json\/wp\/v2\/media?parent=2016"}],"curies":[{"name":"wp","href":"https:\/\/api.w.org\/{rel}","templated":true}]}}