{"id":2033,"date":"2017-10-08T18:04:18","date_gmt":"2017-10-08T16:04:18","guid":{"rendered":"https:\/\/apiterapidernegi.org\/%e6%88%91%e4%bb%ac%e7%9a%84%e5%88%9b%e5%a7%8b%e4%ba%ba\/"},"modified":"2021-07-05T19:56:15","modified_gmt":"2021-07-05T16:56:15","slug":"%e6%88%91%e4%bb%ac%e7%9a%84%e5%88%9b%e5%a7%8b%e4%ba%ba","status":"publish","type":"page","link":"https:\/\/apiterapidernegi.org\/zh-hans\/%e6%88%91%e4%bb%ac%e7%9a%84%e5%88%9b%e5%a7%8b%e4%ba%ba\/","title":{"rendered":"\u6211\u4eec\u7684\u521b\u59cb\u4eba"},"content":{"rendered":"<p>[et_pb_section fb_built=&#8221;1&#8243; custom_padding_last_edited=&#8221;on|desktop&#8221; admin_label=&#8221;section&#8221; _builder_version=&#8221;3.22.3&#8243; custom_padding_tablet=&#8221;50px|0|50px|0&#8243; custom_padding_phone=&#8221;&#8221; padding_mobile=&#8221;off&#8221;][et_pb_row padding_mobile=&#8221;off&#8221; column_padding_mobile=&#8221;on&#8221; admin_label=&#8221;Sat\u0131r&#8221; _builder_version=&#8221;3.25&#8243; background_size=&#8221;initial&#8221; background_position=&#8221;top_left&#8221; background_repeat=&#8221;repeat&#8221;][et_pb_column type=&#8221;4_4&#8243; _builder_version=&#8221;3.25&#8243; custom_padding=&#8221;|||&#8221; custom_padding__hover=&#8221;|||&#8221;][et_pb_text admin_label=&#8221;Metin&#8221; _builder_version=&#8221;3.27.4&#8243; background_size=&#8221;initial&#8221; background_position=&#8221;top_left&#8221; background_repeat=&#8221;repeat&#8221;]<\/p>\n<h2>\u6211\u4eec\u7684\u521b\u59cb\u4eba<\/h2>\n<p>[\/et_pb_text][et_pb_divider color=&#8221;#c1402e&#8221; divider_weight=&#8221;1px&#8221; disabled_on=&#8221;off&#8221; admin_label=&#8221;B\u00f6l\u00fcc\u00fc&#8221; _builder_version=&#8221;3.2&#8243; hide_on_mobile=&#8221;off&#8221;][\/et_pb_divider][\/et_pb_column][\/et_pb_row][et_pb_row padding_mobile=&#8221;off&#8221; column_padding_mobile=&#8221;on&#8221; admin_label=&#8221;row&#8221; _builder_version=&#8221;3.25&#8243; background_size=&#8221;initial&#8221; background_position=&#8221;top_left&#8221; background_repeat=&#8221;repeat&#8221; column_structure=&#8221;1_3,1_3,1_3&#8243;][et_pb_column type=&#8221;1_3&#8243; _builder_version=&#8221;3.25&#8243; custom_padding=&#8221;|||&#8221; custom_padding__hover=&#8221;|||&#8221;][et_pb_team_member name=&#8221;\u963f\u91cc\u2022\u94c1\u6728\u771f\u2022\u963f\u5854\u4f0a\u5965\u8def\u6559\u6388&#8221; position=&#8221;\u534f\u4f1a\u4f1a\u957f&#8221; image_url=&#8221;https:\/\/apiterapidernegi.org\/wp-content\/uploads\/2016\/05\/timucin_atayoglu.png&#8221; facebook_url=&#8221;https:\/\/www.facebook.com\/apitherapy.turkey&#8221; twitter_url=&#8221;https:\/\/twitter.com\/apitherapy_tr&#8221; google_url=&#8221;https:\/\/www.youtube.com\/c\/ApitherapyTurkey&#8221; linkedin_url=&#8221;https:\/\/www.linkedin.com\/in\/alitimucinatayoglu&#8221; _builder_version=&#8221;3.23.3&#8243; background_size=&#8221;initial&#8221; background_position=&#8221;top_left&#8221; background_repeat=&#8221;repeat&#8221;][\/et_pb_team_member][\/et_pb_column][et_pb_column type=&#8221;1_3&#8243; _builder_version=&#8221;3.25&#8243; custom_padding=&#8221;|||&#8221; custom_padding__hover=&#8221;|||&#8221;][et_pb_team_member name=&#8221;\u5df4\u4f0a\u62c9\u59c6\u2022\u514b\u7136\u6559\u6388&#8221; position=&#8221;Kastamonu\u5927\u5b66&#8221; image_url=&#8221;https:\/\/apiterapidernegi.org\/wp-content\/uploads\/2016\/05\/doc_dr_bayram_kiran.png&#8221; _builder_version=&#8221;3.11&#8243; background_size=&#8221;initial&#8221; background_position=&#8221;top_left&#8221; background_repeat=&#8221;repeat&#8221;][\/et_pb_team_member][\/et_pb_column][et_pb_column type=&#8221;1_3&#8243; _builder_version=&#8221;3.25&#8243; custom_padding=&#8221;|||&#8221; custom_padding__hover=&#8221;|||&#8221;][et_pb_team_member name=&#8221;\u5965\u6cfd\u7ae0\u2022\u8036\u5c14\u5fb7\u6ecb\u6559\u6388&#8221; position=&#8221;Medipol\u5927\u5b66&#8221; image_url=&#8221;https:\/\/apiterapidernegi.org\/wp-content\/uploads\/2016\/05\/doc_dr_ozcan_yildiz.png&#8221; _builder_version=&#8221;3.11&#8243; background_size=&#8221;initial&#8221; background_position=&#8221;top_left&#8221; background_repeat=&#8221;repeat&#8221;][\/et_pb_team_member][\/et_pb_column][\/et_pb_row][et_pb_row padding_mobile=&#8221;off&#8221; column_padding_mobile=&#8221;on&#8221; admin_label=&#8221;Sat\u0131r&#8221; _builder_version=&#8221;3.25&#8243; background_size=&#8221;initial&#8221; background_position=&#8221;top_left&#8221; background_repeat=&#8221;repeat&#8221; column_structure=&#8221;1_3,1_3,1_3&#8243;][et_pb_column type=&#8221;1_3&#8243; _builder_version=&#8221;3.25&#8243; custom_padding=&#8221;|||&#8221; custom_padding__hover=&#8221;|||&#8221;][et_pb_team_member name=&#8221;\u827e\u6ed5\u2022\u53e4\u8010\u513f\u2022\u963f\u5854\u4f0a\u5965\u8def \u533b\u5e08&#8221; image_url=&#8221;https:\/\/apiterapidernegi.org\/wp-content\/uploads\/2018\/02\/dr-ayten-atayoglu.png&#8221; facebook_url=&#8221;https:\/\/www.facebook.com\/apitherapy.turkey&#8221; twitter_url=&#8221;https:\/\/twitter.com\/apitherapy_tr&#8221; google_url=&#8221;https:\/\/www.youtube.com\/c\/ApitherapyTurkey&#8221; _builder_version=&#8221;3.21.1&#8243; background_size=&#8221;initial&#8221; background_position=&#8221;top_left&#8221; background_repeat=&#8221;repeat&#8221;][\/et_pb_team_member][\/et_pb_column][et_pb_column type=&#8221;1_3&#8243; _builder_version=&#8221;3.25&#8243; custom_padding=&#8221;|||&#8221; custom_padding__hover=&#8221;|||&#8221;][et_pb_team_member name=&#8221;\u53e4\u52d2\u5c14\u2022\u7279\u5c14\u514b\u65af \u533b\u5e08&#8221; image_url=&#8221;https:\/\/apiterapidernegi.org\/wp-content\/uploads\/2016\/10\/dr_guler_ates.png&#8221; _builder_version=&#8221;3.0.82&#8243; background_size=&#8221;initial&#8221; background_position=&#8221;top_left&#8221; background_repeat=&#8221;repeat&#8221;][\/et_pb_team_member][\/et_pb_column][et_pb_column type=&#8221;1_3&#8243; _builder_version=&#8221;3.25&#8243; custom_padding=&#8221;|||&#8221; custom_padding__hover=&#8221;|||&#8221;][et_pb_team_member name=&#8221;\u7a46\u7f55\u9ed8\u5fb7\u2022\u5965\u6cfd\u4f26 \u533b\u5e08&#8221; image_url=&#8221;https:\/\/apiterapidernegi.org\/wp-content\/uploads\/2018\/01\/dr_mehmet_ozeren.png&#8221; _builder_version=&#8221;3.0.102&#8243; body_font=&#8221;||||||||&#8221; background_size=&#8221;initial&#8221; background_position=&#8221;top_left&#8221; background_repeat=&#8221;repeat&#8221; custom_margin=&#8221;|||&#8221;][\/et_pb_team_member][\/et_pb_column][\/et_pb_row][\/et_pb_section]<\/p>\n","protected":false},"excerpt":{"rendered":"<p>\u6211\u4eec\u7684\u521b\u59cb\u4eba<\/p>\n","protected":false},"author":1,"featured_media":0,"parent":0,"menu_order":0,"comment_status":"closed","ping_status":"closed","template":"","meta":{"_et_pb_use_builder":"on","_et_pb_old_content":"","_et_gb_content_width":"","footnotes":""},"class_list":["post-2033","page","type-page","status-publish","hentry"],"_links":{"self":[{"href":"https:\/\/apiterapidernegi.org\/zh-hans\/wp-json\/wp\/v2\/pages\/2033","targetHints":{"allow":["GET"]}}],"collection":[{"href":"https:\/\/apiterapidernegi.org\/zh-hans\/wp-json\/wp\/v2\/pages"}],"about":[{"href":"https:\/\/apiterapidernegi.org\/zh-hans\/wp-json\/wp\/v2\/types\/page"}],"author":[{"embeddable":true,"href":"https:\/\/apiterapidernegi.org\/zh-hans\/wp-json\/wp\/v2\/users\/1"}],"replies":[{"embeddable":true,"href":"https:\/\/apiterapidernegi.org\/zh-hans\/wp-json\/wp\/v2\/comments?post=2033"}],"version-history":[{"count":28,"href":"https:\/\/apiterapidernegi.org\/zh-hans\/wp-json\/wp\/v2\/pages\/2033\/revisions"}],"predecessor-version":[{"id":10380,"href":"https:\/\/apiterapidernegi.org\/zh-hans\/wp-json\/wp\/v2\/pages\/2033\/revisions\/10380"}],"wp:attachment":[{"href":"https:\/\/apiterapidernegi.org\/zh-hans\/wp-json\/wp\/v2\/media?parent=2033"}],"curies":[{"name":"wp","href":"https:\/\/api.w.org\/{rel}","templated":true}]}}