{"id":2046,"date":"2017-10-08T18:07:19","date_gmt":"2017-10-08T16:07:19","guid":{"rendered":"https:\/\/apiterapidernegi.org\/%e6%88%91%e4%bb%ac%e7%9a%84%e4%bd%bf%e5%91%bd%e5%92%8c%e6%84%bf%e6%99%af\/"},"modified":"2018-04-29T21:59:42","modified_gmt":"2018-04-29T19:59:42","slug":"%e6%88%91%e4%bb%ac%e7%9a%84%e4%bd%bf%e5%91%bd%e5%92%8c%e6%84%bf%e6%99%af","status":"publish","type":"page","link":"https:\/\/apiterapidernegi.org\/zh-hans\/%e6%88%91%e4%bb%ac%e7%9a%84%e4%bd%bf%e5%91%bd%e5%92%8c%e6%84%bf%e6%99%af\/","title":{"rendered":"\u6211\u4eec\u7684\u4f7f\u547d\u548c\u613f\u666f"},"content":{"rendered":"<p>[et_pb_section fb_built=&#8221;1&#8243; admin_label=&#8221;section&#8221; _builder_version=&#8221;3.0.47&#8243;][et_pb_row admin_label=&#8221;Sat\u0131r&#8221; _builder_version=&#8221;3.0.47&#8243; background_size=&#8221;initial&#8221; background_position=&#8221;top_left&#8221; background_repeat=&#8221;repeat&#8221;][et_pb_column type=&#8221;4_4&#8243; _builder_version=&#8221;3.0.47&#8243; parallax=&#8221;off&#8221; parallax_method=&#8221;on&#8221;][et_pb_text admin_label=&#8221;Metin&#8221; _builder_version=&#8221;3.0.47&#8243; background_size=&#8221;initial&#8221; background_position=&#8221;top_left&#8221; background_repeat=&#8221;repeat&#8221;]<\/p>\n<h2>\u6211\u4eec\u7684\u4f7f\u547d\u548c\u613f\u666f<\/h2>\n<p>[\/et_pb_text][et_pb_divider color=&#8221;#c1402e&#8221; show_divider=&#8221;on&#8221; admin_label=&#8221;B\u00f6l\u00fcc\u00fc&#8221; _builder_version=&#8221;3.0.47&#8243; hide_on_mobile=&#8221;off&#8221;][\/et_pb_divider][\/et_pb_column][\/et_pb_row][et_pb_row admin_label=&#8221;row&#8221; _builder_version=&#8221;3.1.1&#8243; background_size=&#8221;initial&#8221;][et_pb_column type=&#8221;2_3&#8243; _builder_version=&#8221;3.0.47&#8243; parallax=&#8221;off&#8221; parallax_method=&#8221;on&#8221;][et_pb_text admin_label=&#8221;Metin&#8221; _builder_version=&#8221;3.0.82&#8243; background_size=&#8221;initial&#8221; background_position=&#8221;top_left&#8221; background_repeat=&#8221;repeat&#8221; custom_margin=&#8221;||40px|&#8221;]<\/p>\n<h3><img loading=\"lazy\" decoding=\"async\" class=\"wp-image-265 alignleft\" src=\"https:\/\/apiterapidernegi.org\/wp-content\/uploads\/2016\/05\/mission_1-300x258.png\" alt=\"mission_1\" width=\"175\" height=\"150\" srcset=\"https:\/\/apiterapidernegi.org\/wp-content\/uploads\/2016\/05\/mission_1-300x258.png 300w, https:\/\/apiterapidernegi.org\/wp-content\/uploads\/2016\/05\/mission_1.png 320w\" sizes=\"(max-width: 175px) 100vw, 175px\" \/>\u6211\u4eec\u7684\u4efb\u52a1<\/h3>\n<p style=\"text-align: justify;\">\u534f\u4f1a\u81f4\u529b\u4e8e\u9a8c\u8bc1\u8702\u7597\u7684\u79d1\u5b66\u6027\uff0c\u540c\u65f6\u901a\u8fc7\u4e0e\u6d77\u5185\u5916\u76f8\u5173\u4eba\u58eb\u53ca\u7ec4\u7ec7\u7684\u5408\u4f5c\uff0c\u5728\u571f\u8033\u5176\u5efa\u7acb\u57fa\u4e8e\u201c\u5faa\u8bc1\u201d\u6982\u5ff5\u7684\u8702\u7597\u89c2\u5ff5\u4e0e\u6587\u5316\u3002<\/p>\n<p style=\"text-align: justify;\">\n<p style=\"text-align: justify;\">\n<p style=\"text-align: justify;\">\n<p style=\"text-align: justify;\">\n<p style=\"text-align: justify;\">\n<p>[\/et_pb_text][et_pb_divider color=&#8221;#c1402e&#8221; show_divider=&#8221;on&#8221; admin_label=&#8221;B\u00f6l\u00fcc\u00fc&#8221; _builder_version=&#8221;3.0.47&#8243; hide_on_mobile=&#8221;off&#8221;][\/et_pb_divider][et_pb_text admin_label=&#8221;Metin&#8221; _builder_version=&#8221;3.0.82&#8243; background_size=&#8221;initial&#8221; background_position=&#8221;top_left&#8221; background_repeat=&#8221;repeat&#8221; custom_margin=&#8221;60px|||&#8221;]<\/p>\n<h3><img loading=\"lazy\" decoding=\"async\" class=\"wp-image-268 alignleft\" src=\"https:\/\/apiterapidernegi.org\/wp-content\/uploads\/2016\/05\/vision_1-300x258.png\" alt=\"vision_1\" width=\"175\" height=\"150\" srcset=\"https:\/\/apiterapidernegi.org\/wp-content\/uploads\/2016\/05\/vision_1-300x258.png 300w, https:\/\/apiterapidernegi.org\/wp-content\/uploads\/2016\/05\/vision_1.png 320w\" sizes=\"(max-width: 175px) 100vw, 175px\" \/>\u6211\u4eec\u7684\u613f\u666f<\/h3>\n<p style=\"text-align: justify;\">\u6211\u4eec\u7684\u76ee\u6807\u662f\u6210\u4e3a\u4e00\u4e2a\u5728\u4e0d\u635f\u5bb3\u666e\u904d\u548c\u533b\u5b66\u4f26\u7406\u4ef7\u503c\u89c2\u7684\u5b66\u672f\u4ef7\u503c\u89c2\u57fa\u7840\u4e0a\uff0c\u53d1\u5c55\u5faa\u8bc1\u7814\u7a76\uff0c\u4ece\u800c\u63d0\u4f9b\u4e16\u754c\u6807\u51c6\u670d\u52a1\u7684\u53c2\u8003\u5b66\u9662\u3002<\/p>\n<p>[\/et_pb_text][\/et_pb_column][et_pb_column type=&#8221;1_3&#8243; _builder_version=&#8221;3.0.47&#8243; parallax=&#8221;off&#8221; parallax_method=&#8221;on&#8221;][et_pb_blog posts_number=&#8221;1&#8243; include_categories=&#8221;3&#8243; show_author=&#8221;off&#8221; show_date=&#8221;off&#8221; show_categories=&#8221;off&#8221; show_pagination=&#8221;off&#8221; disabled_on=&#8221;on|on|&#8221; admin_label=&#8221;Blog&#8221; _builder_version=&#8221;3.0.47&#8243;][\/et_pb_blog][\/et_pb_column][\/et_pb_row][\/et_pb_section]<\/p>\n","protected":false},"excerpt":{"rendered":"<p>\u6211\u4eec\u7684\u4f7f\u547d\u548c\u613f\u666f \u6211\u4eec\u7684\u4efb\u52a1 \u534f\u4f1a\u81f4\u529b\u4e8e\u9a8c\u8bc1\u8702\u7597\u7684\u79d1\u5b66\u6027\uff0c\u540c\u65f6\u901a\u8fc7\u4e0e\u6d77\u5185\u5916\u76f8\u5173\u4eba\u58eb\u53ca\u7ec4\u7ec7\u7684\u5408\u4f5c\uff0c\u5728\u571f\u8033\u5176\u5efa\u7acb\u57fa [&hellip;]<\/p>\n","protected":false},"author":1,"featured_media":0,"parent":0,"menu_order":0,"comment_status":"closed","ping_status":"closed","template":"","meta":{"_et_pb_use_builder":"on","_et_pb_old_content":"","_et_gb_content_width":"","footnotes":""},"class_list":["post-2046","page","type-page","status-publish","hentry"],"_links":{"self":[{"href":"https:\/\/apiterapidernegi.org\/zh-hans\/wp-json\/wp\/v2\/pages\/2046","targetHints":{"allow":["GET"]}}],"collection":[{"href":"https:\/\/apiterapidernegi.org\/zh-hans\/wp-json\/wp\/v2\/pages"}],"about":[{"href":"https:\/\/apiterapidernegi.org\/zh-hans\/wp-json\/wp\/v2\/types\/page"}],"author":[{"embeddable":true,"href":"https:\/\/apiterapidernegi.org\/zh-hans\/wp-json\/wp\/v2\/users\/1"}],"replies":[{"embeddable":true,"href":"https:\/\/apiterapidernegi.org\/zh-hans\/wp-json\/wp\/v2\/comments?post=2046"}],"version-history":[{"count":10,"href":"https:\/\/apiterapidernegi.org\/zh-hans\/wp-json\/wp\/v2\/pages\/2046\/revisions"}],"predecessor-version":[{"id":3715,"href":"https:\/\/apiterapidernegi.org\/zh-hans\/wp-json\/wp\/v2\/pages\/2046\/revisions\/3715"}],"wp:attachment":[{"href":"https:\/\/apiterapidernegi.org\/zh-hans\/wp-json\/wp\/v2\/media?parent=2046"}],"curies":[{"name":"wp","href":"https:\/\/api.w.org\/{rel}","templated":true}]}}