{"id":2050,"date":"2017-10-08T18:08:04","date_gmt":"2017-10-08T16:08:04","guid":{"rendered":"https:\/\/apiterapidernegi.org\/%e9%a1%b9%e7%9b%ae\/"},"modified":"2017-10-17T17:32:44","modified_gmt":"2017-10-17T15:32:44","slug":"%e9%a1%b9%e7%9b%ae","status":"publish","type":"page","link":"https:\/\/apiterapidernegi.org\/zh-hans\/%e9%a1%b9%e7%9b%ae\/","title":{"rendered":"\u9879\u76ee"},"content":{"rendered":"<p>[et_pb_section fb_built=&#8221;1&#8243; admin_label=&#8221;section&#8221; _builder_version=&#8221;3.0.47&#8243;][et_pb_row padding_mobile=&#8221;off&#8221; background_color=&#8221;rgba(224,153,0,0)&#8221; column_padding_mobile=&#8221;on&#8221; parallax_method_1=&#8221;off&#8221; admin_label=&#8221;Sat\u0131r&#8221; _builder_version=&#8221;3.0.47&#8243; background_size=&#8221;initial&#8221; background_position=&#8221;top_left&#8221; background_repeat=&#8221;repeat&#8221; _i=&#8221;0&#8243; _address=&#8221;0.0&#8243;][et_pb_column type=&#8221;4_4&#8243; _builder_version=&#8221;3.0.47&#8243; column_padding_mobile=&#8221;on&#8221; parallax=&#8221;off&#8221; parallax_method=&#8221;off&#8221;][et_pb_text admin_label=&#8221;Metin&#8221; _builder_version=&#8221;3.0.82&#8243; background_size=&#8221;initial&#8221; background_position=&#8221;top_left&#8221; background_repeat=&#8221;repeat&#8221;]<\/p>\n<h2>\u9879\u76ee<\/h2>\n<p>[\/et_pb_text][et_pb_divider color=&#8221;#c1402e&#8221; show_divider=&#8221;on&#8221; divider_style=&#8221;solid&#8221; divider_position=&#8221;top&#8221; admin_label=&#8221;B\u00f6l\u00fcc\u00fc&#8221; _builder_version=&#8221;3.0.47&#8243; hide_on_mobile=&#8221;off&#8221;][\/et_pb_divider][\/et_pb_column][\/et_pb_row][et_pb_row admin_label=&#8221;Sat\u0131r&#8221; _builder_version=&#8221;3.0.47&#8243; background_size=&#8221;initial&#8221; background_position=&#8221;top_left&#8221; background_repeat=&#8221;repeat&#8221; _i=&#8221;1&#8243; _address=&#8221;0.1&#8243;][et_pb_column type=&#8221;2_3&#8243; _builder_version=&#8221;3.0.47&#8243; parallax=&#8221;off&#8221; parallax_method=&#8221;on&#8221;][et_pb_blog posts_number=&#8221;10&#8243; include_categories=&#8221;13&#8243; show_author=&#8221;off&#8221; show_comments=&#8221;on&#8221; offset_number=&#8221;0&#8243; _builder_version=&#8221;3.0.76&#8243; pagination_font_size_tablet=&#8221;51&#8243; pagination_line_height_tablet=&#8221;2&#8243;][\/et_pb_blog][\/et_pb_column][et_pb_column type=&#8221;1_3&#8243; _builder_version=&#8221;3.0.47&#8243; parallax=&#8221;off&#8221; parallax_method=&#8221;on&#8221;][et_pb_blog posts_number=&#8221;1&#8243; include_categories=&#8221;4&#8243; show_author=&#8221;off&#8221; show_date=&#8221;off&#8221; show_categories=&#8221;off&#8221; show_pagination=&#8221;off&#8221; offset_number=&#8221;0&#8243; disabled_on=&#8221;on|on|&#8221; _builder_version=&#8221;3.0.47&#8243;][\/et_pb_blog][\/et_pb_column][\/et_pb_row][\/et_pb_section]<\/p>\n","protected":false},"excerpt":{"rendered":"<p>\u9879\u76ee<\/p>\n","protected":false},"author":1,"featured_media":0,"parent":0,"menu_order":0,"comment_status":"closed","ping_status":"closed","template":"","meta":{"_et_pb_use_builder":"on","_et_pb_old_content":"","_et_gb_content_width":"","footnotes":""},"class_list":["post-2050","page","type-page","status-publish","hentry"],"_links":{"self":[{"href":"https:\/\/apiterapidernegi.org\/zh-hans\/wp-json\/wp\/v2\/pages\/2050","targetHints":{"allow":["GET"]}}],"collection":[{"href":"https:\/\/apiterapidernegi.org\/zh-hans\/wp-json\/wp\/v2\/pages"}],"about":[{"href":"https:\/\/apiterapidernegi.org\/zh-hans\/wp-json\/wp\/v2\/types\/page"}],"author":[{"embeddable":true,"href":"https:\/\/apiterapidernegi.org\/zh-hans\/wp-json\/wp\/v2\/users\/1"}],"replies":[{"embeddable":true,"href":"https:\/\/apiterapidernegi.org\/zh-hans\/wp-json\/wp\/v2\/comments?post=2050"}],"version-history":[{"count":2,"href":"https:\/\/apiterapidernegi.org\/zh-hans\/wp-json\/wp\/v2\/pages\/2050\/revisions"}],"predecessor-version":[{"id":2249,"href":"https:\/\/apiterapidernegi.org\/zh-hans\/wp-json\/wp\/v2\/pages\/2050\/revisions\/2249"}],"wp:attachment":[{"href":"https:\/\/apiterapidernegi.org\/zh-hans\/wp-json\/wp\/v2\/media?parent=2050"}],"curies":[{"name":"wp","href":"https:\/\/api.w.org\/{rel}","templated":true}]}}